{"id":1357,"date":"2021-10-02T18:47:24","date_gmt":"2021-10-02T21:47:24","guid":{"rendered":"http:\/\/www.libertocitybell.com\/?product=cancion-negrawislawa-szymborska"},"modified":"2023-02-09T16:18:29","modified_gmt":"2023-02-09T19:18:29","slug":"cancion-negrawislawa-szymborska","status":"publish","type":"product","link":"https:\/\/www.libertocitybell.com\/?product=cancion-negrawislawa-szymborska","title":{"rendered":"CANCI\u00d3N NEGRA\nWislawa Szymborska"},"content":{"rendered":"<p><span class=\"texto\"><strong style=\"font-weight: bold\"><em>Canci\u00f3n negra<\/em><\/strong><\/span><span class=\"texto\"><span class=\"Apple-converted-space\">&nbsp;<\/span><\/span><span class=\"texto\">es el \u00fanico poemario de<\/span><span class=\"texto\"><span class=\"Apple-converted-space\">&nbsp;<\/span><\/span><span class=\"texto\"><a href=\"https:\/\/www.nordicalibros.com\/product-category\/autor\/wislawa-szymborska\/\" style=\"background-color: transparent;text-decoration: none\">Wis\u0142awa Szymborska<\/a><\/span><span class=\"texto\"><span class=\"Apple-converted-space\">&nbsp;<\/span><\/span><span class=\"texto\">que quedaba por publicar en castellano. Hay libros que de alguna manera humanizan a sus autores, que dejan de presentarlos bajo una \u00fanica luz plana.<\/span><span class=\"texto\"><span class=\"Apple-converted-space\">&nbsp;<\/span><\/span><span class=\"texto\"><em>Canci\u00f3n negra<\/em><\/span><span class=\"texto\">, en el caso de Wis\u0142awa Szymborska, quiz\u00e1 sea uno de esos libros. No publicado en vida de la premio Nobel de Literatura polaca \u2014aunque s\u00ed varios de sus poemas, aparecidos en diferentes revistas o antolog\u00edas\u2014, naci\u00f3 como regalo en 1970 de su exmarido, el poeta Adam W\u0142odek, con el que siempre mantuvo amistad.<\/p>\n<p>La obra, publicada en 2014 en Polonia, recoge poemas escritos entre 1944 y 1948 que ofrecen una imagen de la poeta polaca muy diferente de la que tiene el lector espa\u00f1ol, si bien ya se entrev\u00e9n aqu\u00ed y all\u00e1 algunos de los grandes rasgos de la autora. Una obra fruto de una \u00e9poca, y fundamental para entender la evoluci\u00f3n de una poeta imprescindible.<\/span><\/p>\n<div>&nbsp;<\/div>\n","protected":false},"excerpt":{"rendered":"<p>Canci\u00f3n negra&nbsp;es el \u00fanico poemario de&nbsp;Wis\u0142awa Szymborska&nbsp;que quedaba por publicar en castellano. Hay libros que de alguna manera humanizan a sus autores, que dejan de presentarlos bajo una \u00fanica luz plana.&nbsp;Canci\u00f3n negra, en el caso de Wis\u0142awa Szymborska, quiz\u00e1 sea uno de esos libros. No publicado en vida de la premio Nobel de Literatura polaca&hellip;&nbsp;<a href=\"https:\/\/www.libertocitybell.com\/?product=cancion-negrawislawa-szymborska\" class=\"\" rel=\"bookmark\">Leer m\u00e1s &raquo;<span class=\"screen-reader-text\">CANCI\u00d3N NEGRA<br \/>\nWislawa Szymborska<\/span><\/a><\/p>\n","protected":false},"featured_media":1358,"comment_status":"open","ping_status":"closed","template":"","meta":{"_coblocks_attr":"","_coblocks_dimensions":"","_coblocks_responsive_height":"","_coblocks_accordion_ie_support":"","neve_meta_sidebar":"","neve_meta_container":"","neve_meta_enable_content_width":"","neve_meta_content_width":0,"neve_meta_title_alignment":"","neve_meta_author_avatar":"","neve_post_elements_order":"","neve_meta_disable_header":"","neve_meta_disable_footer":"","neve_meta_disable_title":"","spay_email":"","jetpack_publicize_message":"","jetpack_is_tweetstorm":false,"jetpack_publicize_feature_enabled":true},"product_cat":[42],"product_tag":[],"class_list":{"0":"post-1357","1":"product","2":"type-product","3":"status-publish","4":"has-post-thumbnail","6":"product_cat-poesia","8":"first","9":"outofstock","10":"taxable","11":"shipping-taxable","12":"purchasable","13":"product-type-simple"},"jetpack_publicize_connections":[],"_links":{"self":[{"href":"https:\/\/www.libertocitybell.com\/index.php?rest_route=\/wp\/v2\/product\/1357","targetHints":{"allow":["GET"]}}],"collection":[{"href":"https:\/\/www.libertocitybell.com\/index.php?rest_route=\/wp\/v2\/product"}],"about":[{"href":"https:\/\/www.libertocitybell.com\/index.php?rest_route=\/wp\/v2\/types\/product"}],"replies":[{"embeddable":true,"href":"https:\/\/www.libertocitybell.com\/index.php?rest_route=%2Fwp%2Fv2%2Fcomments&post=1357"}],"wp:featuredmedia":[{"embeddable":true,"href":"https:\/\/www.libertocitybell.com\/index.php?rest_route=\/wp\/v2\/media\/1358"}],"wp:attachment":[{"href":"https:\/\/www.libertocitybell.com\/index.php?rest_route=%2Fwp%2Fv2%2Fmedia&parent=1357"}],"wp:term":[{"taxonomy":"product_cat","embeddable":true,"href":"https:\/\/www.libertocitybell.com\/index.php?rest_route=%2Fwp%2Fv2%2Fproduct_cat&post=1357"},{"taxonomy":"product_tag","embeddable":true,"href":"https:\/\/www.libertocitybell.com\/index.php?rest_route=%2Fwp%2Fv2%2Fproduct_tag&post=1357"}],"curies":[{"name":"wp","href":"https:\/\/api.w.org\/{rel}","templated":true}]}}