{"id":1356,"date":"2021-10-02T18:39:03","date_gmt":"2021-10-02T21:39:03","guid":{"rendered":"http:\/\/www.libertocitybell.com\/?product=de-natura-florum-clarice-lispectordibujos-elena-odriozola"},"modified":"2023-02-09T16:23:44","modified_gmt":"2023-02-09T19:23:44","slug":"de-natura-florum-clarice-lispectordibujos-elena-odriozola","status":"publish","type":"product","link":"https:\/\/www.libertocitybell.com\/?product=de-natura-florum-clarice-lispectordibujos-elena-odriozola","title":{"rendered":"DE NATURA FLORUM.\nClarice Lispector\nDibujos: Elena Odriozola"},"content":{"rendered":"<p><span style=\"font-family: Arial, Helvetica, sans-serif;font-size: 13px;font-style: normal;font-weight: normal;letter-spacing: normal;text-align: left;text-indent: 0px;text-transform: none;text-decoration: none;float: none\">De Natura Florum se public\u00f3 el 3 de abril de 1971 en el peri\u00f3dico Jornal do Brasil, de R\u00edo de Janeiro, y en 1984 integr\u00f3 el volumen A Descoberta do Mundo. El texto, a la manera de un herbario en prosa, se estructura a partir de veinticuatro entradas; las primeras cinco son definiciones bot\u00e1nicas generales, las restantes diecinueve son descripciones de flores, con una po\u00e9tica particular. En 2020 se celebra el centenario del nacimiento de Clarice Lispector. Con motivo de esta efem\u00e9ride, Elena Odriozola, premio Nacional de Ilustraci\u00f3n, y Alejandro G. Schnetzer han preparado un proyecto internacional que es un libro imprescindible.<\/span><\/p>\n","protected":false},"excerpt":{"rendered":"<p>De Natura Florum se public\u00f3 el 3 de abril de 1971 en el peri\u00f3dico Jornal do Brasil, de R\u00edo de Janeiro, y en 1984 integr\u00f3 el volumen A Descoberta do Mundo. El texto, a la manera de un herbario en prosa, se estructura a partir de veinticuatro entradas; las primeras cinco son definiciones bot\u00e1nicas generales,&hellip;&nbsp;<a href=\"https:\/\/www.libertocitybell.com\/?product=de-natura-florum-clarice-lispectordibujos-elena-odriozola\" class=\"\" rel=\"bookmark\">Leer m\u00e1s &raquo;<span class=\"screen-reader-text\">DE NATURA FLORUM.<br \/>\nClarice Lispector<br \/>\nDibujos: Elena Odriozola<\/span><\/a><\/p>\n","protected":false},"featured_media":1355,"comment_status":"open","ping_status":"closed","template":"","meta":{"_coblocks_attr":"","_coblocks_dimensions":"","_coblocks_responsive_height":"","_coblocks_accordion_ie_support":"","neve_meta_sidebar":"","neve_meta_container":"","neve_meta_enable_content_width":"","neve_meta_content_width":0,"neve_meta_title_alignment":"","neve_meta_author_avatar":"","neve_post_elements_order":"","neve_meta_disable_header":"","neve_meta_disable_footer":"","neve_meta_disable_title":"","spay_email":"","jetpack_publicize_message":"","jetpack_is_tweetstorm":false,"jetpack_publicize_feature_enabled":true},"product_cat":[20],"product_tag":[],"class_list":{"0":"post-1356","1":"product","2":"type-product","3":"status-publish","4":"has-post-thumbnail","6":"product_cat-narrativa-internacional","8":"first","9":"outofstock","10":"featured","11":"taxable","12":"shipping-taxable","13":"purchasable","14":"product-type-simple"},"jetpack_publicize_connections":[],"_links":{"self":[{"href":"https:\/\/www.libertocitybell.com\/index.php?rest_route=\/wp\/v2\/product\/1356","targetHints":{"allow":["GET"]}}],"collection":[{"href":"https:\/\/www.libertocitybell.com\/index.php?rest_route=\/wp\/v2\/product"}],"about":[{"href":"https:\/\/www.libertocitybell.com\/index.php?rest_route=\/wp\/v2\/types\/product"}],"replies":[{"embeddable":true,"href":"https:\/\/www.libertocitybell.com\/index.php?rest_route=%2Fwp%2Fv2%2Fcomments&post=1356"}],"wp:featuredmedia":[{"embeddable":true,"href":"https:\/\/www.libertocitybell.com\/index.php?rest_route=\/wp\/v2\/media\/1355"}],"wp:attachment":[{"href":"https:\/\/www.libertocitybell.com\/index.php?rest_route=%2Fwp%2Fv2%2Fmedia&parent=1356"}],"wp:term":[{"taxonomy":"product_cat","embeddable":true,"href":"https:\/\/www.libertocitybell.com\/index.php?rest_route=%2Fwp%2Fv2%2Fproduct_cat&post=1356"},{"taxonomy":"product_tag","embeddable":true,"href":"https:\/\/www.libertocitybell.com\/index.php?rest_route=%2Fwp%2Fv2%2Fproduct_tag&post=1356"}],"curies":[{"name":"wp","href":"https:\/\/api.w.org\/{rel}","templated":true}]}}