{"id":1344,"date":"2021-08-31T17:46:32","date_gmt":"2021-08-31T20:46:32","guid":{"rendered":"https:\/\/www.libertocitybell.com\/?product=en-las-nubes-ian-mcewan"},"modified":"2023-02-09T20:08:20","modified_gmt":"2023-02-09T23:08:20","slug":"en-las-nubes-ian-mcewan","status":"publish","type":"product","link":"https:\/\/www.libertocitybell.com\/?product=en-las-nubes-ian-mcewan","title":{"rendered":"En las nubes &#8211; Ian McEwan"},"content":{"rendered":"<p>En estos siete episodios exquisitos, Peter Fortune, un hombre adulto, nos revela el secreto de las metamorfosis y las aventuras de su infancia: Ian McEwan nos brinda una encantadora obra de ficci\u00f3n que se dirige por igual a ni\u00f1os, j\u00f3venes y adultos. Peter es un ni\u00f1o de diez a\u00f1os a quien los adultos consideran problem\u00e1tico s\u00f3lo porque vive inmerso en sus fantas\u00edas. Entre la ficci\u00f3n y la realidad, Peter experimenta fant\u00e1sticas transformaciones y nos traslada a fascinantes universos: intercambia el cuerpo del gato de la familia por el de un ni\u00f1o malhumorado, lucha contra una mu\u00f1eca diab\u00f3lica que busca venganza y descubre en un caj\u00f3n una especie de crema facial que hace desaparecer a la gente. Y en la \u00faltima historia se despierta como un ni\u00f1o encerrado en el cuerpo de un adulto, y se embarca en la aventura de enamorarse. Conmovedora, irreal y extraordinaria, esta novela es una celebraci\u00f3n de la imaginaci\u00f3n y la fantas\u00eda.<\/p>\n","protected":false},"excerpt":{"rendered":"<p>En estos siete episodios exquisitos, Peter Fortune, un hombre adulto, nos revela el secreto de las metamorfosis y las aventuras de su infancia: Ian McEwan nos brinda una encantadora obra de ficci\u00f3n que se dirige por igual a ni\u00f1os, j\u00f3venes y adultos. Peter es un ni\u00f1o de diez a\u00f1os a quien los adultos consideran problem\u00e1tico&hellip;&nbsp;<a href=\"https:\/\/www.libertocitybell.com\/?product=en-las-nubes-ian-mcewan\" class=\"\" rel=\"bookmark\">Leer m\u00e1s &raquo;<span class=\"screen-reader-text\">En las nubes &#8211; Ian McEwan<\/span><\/a><\/p>\n","protected":false},"featured_media":1343,"comment_status":"open","ping_status":"closed","template":"","meta":{"_coblocks_attr":"","_coblocks_dimensions":"","_coblocks_responsive_height":"","_coblocks_accordion_ie_support":"","neve_meta_sidebar":"","neve_meta_container":"","neve_meta_enable_content_width":"","neve_meta_content_width":0,"neve_meta_title_alignment":"","neve_meta_author_avatar":"","neve_post_elements_order":"","neve_meta_disable_header":"","neve_meta_disable_footer":"","neve_meta_disable_title":"","spay_email":"","jetpack_publicize_message":"","jetpack_is_tweetstorm":false,"jetpack_publicize_feature_enabled":true},"product_cat":[20],"product_tag":[],"class_list":{"0":"post-1344","1":"product","2":"type-product","3":"status-publish","4":"has-post-thumbnail","6":"product_cat-narrativa-internacional","8":"first","9":"outofstock","10":"taxable","11":"shipping-taxable","12":"purchasable","13":"product-type-simple"},"jetpack_publicize_connections":[],"_links":{"self":[{"href":"https:\/\/www.libertocitybell.com\/index.php?rest_route=\/wp\/v2\/product\/1344","targetHints":{"allow":["GET"]}}],"collection":[{"href":"https:\/\/www.libertocitybell.com\/index.php?rest_route=\/wp\/v2\/product"}],"about":[{"href":"https:\/\/www.libertocitybell.com\/index.php?rest_route=\/wp\/v2\/types\/product"}],"replies":[{"embeddable":true,"href":"https:\/\/www.libertocitybell.com\/index.php?rest_route=%2Fwp%2Fv2%2Fcomments&post=1344"}],"wp:featuredmedia":[{"embeddable":true,"href":"https:\/\/www.libertocitybell.com\/index.php?rest_route=\/wp\/v2\/media\/1343"}],"wp:attachment":[{"href":"https:\/\/www.libertocitybell.com\/index.php?rest_route=%2Fwp%2Fv2%2Fmedia&parent=1344"}],"wp:term":[{"taxonomy":"product_cat","embeddable":true,"href":"https:\/\/www.libertocitybell.com\/index.php?rest_route=%2Fwp%2Fv2%2Fproduct_cat&post=1344"},{"taxonomy":"product_tag","embeddable":true,"href":"https:\/\/www.libertocitybell.com\/index.php?rest_route=%2Fwp%2Fv2%2Fproduct_tag&post=1344"}],"curies":[{"name":"wp","href":"https:\/\/api.w.org\/{rel}","templated":true}]}}