{"id":1339,"date":"2021-08-31T17:35:59","date_gmt":"2021-08-31T20:35:59","guid":{"rendered":"http:\/\/www.libertocitybell.com\/?product=las-cosas-que-perdimos-en-el-fuego-mariana-enriquez"},"modified":"2023-02-09T20:29:28","modified_gmt":"2023-02-09T23:29:28","slug":"las-cosas-que-perdimos-en-el-fuego-mariana-enriquez","status":"publish","type":"product","link":"https:\/\/www.libertocitybell.com\/?product=las-cosas-que-perdimos-en-el-fuego-mariana-enriquez","title":{"rendered":"Las cosas que perdimos en el fuego &#8211; Mariana Enriquez"},"content":{"rendered":"<p>El mundo de Mariana Enriquez no tiene por qu\u00e9 ser el nuestro, y, sin embargo, lo termina siendo. Bastan pocas frases para pisarlo, respirarlo y no olvidarlo gracias a una viveza emocional ins\u00f3lita. Con la cotidianidad hecha pesadilla, el lector se despierta abatido, perturbado por historias e im\u00e1genes que jam\u00e1s conseguir\u00e1 sacarse de la cabeza.<\/p>\n<p>Las autodenominadas \u00abmujeres ardientes\u00bb, que protestan contra una forma extrema de violencia dom\u00e9stica que se ha vuelto viral; una estudiante que se arranca las u\u00f1as y las pesta\u00f1as, y otra que intenta ayudarla; los a\u00f1os de apagones dictados por el gobierno durante los cuales se intoxican tres amigas que lo ser\u00e1n hasta que la muerte las separe; el famoso asesino en serie llamado Petiso Orejudo, que s\u00f3lo ten\u00eda nueve a\u00f1os; hikikomori, magia negra, los celos, el desamor, supersticiones rurales, edificios abandonados o encantados&#8230; En estos doce cuentos el lector se ve obligado a olvidarse de s\u00ed mismo para seguir las peripecias e investigaciones de cuerpos que desaparecen o bien reaparecen en el momento menos esperado. Ya sea una trabajadora social, una polic\u00eda o un gu\u00eda tur\u00edstico, los protagonistas luchan por apadrinar a seres socialmente invisibles, indagando as\u00ed en el peso de la culpa, la compasi\u00f3n, la crueldad, las dificultades de la convivencia, y en un terror tan hondo como veros\u00edmil.<\/p>\n","protected":false},"excerpt":{"rendered":"<p>El mundo de Mariana Enriquez no tiene por qu\u00e9 ser el nuestro, y, sin embargo, lo termina siendo. Bastan pocas frases para pisarlo, respirarlo y no olvidarlo gracias a una viveza emocional ins\u00f3lita. Con la cotidianidad hecha pesadilla, el lector se despierta abatido, perturbado por historias e im\u00e1genes que jam\u00e1s conseguir\u00e1 sacarse de la cabeza.&hellip;&nbsp;<a href=\"https:\/\/www.libertocitybell.com\/?product=las-cosas-que-perdimos-en-el-fuego-mariana-enriquez\" class=\"\" rel=\"bookmark\">Leer m\u00e1s &raquo;<span class=\"screen-reader-text\">Las cosas que perdimos en el fuego &#8211; Mariana Enriquez<\/span><\/a><\/p>\n","protected":false},"featured_media":1338,"comment_status":"open","ping_status":"closed","template":"","meta":{"_coblocks_attr":"","_coblocks_dimensions":"","_coblocks_responsive_height":"","_coblocks_accordion_ie_support":"","neve_meta_sidebar":"","neve_meta_container":"","neve_meta_enable_content_width":"","neve_meta_content_width":0,"neve_meta_title_alignment":"","neve_meta_author_avatar":"","neve_post_elements_order":"","neve_meta_disable_header":"","neve_meta_disable_footer":"","neve_meta_disable_title":"","spay_email":"","jetpack_publicize_message":"","jetpack_is_tweetstorm":false,"jetpack_publicize_feature_enabled":true},"product_cat":[21],"product_tag":[],"class_list":{"0":"post-1339","1":"product","2":"type-product","3":"status-publish","4":"has-post-thumbnail","6":"product_cat-narrativa-argentina","8":"first","9":"outofstock","10":"taxable","11":"shipping-taxable","12":"purchasable","13":"product-type-simple"},"jetpack_publicize_connections":[],"_links":{"self":[{"href":"https:\/\/www.libertocitybell.com\/index.php?rest_route=\/wp\/v2\/product\/1339","targetHints":{"allow":["GET"]}}],"collection":[{"href":"https:\/\/www.libertocitybell.com\/index.php?rest_route=\/wp\/v2\/product"}],"about":[{"href":"https:\/\/www.libertocitybell.com\/index.php?rest_route=\/wp\/v2\/types\/product"}],"replies":[{"embeddable":true,"href":"https:\/\/www.libertocitybell.com\/index.php?rest_route=%2Fwp%2Fv2%2Fcomments&post=1339"}],"wp:featuredmedia":[{"embeddable":true,"href":"https:\/\/www.libertocitybell.com\/index.php?rest_route=\/wp\/v2\/media\/1338"}],"wp:attachment":[{"href":"https:\/\/www.libertocitybell.com\/index.php?rest_route=%2Fwp%2Fv2%2Fmedia&parent=1339"}],"wp:term":[{"taxonomy":"product_cat","embeddable":true,"href":"https:\/\/www.libertocitybell.com\/index.php?rest_route=%2Fwp%2Fv2%2Fproduct_cat&post=1339"},{"taxonomy":"product_tag","embeddable":true,"href":"https:\/\/www.libertocitybell.com\/index.php?rest_route=%2Fwp%2Fv2%2Fproduct_tag&post=1339"}],"curies":[{"name":"wp","href":"https:\/\/api.w.org\/{rel}","templated":true}]}}