{"id":1337,"date":"2021-08-29T10:01:16","date_gmt":"2021-08-29T13:01:16","guid":{"rendered":"https:\/\/www.libertocitybell.com\/?product=mis-documentos-alejandro-zambra"},"modified":"2023-02-09T20:35:27","modified_gmt":"2023-02-09T23:35:27","slug":"mis-documentos-alejandro-zambra","status":"publish","type":"product","link":"https:\/\/www.libertocitybell.com\/?product=mis-documentos-alejandro-zambra","title":{"rendered":"Mis documentos &#8211; Alejandro Zambra"},"content":{"rendered":"<p><span style=\"font-family: Arial, Helvetica, sans-serif;font-size: 13px;font-style: normal;font-weight: normal;letter-spacing: normal;text-align: left;text-indent: 0px;text-transform: none;text-decoration: none;float: none\">&#8221;Mi padre era un computador y mi madre una m\u00e1quina de escribir&#8221;, apunta Alejandro Zambra en las primeras p\u00e1ginas de este libro de relatos, que bien puede leerse como una novela, o como once breves novelas archivadas en la carpeta Mis documentos.<\/span><span style=\"font-family: Arial, Helvetica, sans-serif;font-size: 13px;font-style: normal;font-weight: normal;letter-spacing: normal;text-align: left;text-indent: 0px;text-transform: none;text-decoration: none;float: none\"><span class=\"Apple-converted-space\">&nbsp;<\/span><\/span><br \/>\n<span style=\"font-family: Arial, Helvetica, sans-serif;font-size: 13px;font-style: normal;font-weight: normal;letter-spacing: normal;text-align: left;text-indent: 0px;text-transform: none;text-decoration: none;float: none\">A veces parece que hablara un mismo personaje, trasunto del autor, que recuerda sus desventuras como estudiante y como profesor, o que registra su malhumorado intento de superar el tabaquismo (&#8221;Qu\u00e9 cosa m\u00e1s absurda, realmente: querer vivir m\u00e1s. Como si fuera, por ejemplo, feliz&#8221;). Pero la ilusi\u00f3n de una vida propia, fomentada por la famosa carpeta de Windows, se rompe pronto: los documentos de uno son, en el fondo, los documentos de todos, parece decirnos Zambra, en especial si se habita un pa\u00eds que necesita indagar en el pasado.<\/span><span style=\"font-family: Arial, Helvetica, sans-serif;font-size: 13px;font-style: normal;font-weight: normal;letter-spacing: normal;text-align: left;text-indent: 0px;text-transform: none;text-decoration: none;float: none\"><span class=\"Apple-converted-space\">&nbsp;<\/span><\/span><\/p>\n<p><span style=\"font-family: Arial, Helvetica, sans-serif;font-size: 13px;font-style: normal;font-weight: normal;letter-spacing: normal;text-align: left;text-indent: 0px;text-transform: none;text-decoration: none;float: none\">Con el fino sentido de la iron\u00eda y la precisi\u00f3n que ya le conocemos, con humor y melancol\u00eda, con esp\u00edritu par\u00f3dico, con aliento l\u00edrico y a veces con rabia, Alejandro Zambra traza la anodina existencia de unos hombres que se repliegan en una idea antigua de la masculinidad, o el tr\u00e1nsito de unos seres pendulares que apuestan sus \u00faltimas fichas al amor. La incesante b\u00fasqueda del padre, la obsolescencia de objetos y de sentimientos que parec\u00edan eternos, el desencanto de los j\u00f3venes de la transici\u00f3n (&#8221;La adolescencia era verdadera. La democracia no&#8221;), la impostura como \u00fanica forma de arraigo, y la legitimidad del dolor.<\/span><\/p>\n","protected":false},"excerpt":{"rendered":"<p>&#8221;Mi padre era un computador y mi madre una m\u00e1quina de escribir&#8221;, apunta Alejandro Zambra en las primeras p\u00e1ginas de este libro de relatos, que bien puede leerse como una novela, o como once breves novelas archivadas en la carpeta Mis documentos.&nbsp; A veces parece que hablara un mismo personaje, trasunto del autor, que recuerda&hellip;&nbsp;<a href=\"https:\/\/www.libertocitybell.com\/?product=mis-documentos-alejandro-zambra\" class=\"\" rel=\"bookmark\">Leer m\u00e1s &raquo;<span class=\"screen-reader-text\">Mis documentos &#8211; Alejandro Zambra<\/span><\/a><\/p>\n","protected":false},"featured_media":1336,"comment_status":"open","ping_status":"closed","template":"","meta":{"_coblocks_attr":"","_coblocks_dimensions":"","_coblocks_responsive_height":"","_coblocks_accordion_ie_support":"","neve_meta_sidebar":"","neve_meta_container":"","neve_meta_enable_content_width":"","neve_meta_content_width":0,"neve_meta_title_alignment":"","neve_meta_author_avatar":"","neve_post_elements_order":"","neve_meta_disable_header":"","neve_meta_disable_footer":"","neve_meta_disable_title":"","spay_email":"","jetpack_publicize_message":"","jetpack_is_tweetstorm":false,"jetpack_publicize_feature_enabled":true},"product_cat":[20],"product_tag":[],"class_list":{"0":"post-1337","1":"product","2":"type-product","3":"status-publish","4":"has-post-thumbnail","6":"product_cat-narrativa-internacional","8":"first","9":"outofstock","10":"taxable","11":"shipping-taxable","12":"purchasable","13":"product-type-simple"},"jetpack_publicize_connections":[],"_links":{"self":[{"href":"https:\/\/www.libertocitybell.com\/index.php?rest_route=\/wp\/v2\/product\/1337","targetHints":{"allow":["GET"]}}],"collection":[{"href":"https:\/\/www.libertocitybell.com\/index.php?rest_route=\/wp\/v2\/product"}],"about":[{"href":"https:\/\/www.libertocitybell.com\/index.php?rest_route=\/wp\/v2\/types\/product"}],"replies":[{"embeddable":true,"href":"https:\/\/www.libertocitybell.com\/index.php?rest_route=%2Fwp%2Fv2%2Fcomments&post=1337"}],"wp:featuredmedia":[{"embeddable":true,"href":"https:\/\/www.libertocitybell.com\/index.php?rest_route=\/wp\/v2\/media\/1336"}],"wp:attachment":[{"href":"https:\/\/www.libertocitybell.com\/index.php?rest_route=%2Fwp%2Fv2%2Fmedia&parent=1337"}],"wp:term":[{"taxonomy":"product_cat","embeddable":true,"href":"https:\/\/www.libertocitybell.com\/index.php?rest_route=%2Fwp%2Fv2%2Fproduct_cat&post=1337"},{"taxonomy":"product_tag","embeddable":true,"href":"https:\/\/www.libertocitybell.com\/index.php?rest_route=%2Fwp%2Fv2%2Fproduct_tag&post=1337"}],"curies":[{"name":"wp","href":"https:\/\/api.w.org\/{rel}","templated":true}]}}