{"id":1332,"date":"2021-08-28T19:05:24","date_gmt":"2021-08-28T22:05:24","guid":{"rendered":"https:\/\/www.libertocitybell.com\/?product=catedral-raymunda-carver"},"modified":"2023-02-09T16:19:34","modified_gmt":"2023-02-09T19:19:34","slug":"catedral-raymunda-carver","status":"publish","type":"product","link":"https:\/\/www.libertocitybell.com\/?product=catedral-raymunda-carver","title":{"rendered":"Catedral &#8211; Raymunda Carver"},"content":{"rendered":"<p>Se ha afirmado que el relato es la forma narrativa por excelencia en la literatura norteamericana actual y que Raymond Carver es el maestro indiscutible de este registro.<\/p>\n<p>En cada relato de<span class=\"Apple-converted-space\">&nbsp;<\/span><em>Catedral<\/em><span class=\"Apple-converted-space\">&nbsp;<\/span>se revela la presencia latente o la intrusi\u00f3n de &#8220;terrores extraordinarios en una existencia ordinaria\u00bb (Cathleen Medwick).<\/p>\n<p>El propio Carver ha escrito:&nbsp;\u00abPienso que es bueno que en un relato haya un leve aire de amenaza&#8230; Debe haber tensi\u00f3n, una sensaci\u00f3n de que algo es inminente\u00bb. Sus personajes son gente de lo m\u00e1s com\u00fan: trabajadores manuales, empleaduchos, parados, parejas a la deriva&#8230; desamparados, golpeados por la vida, muchos de ellos bebedores, acceden, a pesar suyo, a una suerte de dimensi\u00f3n heroica, tercos testimonios de una realidad implacable. Su estilo es escueto, lac\u00f3nico, opera por sustracci\u00f3n; se ha dicho que Carver inaugura una nueva visi\u00f3n, un nuevo m\u00e9todo, una nueva tonalidad.<\/p>\n","protected":false},"excerpt":{"rendered":"<p>Se ha afirmado que el relato es la forma narrativa por excelencia en la literatura norteamericana actual y que Raymond Carver es el maestro indiscutible de este registro. En cada relato de&nbsp;Catedral&nbsp;se revela la presencia latente o la intrusi\u00f3n de &#8220;terrores extraordinarios en una existencia ordinaria\u00bb (Cathleen Medwick). El propio Carver ha escrito:&nbsp;\u00abPienso que es&hellip;&nbsp;<a href=\"https:\/\/www.libertocitybell.com\/?product=catedral-raymunda-carver\" class=\"\" rel=\"bookmark\">Leer m\u00e1s &raquo;<span class=\"screen-reader-text\">Catedral &#8211; Raymunda Carver<\/span><\/a><\/p>\n","protected":false},"featured_media":1331,"comment_status":"open","ping_status":"closed","template":"","meta":{"_coblocks_attr":"","_coblocks_dimensions":"","_coblocks_responsive_height":"","_coblocks_accordion_ie_support":"","neve_meta_sidebar":"","neve_meta_container":"","neve_meta_enable_content_width":"","neve_meta_content_width":0,"neve_meta_title_alignment":"","neve_meta_author_avatar":"","neve_post_elements_order":"","neve_meta_disable_header":"","neve_meta_disable_footer":"","neve_meta_disable_title":"","spay_email":"","jetpack_publicize_message":"","jetpack_is_tweetstorm":false,"jetpack_publicize_feature_enabled":true},"product_cat":[18,20],"product_tag":[],"class_list":{"0":"post-1332","1":"product","2":"type-product","3":"status-publish","4":"has-post-thumbnail","6":"product_cat-sin-categorizar","7":"product_cat-narrativa-internacional","9":"first","10":"outofstock","11":"taxable","12":"shipping-taxable","13":"purchasable","14":"product-type-simple"},"jetpack_publicize_connections":[],"_links":{"self":[{"href":"https:\/\/www.libertocitybell.com\/index.php?rest_route=\/wp\/v2\/product\/1332","targetHints":{"allow":["GET"]}}],"collection":[{"href":"https:\/\/www.libertocitybell.com\/index.php?rest_route=\/wp\/v2\/product"}],"about":[{"href":"https:\/\/www.libertocitybell.com\/index.php?rest_route=\/wp\/v2\/types\/product"}],"replies":[{"embeddable":true,"href":"https:\/\/www.libertocitybell.com\/index.php?rest_route=%2Fwp%2Fv2%2Fcomments&post=1332"}],"wp:featuredmedia":[{"embeddable":true,"href":"https:\/\/www.libertocitybell.com\/index.php?rest_route=\/wp\/v2\/media\/1331"}],"wp:attachment":[{"href":"https:\/\/www.libertocitybell.com\/index.php?rest_route=%2Fwp%2Fv2%2Fmedia&parent=1332"}],"wp:term":[{"taxonomy":"product_cat","embeddable":true,"href":"https:\/\/www.libertocitybell.com\/index.php?rest_route=%2Fwp%2Fv2%2Fproduct_cat&post=1332"},{"taxonomy":"product_tag","embeddable":true,"href":"https:\/\/www.libertocitybell.com\/index.php?rest_route=%2Fwp%2Fv2%2Fproduct_tag&post=1332"}],"curies":[{"name":"wp","href":"https:\/\/api.w.org\/{rel}","templated":true}]}}