{"id":1326,"date":"2021-08-27T15:37:57","date_gmt":"2021-08-27T18:37:57","guid":{"rendered":"https:\/\/www.libertocitybell.com\/?product=el-jardin-de-vidrio-tatiana-tibuleac"},"modified":"2023-02-09T16:30:21","modified_gmt":"2023-02-09T19:30:21","slug":"el-jardin-de-vidrio-tatiana-tibuleac","status":"publish","type":"product","link":"https:\/\/www.libertocitybell.com\/?product=el-jardin-de-vidrio-tatiana-tibuleac","title":{"rendered":"El jard\u00edn de vidrio &#8211; Tatiana Tibuleac"},"content":{"rendered":"<p>Moldavia en los a\u00f1os m\u00e1s grises del comunismo. La anciana Tamara Pavlovna rescata a la peque\u00f1a Lastotchka de un orfanato. Lo que en principio puede parecer un acto de piedad esconde una realidad terror\u00edfica. Lastotchka ha sido comprada como esclava, para ser explotada durante casi una d\u00e9cada recolectando botellas por la calle. Aprender. a sobrevivir robando y mendigando, rechazando las solicitudes de hombres demasiado insistentes, en un ambiente de violencia y miseria.<\/p>\n<p>Basada en la propia historia familiar de la autora, El jard\u00edn de vidrio es, ante todo, un ejercicio de exorcismo dom\u00e9stico, una carta imaginada por una ni\u00f1a hacia sus padres desconocidos donde el dolor a causa de su abandono, el desamor y la ausencia de ternura y emoci\u00f3n se muestran como heridas que quiz\u00e1s nunca lleguen a cicatrizar del todo. La falta de piedad del mejor Dickens y la escritura caleidosc\u00f3pica de Agota Kristoff hacen de esta segunda novela de Tatiana Tibuleac una tragedia tan cruel y compasiva como reveladora de aquello que nos depara el destino y su belleza.<\/p>\n","protected":false},"excerpt":{"rendered":"<p>Moldavia en los a\u00f1os m\u00e1s grises del comunismo. La anciana Tamara Pavlovna rescata a la peque\u00f1a Lastotchka de un orfanato. Lo que en principio puede parecer un acto de piedad esconde una realidad terror\u00edfica. Lastotchka ha sido comprada como esclava, para ser explotada durante casi una d\u00e9cada recolectando botellas por la calle. Aprender. a sobrevivir&hellip;&nbsp;<a href=\"https:\/\/www.libertocitybell.com\/?product=el-jardin-de-vidrio-tatiana-tibuleac\" class=\"\" rel=\"bookmark\">Leer m\u00e1s &raquo;<span class=\"screen-reader-text\">El jard\u00edn de vidrio &#8211; Tatiana Tibuleac<\/span><\/a><\/p>\n","protected":false},"featured_media":1325,"comment_status":"open","ping_status":"closed","template":"","meta":{"_coblocks_attr":"","_coblocks_dimensions":"","_coblocks_responsive_height":"","_coblocks_accordion_ie_support":"","neve_meta_sidebar":"","neve_meta_container":"","neve_meta_enable_content_width":"","neve_meta_content_width":0,"neve_meta_title_alignment":"","neve_meta_author_avatar":"","neve_post_elements_order":"","neve_meta_disable_header":"","neve_meta_disable_footer":"","neve_meta_disable_title":"","spay_email":"","jetpack_publicize_message":"","jetpack_is_tweetstorm":false,"jetpack_publicize_feature_enabled":true},"product_cat":[20],"product_tag":[],"class_list":{"0":"post-1326","1":"product","2":"type-product","3":"status-publish","4":"has-post-thumbnail","6":"product_cat-narrativa-internacional","8":"first","9":"outofstock","10":"taxable","11":"shipping-taxable","12":"purchasable","13":"product-type-simple"},"jetpack_publicize_connections":[],"_links":{"self":[{"href":"https:\/\/www.libertocitybell.com\/index.php?rest_route=\/wp\/v2\/product\/1326","targetHints":{"allow":["GET"]}}],"collection":[{"href":"https:\/\/www.libertocitybell.com\/index.php?rest_route=\/wp\/v2\/product"}],"about":[{"href":"https:\/\/www.libertocitybell.com\/index.php?rest_route=\/wp\/v2\/types\/product"}],"replies":[{"embeddable":true,"href":"https:\/\/www.libertocitybell.com\/index.php?rest_route=%2Fwp%2Fv2%2Fcomments&post=1326"}],"wp:featuredmedia":[{"embeddable":true,"href":"https:\/\/www.libertocitybell.com\/index.php?rest_route=\/wp\/v2\/media\/1325"}],"wp:attachment":[{"href":"https:\/\/www.libertocitybell.com\/index.php?rest_route=%2Fwp%2Fv2%2Fmedia&parent=1326"}],"wp:term":[{"taxonomy":"product_cat","embeddable":true,"href":"https:\/\/www.libertocitybell.com\/index.php?rest_route=%2Fwp%2Fv2%2Fproduct_cat&post=1326"},{"taxonomy":"product_tag","embeddable":true,"href":"https:\/\/www.libertocitybell.com\/index.php?rest_route=%2Fwp%2Fv2%2Fproduct_tag&post=1326"}],"curies":[{"name":"wp","href":"https:\/\/api.w.org\/{rel}","templated":true}]}}