{"id":1321,"date":"2021-08-04T10:50:28","date_gmt":"2021-08-04T13:50:28","guid":{"rendered":"https:\/\/www.libertocitybell.com\/?product=mientras-agonizo-william-faulkner"},"modified":"2023-02-09T20:35:09","modified_gmt":"2023-02-09T23:35:09","slug":"mientras-agonizo-william-faulkner","status":"publish","type":"product","link":"https:\/\/www.libertocitybell.com\/?product=mientras-agonizo-william-faulkner","title":{"rendered":"Mientras agonizo. William Faulkner"},"content":{"rendered":"<p><span>Quinta novela de Faulkner,<\/span><span><span class=\"Apple-converted-space\">&nbsp;<\/span><\/span><em>Mientras agonizo<span class=\"Apple-converted-space\">&nbsp;<\/span><\/em><span>es una de sus obras maestras&nbsp;y uno de los libros por los que sent\u00eda m\u00e1s aprecio. Lo escribi\u00f3, seg\u00fan \u00e9l mismo explicaba, en seis fren\u00e9ticas semanas, de madrugada, mientras trabajaba como bombero y vigilante nocturno de la central el\u00e9ctrica de la Universidad de Mississippi. Relata la peripecia de una familia de blancos pobres, los Bundren, que recorren los parajes rurales del Sur con el cad\u00e1ver de la esposa y madre en un ata\u00fad para enterrarla en una parcela de su propiedad. Esta aventura tragic\u00f3mica, en la que se entremezcla un humor de tintes \u00e1cidos con la m\u00e1s arrolladora desolaci\u00f3n, est\u00e1 narrada mediante una sucesi\u00f3n de mon\u00f3logos interiores de los diversos personajes: el patriarca familiar, los hijos y la propia muerta, que habla al lector desde&nbsp;\u00abel otro lado\u00bb, desde el m\u00e1s all\u00e1. Y es en este viaje con ecos grotescos de la<\/span><span><span class=\"Apple-converted-space\">&nbsp;<\/span><\/span><em>Odisea<\/em><span>hom\u00e9rica y de episodios b\u00edblicos, Faulkner introduce los temas y obsesiones que fecundan su literatura: la decadencia del Sur, el viaje inici\u00e1tico, la culpa que atormenta a los personajes, la transgresi\u00f3n y su castigo, el peso opresivo del pasado.<\/span><\/p>\n","protected":false},"excerpt":{"rendered":"<p>Quinta novela de Faulkner,&nbsp;Mientras agonizo&nbsp;es una de sus obras maestras&nbsp;y uno de los libros por los que sent\u00eda m\u00e1s aprecio. Lo escribi\u00f3, seg\u00fan \u00e9l mismo explicaba, en seis fren\u00e9ticas semanas, de madrugada, mientras trabajaba como bombero y vigilante nocturno de la central el\u00e9ctrica de la Universidad de Mississippi. Relata la peripecia de una familia de&hellip;&nbsp;<a href=\"https:\/\/www.libertocitybell.com\/?product=mientras-agonizo-william-faulkner\" class=\"\" rel=\"bookmark\">Leer m\u00e1s &raquo;<span class=\"screen-reader-text\">Mientras agonizo. William Faulkner<\/span><\/a><\/p>\n","protected":false},"featured_media":1320,"comment_status":"open","ping_status":"closed","template":"","meta":{"_coblocks_attr":"","_coblocks_dimensions":"","_coblocks_responsive_height":"","_coblocks_accordion_ie_support":"","neve_meta_sidebar":"","neve_meta_container":"","neve_meta_enable_content_width":"","neve_meta_content_width":0,"neve_meta_title_alignment":"","neve_meta_author_avatar":"","neve_post_elements_order":"","neve_meta_disable_header":"","neve_meta_disable_footer":"","neve_meta_disable_title":"","spay_email":"","jetpack_publicize_message":"","jetpack_is_tweetstorm":false,"jetpack_publicize_feature_enabled":true},"product_cat":[20],"product_tag":[],"class_list":{"0":"post-1321","1":"product","2":"type-product","3":"status-publish","4":"has-post-thumbnail","6":"product_cat-narrativa-internacional","8":"first","9":"outofstock","10":"taxable","11":"shipping-taxable","12":"purchasable","13":"product-type-simple"},"jetpack_publicize_connections":[],"_links":{"self":[{"href":"https:\/\/www.libertocitybell.com\/index.php?rest_route=\/wp\/v2\/product\/1321","targetHints":{"allow":["GET"]}}],"collection":[{"href":"https:\/\/www.libertocitybell.com\/index.php?rest_route=\/wp\/v2\/product"}],"about":[{"href":"https:\/\/www.libertocitybell.com\/index.php?rest_route=\/wp\/v2\/types\/product"}],"replies":[{"embeddable":true,"href":"https:\/\/www.libertocitybell.com\/index.php?rest_route=%2Fwp%2Fv2%2Fcomments&post=1321"}],"wp:featuredmedia":[{"embeddable":true,"href":"https:\/\/www.libertocitybell.com\/index.php?rest_route=\/wp\/v2\/media\/1320"}],"wp:attachment":[{"href":"https:\/\/www.libertocitybell.com\/index.php?rest_route=%2Fwp%2Fv2%2Fmedia&parent=1321"}],"wp:term":[{"taxonomy":"product_cat","embeddable":true,"href":"https:\/\/www.libertocitybell.com\/index.php?rest_route=%2Fwp%2Fv2%2Fproduct_cat&post=1321"},{"taxonomy":"product_tag","embeddable":true,"href":"https:\/\/www.libertocitybell.com\/index.php?rest_route=%2Fwp%2Fv2%2Fproduct_tag&post=1321"}],"curies":[{"name":"wp","href":"https:\/\/api.w.org\/{rel}","templated":true}]}}