{"id":1319,"date":"2021-08-04T10:42:12","date_gmt":"2021-08-04T13:42:12","guid":{"rendered":"https:\/\/www.libertocitybell.com\/?product=oceano-mar-alessandro-baricco"},"modified":"2023-02-09T20:42:06","modified_gmt":"2023-02-09T23:42:06","slug":"oceano-mar-alessandro-baricco","status":"publish","type":"product","link":"https:\/\/www.libertocitybell.com\/?product=oceano-mar-alessandro-baricco","title":{"rendered":"Oc\u00e9ano mar Alessandro Baricco"},"content":{"rendered":"<p>Hace muchos a\u00f1os, en medio de alg\u00fan oc\u00e9ano, una fragata de la marina francesa naufrag\u00f3. Ciento cuarenta y siete hombres intentaron salvarse subiendo a una enorme balsa y confi\u00e1ndose al mar. Un horror que dur\u00f3 d\u00edas y d\u00edas. Un formidable escenario en el que se mostraron la peor de las crueldades y la m\u00e1s dulce de las piedades.<\/p>\n<p>Hace muchos a\u00f1os, a orillas de alg\u00fan oc\u00e9ano, lleg\u00f3 un hombre. Lo hab\u00eda llevado hasta all\u00ed una promesa. La posada donde se par\u00f3 se llamaba Almayer. Siete habitaciones. Extra\u00f1os ni\u00f1os, un pintor, una mujer bell\u00edsima, un profesor con un extra\u00f1o nombre, un hombre misterioso, una muchacha que no quer\u00eda morir, un cura c\u00f3mico. Todos estaban all\u00ed buscando algo, en equilibrio sobre el oc\u00e9ano.<\/p>\n<p>Hace muchos a\u00f1os, estos y otros destinos encontraron el mar y volvieron marcados. Este libro explica el porqu\u00e9, y escuch\u00e1ndoles se oye la voz del mar. Se puede leer como una historia de suspense, como un poema en prosa, un<span class=\"Apple-converted-space\">&nbsp;<\/span><em>conte philosophique,<span class=\"Apple-converted-space\">&nbsp;<\/span><\/em>una novela de aventuras. En cualquier caso, domina la alegr\u00eda furiosa de contar historias a trav\u00e9s de una escritura y una t\u00e9cnica narrativa sin modelos ni antecedentes ni maestros.<\/p>\n","protected":false},"excerpt":{"rendered":"<p>Hace muchos a\u00f1os, en medio de alg\u00fan oc\u00e9ano, una fragata de la marina francesa naufrag\u00f3. Ciento cuarenta y siete hombres intentaron salvarse subiendo a una enorme balsa y confi\u00e1ndose al mar. Un horror que dur\u00f3 d\u00edas y d\u00edas. Un formidable escenario en el que se mostraron la peor de las crueldades y la m\u00e1s dulce&hellip;&nbsp;<a href=\"https:\/\/www.libertocitybell.com\/?product=oceano-mar-alessandro-baricco\" class=\"\" rel=\"bookmark\">Leer m\u00e1s &raquo;<span class=\"screen-reader-text\">Oc\u00e9ano mar Alessandro Baricco<\/span><\/a><\/p>\n","protected":false},"featured_media":1318,"comment_status":"open","ping_status":"closed","template":"","meta":{"_coblocks_attr":"","_coblocks_dimensions":"","_coblocks_responsive_height":"","_coblocks_accordion_ie_support":"","neve_meta_sidebar":"","neve_meta_container":"","neve_meta_enable_content_width":"","neve_meta_content_width":0,"neve_meta_title_alignment":"","neve_meta_author_avatar":"","neve_post_elements_order":"","neve_meta_disable_header":"","neve_meta_disable_footer":"","neve_meta_disable_title":"","spay_email":"","jetpack_publicize_message":"","jetpack_is_tweetstorm":false,"jetpack_publicize_feature_enabled":true},"product_cat":[20],"product_tag":[],"class_list":{"0":"post-1319","1":"product","2":"type-product","3":"status-publish","4":"has-post-thumbnail","6":"product_cat-narrativa-internacional","8":"first","9":"outofstock","10":"taxable","11":"shipping-taxable","12":"purchasable","13":"product-type-simple"},"jetpack_publicize_connections":[],"_links":{"self":[{"href":"https:\/\/www.libertocitybell.com\/index.php?rest_route=\/wp\/v2\/product\/1319","targetHints":{"allow":["GET"]}}],"collection":[{"href":"https:\/\/www.libertocitybell.com\/index.php?rest_route=\/wp\/v2\/product"}],"about":[{"href":"https:\/\/www.libertocitybell.com\/index.php?rest_route=\/wp\/v2\/types\/product"}],"replies":[{"embeddable":true,"href":"https:\/\/www.libertocitybell.com\/index.php?rest_route=%2Fwp%2Fv2%2Fcomments&post=1319"}],"wp:featuredmedia":[{"embeddable":true,"href":"https:\/\/www.libertocitybell.com\/index.php?rest_route=\/wp\/v2\/media\/1318"}],"wp:attachment":[{"href":"https:\/\/www.libertocitybell.com\/index.php?rest_route=%2Fwp%2Fv2%2Fmedia&parent=1319"}],"wp:term":[{"taxonomy":"product_cat","embeddable":true,"href":"https:\/\/www.libertocitybell.com\/index.php?rest_route=%2Fwp%2Fv2%2Fproduct_cat&post=1319"},{"taxonomy":"product_tag","embeddable":true,"href":"https:\/\/www.libertocitybell.com\/index.php?rest_route=%2Fwp%2Fv2%2Fproduct_tag&post=1319"}],"curies":[{"name":"wp","href":"https:\/\/api.w.org\/{rel}","templated":true}]}}