{"id":1310,"date":"2021-07-21T15:49:49","date_gmt":"2021-07-21T18:49:49","guid":{"rendered":"https:\/\/www.libertocitybell.com\/?product=mitos-griegos-friedrich-georg-junger"},"modified":"2023-02-09T20:35:39","modified_gmt":"2023-02-09T23:35:39","slug":"mitos-griegos-friedrich-georg-junger","status":"publish","type":"product","link":"https:\/\/www.libertocitybell.com\/?product=mitos-griegos-friedrich-georg-junger","title":{"rendered":"Mitos griegos. Friedrich Georg J\u00fcnger"},"content":{"rendered":"<p><span>En este libro no se explican los mitos griegos desde una perspectiva cient\u00edfica o filos\u00f3fica ni tampoco simb\u00f3lica o aleg\u00f3rica. Friedrich Georg J\u00fcnger trata de comprenderlos en su expresividad sensorial, en su corporeidad n\u00edtidamente definida, asumiendo al pie de la letra y con exactitud lo que nos ha sido transmitido. A trav\u00e9s de la interpretaci\u00f3n po\u00e9tica surge una imagen del mito que parece tan pl\u00e1stica y tan viva como las esculturas griegas. All\u00ed radica la novedad y originalidad de este fascinante viaje por la Grecia antigua. La obra est\u00e1 estructurada de un modo arquitect\u00f3nico, como el propio mito. Por tanto, la primera parte es cosmog\u00f3nica y abarca desde Caos hasta la ca\u00edda de Prometeo. La segunda, la teogon\u00eda, conforma el centro, el mundo de los dioses. Y desde all\u00ed, el camino conduce a los h\u00e9roes, pues \u00e9stos surgen s\u00f3lo donde hay dioses y est\u00e1n, por tanto, impregnados de un halo divino.<\/span><\/p>\n","protected":false},"excerpt":{"rendered":"<p>En este libro no se explican los mitos griegos desde una perspectiva cient\u00edfica o filos\u00f3fica ni tampoco simb\u00f3lica o aleg\u00f3rica. Friedrich Georg J\u00fcnger trata de comprenderlos en su expresividad sensorial, en su corporeidad n\u00edtidamente definida, asumiendo al pie de la letra y con exactitud lo que nos ha sido transmitido. A trav\u00e9s de la interpretaci\u00f3n&hellip;&nbsp;<a href=\"https:\/\/www.libertocitybell.com\/?product=mitos-griegos-friedrich-georg-junger\" class=\"\" rel=\"bookmark\">Leer m\u00e1s &raquo;<span class=\"screen-reader-text\">Mitos griegos. Friedrich Georg J\u00fcnger<\/span><\/a><\/p>\n","protected":false},"featured_media":1309,"comment_status":"open","ping_status":"closed","template":"","meta":{"_coblocks_attr":"","_coblocks_dimensions":"","_coblocks_responsive_height":"","_coblocks_accordion_ie_support":"","neve_meta_sidebar":"","neve_meta_container":"","neve_meta_enable_content_width":"","neve_meta_content_width":0,"neve_meta_title_alignment":"","neve_meta_author_avatar":"","neve_post_elements_order":"","neve_meta_disable_header":"","neve_meta_disable_footer":"","neve_meta_disable_title":"","spay_email":"","jetpack_publicize_message":"","jetpack_is_tweetstorm":false,"jetpack_publicize_feature_enabled":true},"product_cat":[49],"product_tag":[],"class_list":{"0":"post-1310","1":"product","2":"type-product","3":"status-publish","4":"has-post-thumbnail","6":"product_cat-filosofia","8":"first","9":"outofstock","10":"taxable","11":"shipping-taxable","12":"purchasable","13":"product-type-simple"},"jetpack_publicize_connections":[],"_links":{"self":[{"href":"https:\/\/www.libertocitybell.com\/index.php?rest_route=\/wp\/v2\/product\/1310","targetHints":{"allow":["GET"]}}],"collection":[{"href":"https:\/\/www.libertocitybell.com\/index.php?rest_route=\/wp\/v2\/product"}],"about":[{"href":"https:\/\/www.libertocitybell.com\/index.php?rest_route=\/wp\/v2\/types\/product"}],"replies":[{"embeddable":true,"href":"https:\/\/www.libertocitybell.com\/index.php?rest_route=%2Fwp%2Fv2%2Fcomments&post=1310"}],"wp:featuredmedia":[{"embeddable":true,"href":"https:\/\/www.libertocitybell.com\/index.php?rest_route=\/wp\/v2\/media\/1309"}],"wp:attachment":[{"href":"https:\/\/www.libertocitybell.com\/index.php?rest_route=%2Fwp%2Fv2%2Fmedia&parent=1310"}],"wp:term":[{"taxonomy":"product_cat","embeddable":true,"href":"https:\/\/www.libertocitybell.com\/index.php?rest_route=%2Fwp%2Fv2%2Fproduct_cat&post=1310"},{"taxonomy":"product_tag","embeddable":true,"href":"https:\/\/www.libertocitybell.com\/index.php?rest_route=%2Fwp%2Fv2%2Fproduct_tag&post=1310"}],"curies":[{"name":"wp","href":"https:\/\/api.w.org\/{rel}","templated":true}]}}