{"id":1284,"date":"2021-06-28T11:06:18","date_gmt":"2021-06-28T14:06:18","guid":{"rendered":"https:\/\/www.libertocitybell.com\/?product=la-luz-negra-maria-gainza"},"modified":"2023-02-09T20:14:06","modified_gmt":"2023-02-09T23:14:06","slug":"la-luz-negra-maria-gainza","status":"publish","type":"product","link":"https:\/\/www.libertocitybell.com\/?product=la-luz-negra-maria-gainza","title":{"rendered":"La luz negra &#8211; Mar\u00eda Gainza"},"content":{"rendered":"<p>Esta es una novela sobre falsificadores y falsarios, con personajes reales que parecen de ficci\u00f3n. La narradora, una cr\u00edtica de arte que trabaj\u00f3 para una tasadora por cuyas manos pasaban obras falsificadas, relata una historia singular, aunque advierte: \u00abNo esperen nombres, estad\u00edsticas, fechas. Lo s\u00f3lido se me escapa, solo queda entre mis dedos una atm\u00f3sfera imprecisa, t\u00e9cnicamente soy una impresionista de la vieja escuela. Adem\u00e1s, todos estos a\u00f1os en el mundo del arte me han vuelto un ser desconfiado. Sospecho en especial de los historiadores que con sus datos precisos y notas heladas a pie de p\u00e1gina ejercen sobre el lector una coerci\u00f3n siniestra. Le dicen: \u201cEsto fue as\u00ed.\u201d A esta altura de mi vida yo aprecio las gentilezas, prefiero que me digan: \u201cSupongamos que as\u00ed sucedi\u00f3.\u201d\u00bb<\/p>\n<p>En el centro de la trama hay un personaje llamado la Negra, que falsifica lienzos de la pintora Mariette Lydis, retratista de la alta sociedad bonaerense. Aparecen tambi\u00e9n un lugar llamado Hotel Melanc\u00f3lico en el que viven varios artistas, y una pel\u00edcula de culto sobre beatniks bonaerenses en la que asoma la Negra, figura escurridiza donde las haya&#8230;<\/p>\n","protected":false},"excerpt":{"rendered":"<p>Esta es una novela sobre falsificadores y falsarios, con personajes reales que parecen de ficci\u00f3n. La narradora, una cr\u00edtica de arte que trabaj\u00f3 para una tasadora por cuyas manos pasaban obras falsificadas, relata una historia singular, aunque advierte: \u00abNo esperen nombres, estad\u00edsticas, fechas. Lo s\u00f3lido se me escapa, solo queda entre mis dedos una atm\u00f3sfera&hellip;&nbsp;<a href=\"https:\/\/www.libertocitybell.com\/?product=la-luz-negra-maria-gainza\" class=\"\" rel=\"bookmark\">Leer m\u00e1s &raquo;<span class=\"screen-reader-text\">La luz negra &#8211; Mar\u00eda Gainza<\/span><\/a><\/p>\n","protected":false},"featured_media":1283,"comment_status":"open","ping_status":"closed","template":"","meta":{"_coblocks_attr":"","_coblocks_dimensions":"","_coblocks_responsive_height":"","_coblocks_accordion_ie_support":"","neve_meta_sidebar":"","neve_meta_container":"","neve_meta_enable_content_width":"","neve_meta_content_width":0,"neve_meta_title_alignment":"","neve_meta_author_avatar":"","neve_post_elements_order":"","neve_meta_disable_header":"","neve_meta_disable_footer":"","neve_meta_disable_title":"","spay_email":"","jetpack_publicize_message":"","jetpack_is_tweetstorm":false,"jetpack_publicize_feature_enabled":true},"product_cat":[21],"product_tag":[],"class_list":{"0":"post-1284","1":"product","2":"type-product","3":"status-publish","4":"has-post-thumbnail","6":"product_cat-narrativa-argentina","8":"first","9":"outofstock","10":"taxable","11":"shipping-taxable","12":"purchasable","13":"product-type-simple"},"jetpack_publicize_connections":[],"_links":{"self":[{"href":"https:\/\/www.libertocitybell.com\/index.php?rest_route=\/wp\/v2\/product\/1284","targetHints":{"allow":["GET"]}}],"collection":[{"href":"https:\/\/www.libertocitybell.com\/index.php?rest_route=\/wp\/v2\/product"}],"about":[{"href":"https:\/\/www.libertocitybell.com\/index.php?rest_route=\/wp\/v2\/types\/product"}],"replies":[{"embeddable":true,"href":"https:\/\/www.libertocitybell.com\/index.php?rest_route=%2Fwp%2Fv2%2Fcomments&post=1284"}],"wp:featuredmedia":[{"embeddable":true,"href":"https:\/\/www.libertocitybell.com\/index.php?rest_route=\/wp\/v2\/media\/1283"}],"wp:attachment":[{"href":"https:\/\/www.libertocitybell.com\/index.php?rest_route=%2Fwp%2Fv2%2Fmedia&parent=1284"}],"wp:term":[{"taxonomy":"product_cat","embeddable":true,"href":"https:\/\/www.libertocitybell.com\/index.php?rest_route=%2Fwp%2Fv2%2Fproduct_cat&post=1284"},{"taxonomy":"product_tag","embeddable":true,"href":"https:\/\/www.libertocitybell.com\/index.php?rest_route=%2Fwp%2Fv2%2Fproduct_tag&post=1284"}],"curies":[{"name":"wp","href":"https:\/\/api.w.org\/{rel}","templated":true}]}}