{"id":1278,"date":"2021-06-28T10:54:40","date_gmt":"2021-06-28T13:54:40","guid":{"rendered":"https:\/\/www.libertocitybell.com\/?product=ladrilleros-selva-almada"},"modified":"2023-02-09T20:28:57","modified_gmt":"2023-02-09T23:28:57","slug":"ladrilleros-selva-almada","status":"publish","type":"product","link":"https:\/\/www.libertocitybell.com\/?product=ladrilleros-selva-almada","title":{"rendered":"Ladrilleros &#8211; Selva Almada"},"content":{"rendered":"<p><b style=\"padding: 0px;margin: 0px;font-weight: bolder\">La enemistad entre dos cabezas de familia, ladrilleros de profesi\u00f3n en Argentina, llega a sus hijos varones y los conduce hacia un destino tr\u00e1gico.<\/b><\/p>\n<p>Amanece en un terreno bald\u00edo, ocupado por una gran noria. Dos cuerpos yacen en el suelo, rodeados de barro y hierbas mustias, sin que sepamos bien que hacen ah\u00ed ni de d\u00f3nde han venido, pero la memoria habla.<\/p>\n<p><i style=\"padding: 0px;margin: 0px\">Ladrilleros<span class=\"Apple-converted-space\">&nbsp;<\/span><\/i>es el relato de una enemistad casi legendaria entre dos cabezas de familia, Oscar Tamai y Elvio Miranda, dos ladrilleros que trabajan de d\u00eda para ganarse el pan y se pierden de noche en el juego y el sexo, las \u00fanicas diversiones que est\u00e1n al alcance de casi todos en un pueblo argentino donde el calor aprieta y las palabras faltan. Quienes pagar\u00e1n el precio de tanto odio ser\u00e1n los hijos de estos hombres tan hombres, y la historia de todos va desfilando a la sombra de una noria que da vueltas en el vac\u00edo.<\/p>\n","protected":false},"excerpt":{"rendered":"<p>La enemistad entre dos cabezas de familia, ladrilleros de profesi\u00f3n en Argentina, llega a sus hijos varones y los conduce hacia un destino tr\u00e1gico. Amanece en un terreno bald\u00edo, ocupado por una gran noria. Dos cuerpos yacen en el suelo, rodeados de barro y hierbas mustias, sin que sepamos bien que hacen ah\u00ed ni de&hellip;&nbsp;<a href=\"https:\/\/www.libertocitybell.com\/?product=ladrilleros-selva-almada\" class=\"\" rel=\"bookmark\">Leer m\u00e1s &raquo;<span class=\"screen-reader-text\">Ladrilleros &#8211; Selva Almada<\/span><\/a><\/p>\n","protected":false},"featured_media":1277,"comment_status":"open","ping_status":"closed","template":"","meta":{"_coblocks_attr":"","_coblocks_dimensions":"","_coblocks_responsive_height":"","_coblocks_accordion_ie_support":"","neve_meta_sidebar":"","neve_meta_container":"","neve_meta_enable_content_width":"","neve_meta_content_width":0,"neve_meta_title_alignment":"","neve_meta_author_avatar":"","neve_post_elements_order":"","neve_meta_disable_header":"","neve_meta_disable_footer":"","neve_meta_disable_title":"","spay_email":"","jetpack_publicize_message":"","jetpack_is_tweetstorm":false,"jetpack_publicize_feature_enabled":true},"product_cat":[21],"product_tag":[],"class_list":{"0":"post-1278","1":"product","2":"type-product","3":"status-publish","4":"has-post-thumbnail","6":"product_cat-narrativa-argentina","8":"first","9":"outofstock","10":"taxable","11":"shipping-taxable","12":"purchasable","13":"product-type-simple"},"jetpack_publicize_connections":[],"_links":{"self":[{"href":"https:\/\/www.libertocitybell.com\/index.php?rest_route=\/wp\/v2\/product\/1278","targetHints":{"allow":["GET"]}}],"collection":[{"href":"https:\/\/www.libertocitybell.com\/index.php?rest_route=\/wp\/v2\/product"}],"about":[{"href":"https:\/\/www.libertocitybell.com\/index.php?rest_route=\/wp\/v2\/types\/product"}],"replies":[{"embeddable":true,"href":"https:\/\/www.libertocitybell.com\/index.php?rest_route=%2Fwp%2Fv2%2Fcomments&post=1278"}],"wp:featuredmedia":[{"embeddable":true,"href":"https:\/\/www.libertocitybell.com\/index.php?rest_route=\/wp\/v2\/media\/1277"}],"wp:attachment":[{"href":"https:\/\/www.libertocitybell.com\/index.php?rest_route=%2Fwp%2Fv2%2Fmedia&parent=1278"}],"wp:term":[{"taxonomy":"product_cat","embeddable":true,"href":"https:\/\/www.libertocitybell.com\/index.php?rest_route=%2Fwp%2Fv2%2Fproduct_cat&post=1278"},{"taxonomy":"product_tag","embeddable":true,"href":"https:\/\/www.libertocitybell.com\/index.php?rest_route=%2Fwp%2Fv2%2Fproduct_tag&post=1278"}],"curies":[{"name":"wp","href":"https:\/\/api.w.org\/{rel}","templated":true}]}}