{"id":1274,"date":"2021-06-28T10:40:32","date_gmt":"2021-06-28T13:40:32","guid":{"rendered":"https:\/\/www.libertocitybell.com\/?product=el-amor-es-una-cosa-extrana-hebe-uhart"},"modified":"2023-02-09T16:25:31","modified_gmt":"2023-02-09T19:25:31","slug":"el-amor-es-una-cosa-extrana-hebe-uhart","status":"publish","type":"product","link":"https:\/\/www.libertocitybell.com\/?product=el-amor-es-una-cosa-extrana-hebe-uhart","title":{"rendered":"El amor es una cosa extra\u00f1a &#8211; Hebe Uhart"},"content":{"rendered":"<p><span>Tres novelas in\u00e9ditas de Hebe Uhart, que fueron descubiertas luego de su muerte, escritas entre fines de la d\u00e9cada del ochenta y mediados de los noventa. Las historias que se cuentan est\u00e1n atravesadas por la violencia pol\u00edtica de los a\u00f1os setenta. Pero no son historias cl\u00e1sicas \u2018de dictadura\u2019. Estas novelas quedaron a la espera de un tiempo que tal vez sea el nuestro.<\/span><\/p>\n","protected":false},"excerpt":{"rendered":"<p>Tres novelas in\u00e9ditas de Hebe Uhart, que fueron descubiertas luego de su muerte, escritas entre fines de la d\u00e9cada del ochenta y mediados de los noventa. Las historias que se cuentan est\u00e1n atravesadas por la violencia pol\u00edtica de los a\u00f1os setenta. Pero no son historias cl\u00e1sicas \u2018de dictadura\u2019. Estas novelas quedaron a la espera de&hellip;&nbsp;<a href=\"https:\/\/www.libertocitybell.com\/?product=el-amor-es-una-cosa-extrana-hebe-uhart\" class=\"\" rel=\"bookmark\">Leer m\u00e1s &raquo;<span class=\"screen-reader-text\">El amor es una cosa extra\u00f1a &#8211; Hebe Uhart<\/span><\/a><\/p>\n","protected":false},"featured_media":1273,"comment_status":"open","ping_status":"closed","template":"","meta":{"_coblocks_attr":"","_coblocks_dimensions":"","_coblocks_responsive_height":"","_coblocks_accordion_ie_support":"","neve_meta_sidebar":"","neve_meta_container":"","neve_meta_enable_content_width":"","neve_meta_content_width":0,"neve_meta_title_alignment":"","neve_meta_author_avatar":"","neve_post_elements_order":"","neve_meta_disable_header":"","neve_meta_disable_footer":"","neve_meta_disable_title":"","spay_email":"","jetpack_publicize_message":"","jetpack_is_tweetstorm":false,"jetpack_publicize_feature_enabled":true},"product_cat":[23],"product_tag":[],"class_list":{"0":"post-1274","1":"product","2":"type-product","3":"status-publish","4":"has-post-thumbnail","6":"product_cat-feminismo","8":"first","9":"outofstock","10":"taxable","11":"shipping-taxable","12":"purchasable","13":"product-type-simple"},"jetpack_publicize_connections":[],"_links":{"self":[{"href":"https:\/\/www.libertocitybell.com\/index.php?rest_route=\/wp\/v2\/product\/1274","targetHints":{"allow":["GET"]}}],"collection":[{"href":"https:\/\/www.libertocitybell.com\/index.php?rest_route=\/wp\/v2\/product"}],"about":[{"href":"https:\/\/www.libertocitybell.com\/index.php?rest_route=\/wp\/v2\/types\/product"}],"replies":[{"embeddable":true,"href":"https:\/\/www.libertocitybell.com\/index.php?rest_route=%2Fwp%2Fv2%2Fcomments&post=1274"}],"wp:featuredmedia":[{"embeddable":true,"href":"https:\/\/www.libertocitybell.com\/index.php?rest_route=\/wp\/v2\/media\/1273"}],"wp:attachment":[{"href":"https:\/\/www.libertocitybell.com\/index.php?rest_route=%2Fwp%2Fv2%2Fmedia&parent=1274"}],"wp:term":[{"taxonomy":"product_cat","embeddable":true,"href":"https:\/\/www.libertocitybell.com\/index.php?rest_route=%2Fwp%2Fv2%2Fproduct_cat&post=1274"},{"taxonomy":"product_tag","embeddable":true,"href":"https:\/\/www.libertocitybell.com\/index.php?rest_route=%2Fwp%2Fv2%2Fproduct_tag&post=1274"}],"curies":[{"name":"wp","href":"https:\/\/api.w.org\/{rel}","templated":true}]}}