{"id":1272,"date":"2021-06-25T18:50:02","date_gmt":"2021-06-25T21:50:02","guid":{"rendered":"https:\/\/www.libertocitybell.com\/?product=mujeres-que-corren-con-los-lobos"},"modified":"2023-02-09T20:35:59","modified_gmt":"2023-02-09T23:35:59","slug":"mujeres-que-corren-con-los-lobos","status":"publish","type":"product","link":"https:\/\/www.libertocitybell.com\/?product=mujeres-que-corren-con-los-lobos","title":{"rendered":"Mujeres que corren con los lobos"},"content":{"rendered":"<p><span style=\"font-family: -webkit-standard;font-size: medium;font-style: normal;font-weight: normal;letter-spacing: normal;text-align: start;text-indent: 0px;text-transform: none;text-decoration: none;float: none\">Dentro de toda mujer, incluso de la m\u00e1s reprimida, alienta una vida secreta, una fuerza poderosa llena de buenos instintos, creatividad apasionada y sabidur\u00eda eterna. Es la Mujer Salvaje, una especie en peligro de extinci\u00f3n que representa la esencia femenina instintiva. Aunque los regalos de la naturaleza les pertenecen desde el nacimiento, los constantes esfuerzos de la sociedad por \u201ccivilizar\u201d a las mujeres y constre\u00f1irlas a unos roles r\u00edgidos las han dejado sordas a los dones que albergan su interior. En Mujeres que corren con los lobos, la doctora Pinkola Est\u00e9s revela mitos interculturales, cuentos de hadas e historias (muchas de ellas relativas a su propia familia) para ayudar a las mujeres a recuperar su fuerza y su salud, atributos visionarios de esta esencia instintiva. Mediante los relatos y los comentarios examinamos el amor, comprendemos a la Mujer Salvaje y nuestra psique m\u00e1s profunda la abraza \u00edntimamente, como a alguien que contiene medicina y magia. Est\u00e9s ha creado una psicolog\u00eda femenina en su sentido m\u00e1s verdadero: el que lleva al conocimiento del alma.<\/span><\/p>\n","protected":false},"excerpt":{"rendered":"<p>Dentro de toda mujer, incluso de la m\u00e1s reprimida, alienta una vida secreta, una fuerza poderosa llena de buenos instintos, creatividad apasionada y sabidur\u00eda eterna. Es la Mujer Salvaje, una especie en peligro de extinci\u00f3n que representa la esencia femenina instintiva. Aunque los regalos de la naturaleza les pertenecen desde el nacimiento, los constantes esfuerzos&hellip;&nbsp;<a href=\"https:\/\/www.libertocitybell.com\/?product=mujeres-que-corren-con-los-lobos\" class=\"\" rel=\"bookmark\">Leer m\u00e1s &raquo;<span class=\"screen-reader-text\">Mujeres que corren con los lobos<\/span><\/a><\/p>\n","protected":false},"featured_media":1698,"comment_status":"open","ping_status":"closed","template":"","meta":{"_coblocks_attr":"","_coblocks_dimensions":"","_coblocks_responsive_height":"","_coblocks_accordion_ie_support":"","neve_meta_sidebar":"","neve_meta_container":"","neve_meta_enable_content_width":"","neve_meta_content_width":0,"neve_meta_title_alignment":"","neve_meta_author_avatar":"","neve_post_elements_order":"","neve_meta_disable_header":"","neve_meta_disable_footer":"","neve_meta_disable_title":"","spay_email":"","jetpack_publicize_message":"","jetpack_is_tweetstorm":false,"jetpack_publicize_feature_enabled":true},"product_cat":[20],"product_tag":[],"class_list":{"0":"post-1272","1":"product","2":"type-product","3":"status-publish","4":"has-post-thumbnail","6":"product_cat-narrativa-internacional","8":"first","9":"outofstock","10":"taxable","11":"shipping-taxable","12":"purchasable","13":"product-type-simple"},"jetpack_publicize_connections":[],"_links":{"self":[{"href":"https:\/\/www.libertocitybell.com\/index.php?rest_route=\/wp\/v2\/product\/1272","targetHints":{"allow":["GET"]}}],"collection":[{"href":"https:\/\/www.libertocitybell.com\/index.php?rest_route=\/wp\/v2\/product"}],"about":[{"href":"https:\/\/www.libertocitybell.com\/index.php?rest_route=\/wp\/v2\/types\/product"}],"replies":[{"embeddable":true,"href":"https:\/\/www.libertocitybell.com\/index.php?rest_route=%2Fwp%2Fv2%2Fcomments&post=1272"}],"wp:featuredmedia":[{"embeddable":true,"href":"https:\/\/www.libertocitybell.com\/index.php?rest_route=\/wp\/v2\/media\/1698"}],"wp:attachment":[{"href":"https:\/\/www.libertocitybell.com\/index.php?rest_route=%2Fwp%2Fv2%2Fmedia&parent=1272"}],"wp:term":[{"taxonomy":"product_cat","embeddable":true,"href":"https:\/\/www.libertocitybell.com\/index.php?rest_route=%2Fwp%2Fv2%2Fproduct_cat&post=1272"},{"taxonomy":"product_tag","embeddable":true,"href":"https:\/\/www.libertocitybell.com\/index.php?rest_route=%2Fwp%2Fv2%2Fproduct_tag&post=1272"}],"curies":[{"name":"wp","href":"https:\/\/api.w.org\/{rel}","templated":true}]}}