{"id":1268,"date":"2021-06-23T10:23:37","date_gmt":"2021-06-23T13:23:37","guid":{"rendered":"https:\/\/www.libertocitybell.com\/?product=nadie-vive-tan-cerca-de-nadie-tamara-tenenbaum"},"modified":"2023-02-09T20:36:24","modified_gmt":"2023-02-09T23:36:24","slug":"nadie-vive-tan-cerca-de-nadie-tamara-tenenbaum","status":"publish","type":"product","link":"https:\/\/www.libertocitybell.com\/?product=nadie-vive-tan-cerca-de-nadie-tamara-tenenbaum","title":{"rendered":"Nadie vive tan cerca de nadie. Tamara Tenenbaum"},"content":{"rendered":"<p style=\"margin: 0px 0px 15px;padding: 0px;border: 0px;font-size: 15px;vertical-align: baseline;background-color: transparent;font-family: Raleway, Arial, sans-serif;font-style: normal;font-weight: 500;letter-spacing: normal;text-align: start;text-indent: 0px;text-transform: none;text-decoration: none\">Tras el \u00e9xito extraordinario de El fin del amor, su ensayo de 2019, Tamara Tenenbaum presenta este libro de cuentos que obtuvo que obtuvo el premio Ficciones otorgado por el Ministerio de Cultura en 2018.<\/p>\n<p style=\"margin: 0px 0px 15px;padding: 0px;border: 0px;font-size: 15px;vertical-align: baseline;background-color: transparent;font-family: Raleway, Arial, sans-serif;font-style: normal;font-weight: 500;letter-spacing: normal;text-align: start;text-indent: 0px;text-transform: none;text-decoration: none\">Dijo el jurado: \u201cHay una voz singular en los relatos de Nadie vive tan cerca de nadie y una manera de terminarlos que resulta muy atractiva. Al contrario del cuento tradicional, que cierra con bombos y platillos, los de este libro parecen desintegrarse; el final llega de repente, casi como un capricho, como si quien escribe simplemente se detuviera. Cada uno tiene su secreto empedernido, su forma del desasosiego. Voces encerradas en un peque\u00f1o laberinto de deseo: su mundo es todo lo que ven, y los contemplamos perderse en \u00e9l, como insectos lamiendo vidrio\u201d.<\/p>\n<p style=\"margin: 0px 0px 15px;padding: 0px;border: 0px;font-size: 15px;vertical-align: baseline;background-color: transparent;font-family: Raleway, Arial, sans-serif;font-style: normal;font-weight: 500;letter-spacing: normal;text-align: start;text-indent: 0px;text-transform: none;text-decoration: none\">En estas p\u00e1ginas de un realismo crudo, ir\u00f3nico, perturbador, se cuelan escenas de la cultura jud\u00eda con el tel\u00f3n de fondo del barrio porte\u00f1o de Once. Contra \u00e9l se recortan, un poco corridos, los personajes de un universo claustrof\u00f3bico, acaso autobiogr\u00e1fico, que tiene a la familia y a la comunidad como centro. A pesar de que all\u00ed todos parecen conocerse, el contacto genuino, la emoci\u00f3n abierta, el acercamiento sin mediaciones resultan esquivos e insuficientes. \u201cSupongo que es algo muy de la \u00e9poca \u2013afirma Tenenbaum-, la sensaci\u00f3n de estar siempre rodeados de gente pero muy solos, cada uno en su baile. Casi todas las historias son deformaciones de historias de gente que conozco, an\u00e9cdotas que me contaron o cosas que me pasaron a m\u00ed\u201d<\/p>\n","protected":false},"excerpt":{"rendered":"<p>Tras el \u00e9xito extraordinario de El fin del amor, su ensayo de 2019, Tamara Tenenbaum presenta este libro de cuentos que obtuvo que obtuvo el premio Ficciones otorgado por el Ministerio de Cultura en 2018. Dijo el jurado: \u201cHay una voz singular en los relatos de Nadie vive tan cerca de nadie y una manera&hellip;&nbsp;<a href=\"https:\/\/www.libertocitybell.com\/?product=nadie-vive-tan-cerca-de-nadie-tamara-tenenbaum\" class=\"\" rel=\"bookmark\">Leer m\u00e1s &raquo;<span class=\"screen-reader-text\">Nadie vive tan cerca de nadie. Tamara Tenenbaum<\/span><\/a><\/p>\n","protected":false},"featured_media":1267,"comment_status":"open","ping_status":"closed","template":"","meta":{"_coblocks_attr":"","_coblocks_dimensions":"","_coblocks_responsive_height":"","_coblocks_accordion_ie_support":"","neve_meta_sidebar":"","neve_meta_container":"","neve_meta_enable_content_width":"","neve_meta_content_width":0,"neve_meta_title_alignment":"","neve_meta_author_avatar":"","neve_post_elements_order":"","neve_meta_disable_header":"","neve_meta_disable_footer":"","neve_meta_disable_title":"","spay_email":"","jetpack_publicize_message":"","jetpack_is_tweetstorm":false,"jetpack_publicize_feature_enabled":true},"product_cat":[21],"product_tag":[],"class_list":{"0":"post-1268","1":"product","2":"type-product","3":"status-publish","4":"has-post-thumbnail","6":"product_cat-narrativa-argentina","8":"first","9":"outofstock","10":"taxable","11":"shipping-taxable","12":"purchasable","13":"product-type-simple"},"jetpack_publicize_connections":[],"_links":{"self":[{"href":"https:\/\/www.libertocitybell.com\/index.php?rest_route=\/wp\/v2\/product\/1268","targetHints":{"allow":["GET"]}}],"collection":[{"href":"https:\/\/www.libertocitybell.com\/index.php?rest_route=\/wp\/v2\/product"}],"about":[{"href":"https:\/\/www.libertocitybell.com\/index.php?rest_route=\/wp\/v2\/types\/product"}],"replies":[{"embeddable":true,"href":"https:\/\/www.libertocitybell.com\/index.php?rest_route=%2Fwp%2Fv2%2Fcomments&post=1268"}],"wp:featuredmedia":[{"embeddable":true,"href":"https:\/\/www.libertocitybell.com\/index.php?rest_route=\/wp\/v2\/media\/1267"}],"wp:attachment":[{"href":"https:\/\/www.libertocitybell.com\/index.php?rest_route=%2Fwp%2Fv2%2Fmedia&parent=1268"}],"wp:term":[{"taxonomy":"product_cat","embeddable":true,"href":"https:\/\/www.libertocitybell.com\/index.php?rest_route=%2Fwp%2Fv2%2Fproduct_cat&post=1268"},{"taxonomy":"product_tag","embeddable":true,"href":"https:\/\/www.libertocitybell.com\/index.php?rest_route=%2Fwp%2Fv2%2Fproduct_tag&post=1268"}],"curies":[{"name":"wp","href":"https:\/\/api.w.org\/{rel}","templated":true}]}}