{"id":1262,"date":"2021-06-14T16:15:34","date_gmt":"2021-06-14T19:15:34","guid":{"rendered":"https:\/\/www.libertocitybell.com\/?product=la-noche-y-la-luz-de-la-luna-henry-toreau"},"modified":"2023-02-09T20:27:33","modified_gmt":"2023-02-09T23:27:33","slug":"la-noche-y-la-luz-de-la-luna-henry-toreau","status":"publish","type":"product","link":"https:\/\/www.libertocitybell.com\/?product=la-noche-y-la-luz-de-la-luna-henry-toreau","title":{"rendered":"La noche y la luz de la luna. Henry Toreau"},"content":{"rendered":"<p><span style=\"font-family: Arial, Helvetica, sans-serif;font-size: 13px;font-style: normal;font-weight: normal;letter-spacing: normal;text-align: left;text-indent: 0px;text-transform: none;text-decoration: none;float: none\">Los cinco ensayos reunidos en este libro exhiben a un Henry David Thoreau que describe la naturaleza con mucha fascinaci\u00f3n. La Luna, el papel que juegan las semillas en el funcionamiento del mundo biol\u00f3gico, los fen\u00f3menos vinculados con los mares y las mareas, la historia de los manzanos, son solo algunos de los temas que aparecen, concatenados, a lo largo del libro. Como ejemplo, la reflexi\u00f3n de Thoreau, obnubilado por la luz de la Luna, sobre lo que \u00e9l denomina \u201cel reino de la noche\u201d.<\/span><\/p>\n<p><span style=\"font-family: Arial, Helvetica, sans-serif;font-size: 13px;font-style: normal;font-weight: normal;letter-spacing: normal;text-align: left;text-indent: 0px;text-transform: none;text-decoration: none;float: none\">Los hombres hablan de manera muy superficial acerca de la luz de Luna, como si conocieran bien sus cualidades y las menospreciaran, como si los b\u00fahos hablaran de la luz del Sol (\u00a1qu\u00e9 saben de esa luz!), pero por lo general esta palabra remite a algo que simplemente no comprenden: ante ella, permanecen en cama y dormidos, por m\u00e1s que valdr\u00eda la pena que estuvieran levantados y bien despiertos para verla.<\/span><\/p>\n","protected":false},"excerpt":{"rendered":"<p>Los cinco ensayos reunidos en este libro exhiben a un Henry David Thoreau que describe la naturaleza con mucha fascinaci\u00f3n. La Luna, el papel que juegan las semillas en el funcionamiento del mundo biol\u00f3gico, los fen\u00f3menos vinculados con los mares y las mareas, la historia de los manzanos, son solo algunos de los temas que&hellip;&nbsp;<a href=\"https:\/\/www.libertocitybell.com\/?product=la-noche-y-la-luz-de-la-luna-henry-toreau\" class=\"\" rel=\"bookmark\">Leer m\u00e1s &raquo;<span class=\"screen-reader-text\">La noche y la luz de la luna. Henry Toreau<\/span><\/a><\/p>\n","protected":false},"featured_media":1261,"comment_status":"open","ping_status":"closed","template":"","meta":{"_coblocks_attr":"","_coblocks_dimensions":"","_coblocks_responsive_height":"","_coblocks_accordion_ie_support":"","neve_meta_sidebar":"","neve_meta_container":"","neve_meta_enable_content_width":"","neve_meta_content_width":0,"neve_meta_title_alignment":"","neve_meta_author_avatar":"","neve_post_elements_order":"","neve_meta_disable_header":"","neve_meta_disable_footer":"","neve_meta_disable_title":"","spay_email":"","jetpack_publicize_message":"","jetpack_is_tweetstorm":false,"jetpack_publicize_feature_enabled":true},"product_cat":[20],"product_tag":[],"class_list":{"0":"post-1262","1":"product","2":"type-product","3":"status-publish","4":"has-post-thumbnail","6":"product_cat-narrativa-internacional","8":"first","9":"outofstock","10":"taxable","11":"shipping-taxable","12":"purchasable","13":"product-type-simple"},"jetpack_publicize_connections":[],"_links":{"self":[{"href":"https:\/\/www.libertocitybell.com\/index.php?rest_route=\/wp\/v2\/product\/1262","targetHints":{"allow":["GET"]}}],"collection":[{"href":"https:\/\/www.libertocitybell.com\/index.php?rest_route=\/wp\/v2\/product"}],"about":[{"href":"https:\/\/www.libertocitybell.com\/index.php?rest_route=\/wp\/v2\/types\/product"}],"replies":[{"embeddable":true,"href":"https:\/\/www.libertocitybell.com\/index.php?rest_route=%2Fwp%2Fv2%2Fcomments&post=1262"}],"wp:featuredmedia":[{"embeddable":true,"href":"https:\/\/www.libertocitybell.com\/index.php?rest_route=\/wp\/v2\/media\/1261"}],"wp:attachment":[{"href":"https:\/\/www.libertocitybell.com\/index.php?rest_route=%2Fwp%2Fv2%2Fmedia&parent=1262"}],"wp:term":[{"taxonomy":"product_cat","embeddable":true,"href":"https:\/\/www.libertocitybell.com\/index.php?rest_route=%2Fwp%2Fv2%2Fproduct_cat&post=1262"},{"taxonomy":"product_tag","embeddable":true,"href":"https:\/\/www.libertocitybell.com\/index.php?rest_route=%2Fwp%2Fv2%2Fproduct_tag&post=1262"}],"curies":[{"name":"wp","href":"https:\/\/api.w.org\/{rel}","templated":true}]}}