{"id":1260,"date":"2021-06-14T16:08:55","date_gmt":"2021-06-14T19:08:55","guid":{"rendered":"https:\/\/www.libertocitybell.com\/?product=cuerpos-que-importan-judith-butler"},"modified":"2023-02-09T16:23:06","modified_gmt":"2023-02-09T19:23:06","slug":"cuerpos-que-importan-judith-butler","status":"publish","type":"product","link":"https:\/\/www.libertocitybell.com\/?product=cuerpos-que-importan-judith-butler","title":{"rendered":"Cuerpos que importan. Judith Butler"},"content":{"rendered":"<p><span style=\"font-family: Arial, Helvetica, sans-serif;font-size: 13px;font-style: normal;font-weight: normal;letter-spacing: normal;text-align: left;text-indent: 0px;text-transform: none;text-decoration: none;float: none\">El \u00absexo\u00bb, \u00bfes una marca o dato indeleble de la biolog\u00eda? \u00bfO es una producci\u00f3n, un efecto forzado que fija los l\u00edmites y la validez de los cuerpos? En Cuerpos que importan, Judith Butler retoma ambos presupuestos y los somete a debate para comprender c\u00f3mo aquello que fue excluido de la esfera propiamente dicha del \u00absexo\u00bb tiene un retorno perturbador que incide radicalmente en el horizonte simb\u00f3lico seg\u00fan el cual unos cuerpos importan m\u00e1s que otros. En torno de esta cuesti\u00f3n, apunta a mostrar c\u00f3mo las restricciones del poder \u2013indisociables de ciertas categor\u00edas discursivas y de las diferencias sexuales\u2013 delimitan y circunscriben materias y contornos f\u00edsicos, que marcan un dominio de cuerpos impensables, abyectos, invisibles.<\/span><\/p>\n<p><span style=\"font-family: Arial, Helvetica, sans-serif;font-size: 13px;font-style: normal;font-weight: normal;letter-spacing: normal;text-align: left;text-indent: 0px;text-transform: none;text-decoration: none;float: none\">En esta ocasi\u00f3n, Butler contin\u00faa la reflexi\u00f3n comenzada en El g\u00e9nero en disputa sobre el car\u00e1cter performativo de la sexualidad y del g\u00e9nero, y reconsidera sus propios aportes a la teor\u00eda cr\u00edtica y feminista durante la \u00faltima d\u00e9cada. A trav\u00e9s de la lectura de textos de Plat\u00f3n, Freud, Lacan, Foucault, o en pol\u00e9mica con \u017di\u017eek e Irigaray, la autora examina las maneras en las que opera la hegemon\u00eda heterosexual para moderar cuestiones sexuales y pol\u00edticas. De este modo problematiza la categor\u00eda de identidad y moviliza sus alcances pol\u00edticos, coloc\u00e1ndose en el centro de los debates de la teor\u00eda feminista y de las pol\u00edticas queer.<\/span><\/p>\n","protected":false},"excerpt":{"rendered":"<p>El \u00absexo\u00bb, \u00bfes una marca o dato indeleble de la biolog\u00eda? \u00bfO es una producci\u00f3n, un efecto forzado que fija los l\u00edmites y la validez de los cuerpos? En Cuerpos que importan, Judith Butler retoma ambos presupuestos y los somete a debate para comprender c\u00f3mo aquello que fue excluido de la esfera propiamente dicha del&hellip;&nbsp;<a href=\"https:\/\/www.libertocitybell.com\/?product=cuerpos-que-importan-judith-butler\" class=\"\" rel=\"bookmark\">Leer m\u00e1s &raquo;<span class=\"screen-reader-text\">Cuerpos que importan. Judith Butler<\/span><\/a><\/p>\n","protected":false},"featured_media":1259,"comment_status":"open","ping_status":"closed","template":"","meta":{"_coblocks_attr":"","_coblocks_dimensions":"","_coblocks_responsive_height":"","_coblocks_accordion_ie_support":"","neve_meta_sidebar":"","neve_meta_container":"","neve_meta_enable_content_width":"","neve_meta_content_width":0,"neve_meta_title_alignment":"","neve_meta_author_avatar":"","neve_post_elements_order":"","neve_meta_disable_header":"","neve_meta_disable_footer":"","neve_meta_disable_title":"","spay_email":"","jetpack_publicize_message":"","jetpack_is_tweetstorm":false,"jetpack_publicize_feature_enabled":true},"product_cat":[23],"product_tag":[],"class_list":{"0":"post-1260","1":"product","2":"type-product","3":"status-publish","4":"has-post-thumbnail","6":"product_cat-feminismo","8":"first","9":"outofstock","10":"taxable","11":"shipping-taxable","12":"purchasable","13":"product-type-simple"},"jetpack_publicize_connections":[],"_links":{"self":[{"href":"https:\/\/www.libertocitybell.com\/index.php?rest_route=\/wp\/v2\/product\/1260","targetHints":{"allow":["GET"]}}],"collection":[{"href":"https:\/\/www.libertocitybell.com\/index.php?rest_route=\/wp\/v2\/product"}],"about":[{"href":"https:\/\/www.libertocitybell.com\/index.php?rest_route=\/wp\/v2\/types\/product"}],"replies":[{"embeddable":true,"href":"https:\/\/www.libertocitybell.com\/index.php?rest_route=%2Fwp%2Fv2%2Fcomments&post=1260"}],"wp:featuredmedia":[{"embeddable":true,"href":"https:\/\/www.libertocitybell.com\/index.php?rest_route=\/wp\/v2\/media\/1259"}],"wp:attachment":[{"href":"https:\/\/www.libertocitybell.com\/index.php?rest_route=%2Fwp%2Fv2%2Fmedia&parent=1260"}],"wp:term":[{"taxonomy":"product_cat","embeddable":true,"href":"https:\/\/www.libertocitybell.com\/index.php?rest_route=%2Fwp%2Fv2%2Fproduct_cat&post=1260"},{"taxonomy":"product_tag","embeddable":true,"href":"https:\/\/www.libertocitybell.com\/index.php?rest_route=%2Fwp%2Fv2%2Fproduct_tag&post=1260"}],"curies":[{"name":"wp","href":"https:\/\/api.w.org\/{rel}","templated":true}]}}