{"id":1253,"date":"2021-06-14T15:38:28","date_gmt":"2021-06-14T18:38:28","guid":{"rendered":"https:\/\/www.libertocitybell.com\/?product=cuerpos-aliados-y-luchas-politica-judith-butler"},"modified":"2023-02-09T16:22:40","modified_gmt":"2023-02-09T19:22:40","slug":"cuerpos-aliados-y-luchas-politica-judith-butler","status":"publish","type":"product","link":"https:\/\/www.libertocitybell.com\/?product=cuerpos-aliados-y-luchas-politica-judith-butler","title":{"rendered":"Cuerpos aliados y luchas pol\u00edtica. Judith Butler"},"content":{"rendered":"<p><span style=\"font-family: Arial, Helvetica, sans-serif;font-size: 13px;font-style: normal;font-weight: normal;letter-spacing: normal;text-align: left;text-indent: 0px;text-transform: none;text-decoration: none;float: none\">Cuando se plantea que el individuo puede hacerse cargo de s\u00ed mismo bajo unas condiciones de precariedad generalizada, si no de aut\u00e9ntica pobreza, se est\u00e1 dando por hecho algo asombroso, y es que se asume que las personas pueden (y deben) actuar de manera aut\u00f3noma en unas condiciones en que la vida se ha hecho invivible.\u00bb Judith Butler Judith Butler nos presenta una revisi\u00f3n del estado actual de los conceptos de soberan\u00eda, resistencia y otras \u00abacciones concertadas\u00bb (t\u00e9rmino acu\u00f1ado por Hannah Arendt) en relaci\u00f3n con la pertenencia pol\u00edtica en un ensayo que ampl\u00eda su teor\u00eda de la performatividad. En lugar de aceptar la falsa divisi\u00f3n entre pensamiento y acci\u00f3n, reconoce sin ninguna ambig \u00bcedad que las ideas radicales est\u00e1n necesariamente encarnadas en cuerpos. A ra\u00edz de las recientes protestas populares como las de la plaza Tahrir o los movimientos como el Occupy Wall Street, la autora analiza el sentido de libertad en los distintos espacios &#8216;p\u00fablicos, privados, cerrados y virtuales&#8217; y la forma en que las personas pueden llevar a cabo actos pol\u00edticos m\u00e1s all\u00e1 de lo puramente ret\u00f3rico. Un examen esclarecedor y de lo m\u00e1s fascinante sobre las formas que adopta el activismo en la actualidad.<\/span><\/p>\n","protected":false},"excerpt":{"rendered":"<p>Cuando se plantea que el individuo puede hacerse cargo de s\u00ed mismo bajo unas condiciones de precariedad generalizada, si no de aut\u00e9ntica pobreza, se est\u00e1 dando por hecho algo asombroso, y es que se asume que las personas pueden (y deben) actuar de manera aut\u00f3noma en unas condiciones en que la vida se ha hecho&hellip;&nbsp;<a href=\"https:\/\/www.libertocitybell.com\/?product=cuerpos-aliados-y-luchas-politica-judith-butler\" class=\"\" rel=\"bookmark\">Leer m\u00e1s &raquo;<span class=\"screen-reader-text\">Cuerpos aliados y luchas pol\u00edtica. Judith Butler<\/span><\/a><\/p>\n","protected":false},"featured_media":1252,"comment_status":"open","ping_status":"closed","template":"","meta":{"_coblocks_attr":"","_coblocks_dimensions":"","_coblocks_responsive_height":"","_coblocks_accordion_ie_support":"","neve_meta_sidebar":"","neve_meta_container":"","neve_meta_enable_content_width":"","neve_meta_content_width":0,"neve_meta_title_alignment":"","neve_meta_author_avatar":"","neve_post_elements_order":"","neve_meta_disable_header":"","neve_meta_disable_footer":"","neve_meta_disable_title":"","spay_email":"","jetpack_publicize_message":"","jetpack_is_tweetstorm":false,"jetpack_publicize_feature_enabled":true},"product_cat":[23],"product_tag":[],"class_list":{"0":"post-1253","1":"product","2":"type-product","3":"status-publish","4":"has-post-thumbnail","6":"product_cat-feminismo","8":"first","9":"outofstock","10":"taxable","11":"shipping-taxable","12":"purchasable","13":"product-type-simple"},"jetpack_publicize_connections":[],"_links":{"self":[{"href":"https:\/\/www.libertocitybell.com\/index.php?rest_route=\/wp\/v2\/product\/1253","targetHints":{"allow":["GET"]}}],"collection":[{"href":"https:\/\/www.libertocitybell.com\/index.php?rest_route=\/wp\/v2\/product"}],"about":[{"href":"https:\/\/www.libertocitybell.com\/index.php?rest_route=\/wp\/v2\/types\/product"}],"replies":[{"embeddable":true,"href":"https:\/\/www.libertocitybell.com\/index.php?rest_route=%2Fwp%2Fv2%2Fcomments&post=1253"}],"wp:featuredmedia":[{"embeddable":true,"href":"https:\/\/www.libertocitybell.com\/index.php?rest_route=\/wp\/v2\/media\/1252"}],"wp:attachment":[{"href":"https:\/\/www.libertocitybell.com\/index.php?rest_route=%2Fwp%2Fv2%2Fmedia&parent=1253"}],"wp:term":[{"taxonomy":"product_cat","embeddable":true,"href":"https:\/\/www.libertocitybell.com\/index.php?rest_route=%2Fwp%2Fv2%2Fproduct_cat&post=1253"},{"taxonomy":"product_tag","embeddable":true,"href":"https:\/\/www.libertocitybell.com\/index.php?rest_route=%2Fwp%2Fv2%2Fproduct_tag&post=1253"}],"curies":[{"name":"wp","href":"https:\/\/api.w.org\/{rel}","templated":true}]}}