{"id":1251,"date":"2021-06-14T15:32:09","date_gmt":"2021-06-14T18:32:09","guid":{"rendered":"https:\/\/www.libertocitybell.com\/?product=plano-americano-leila-guerreiro"},"modified":"2023-02-09T20:43:57","modified_gmt":"2023-02-09T23:43:57","slug":"plano-americano-leila-guerreiro","status":"publish","type":"product","link":"https:\/\/www.libertocitybell.com\/?product=plano-americano-leila-guerreiro","title":{"rendered":"Plano americano. Leila Guerreiro"},"content":{"rendered":"<p>Este volumen incluye veintis\u00e9is perfiles \u2013con cinco nuevas incorporaciones a la edici\u00f3n original publicada en 2013\u2013 de escritores, artistas pl\u00e1sticos, periodistas, fot\u00f3grafos, cineastas, editores, dise\u00f1adores y m\u00fasicos hispanoamericanos que la periodista argentina Leila Guerriero ha publicado a lo largo de m\u00e1s de una d\u00e9cada en algunos de los principales diarios y revistas de Am\u00e9rica Latina y de Espa\u00f1a.<\/p>\n<p>Esta personal\u00edsima cartograf\u00eda re\u00fane retratos de personas diversas que van del incendiario Nicanor Parra a la inquietante Idea Vilari\u00f1o, del rabioso Fogwill al discreto Guillermo Kuitca, de la espl\u00e9ndida Sara Facio a la desbordada Marta Minuj\u00edn, del laber\u00edntico Ricardo Piglia al enigm\u00e1tico Roberto Arlt, y ofrecen, a trav\u00e9s de la voz y el ojo de Guerriero, un acercamiento a la sensibilidad creativa de todo un continente.<span class=\"Apple-converted-space\">&nbsp;<\/span><em>Planoamericano<span class=\"Apple-converted-space\">&nbsp;<\/span><\/em>funciona, adem\u00e1s, como un intrincado sistema de vasos comunicantes en el que diversos personajes aparecen y reaparecen en sucesivas piezas que terminan por dibujar el retrato de una \u00e9poca.<\/p>\n<p>Cada uno de estos textos es un gran ejercicio de periodismo cultural y una propuesta literaria de altura. Con dotes de orfebre \u2013minuciosidad, precisi\u00f3n, elegancia\u2013, la autora propone, en cada perfil, una inmersi\u00f3n total en el universo de un creador.<\/p>\n","protected":false},"excerpt":{"rendered":"<p>Este volumen incluye veintis\u00e9is perfiles \u2013con cinco nuevas incorporaciones a la edici\u00f3n original publicada en 2013\u2013 de escritores, artistas pl\u00e1sticos, periodistas, fot\u00f3grafos, cineastas, editores, dise\u00f1adores y m\u00fasicos hispanoamericanos que la periodista argentina Leila Guerriero ha publicado a lo largo de m\u00e1s de una d\u00e9cada en algunos de los principales diarios y revistas de Am\u00e9rica Latina&hellip;&nbsp;<a href=\"https:\/\/www.libertocitybell.com\/?product=plano-americano-leila-guerreiro\" class=\"\" rel=\"bookmark\">Leer m\u00e1s &raquo;<span class=\"screen-reader-text\">Plano americano. Leila Guerreiro<\/span><\/a><\/p>\n","protected":false},"featured_media":1250,"comment_status":"open","ping_status":"closed","template":"","meta":{"_coblocks_attr":"","_coblocks_dimensions":"","_coblocks_responsive_height":"","_coblocks_accordion_ie_support":"","neve_meta_sidebar":"","neve_meta_container":"","neve_meta_enable_content_width":"","neve_meta_content_width":0,"neve_meta_title_alignment":"","neve_meta_author_avatar":"","neve_post_elements_order":"","neve_meta_disable_header":"","neve_meta_disable_footer":"","neve_meta_disable_title":"","spay_email":"","jetpack_publicize_message":"","jetpack_is_tweetstorm":false,"jetpack_publicize_feature_enabled":true},"product_cat":[21],"product_tag":[],"class_list":{"0":"post-1251","1":"product","2":"type-product","3":"status-publish","4":"has-post-thumbnail","6":"product_cat-narrativa-argentina","8":"first","9":"outofstock","10":"taxable","11":"shipping-taxable","12":"purchasable","13":"product-type-simple"},"jetpack_publicize_connections":[],"_links":{"self":[{"href":"https:\/\/www.libertocitybell.com\/index.php?rest_route=\/wp\/v2\/product\/1251","targetHints":{"allow":["GET"]}}],"collection":[{"href":"https:\/\/www.libertocitybell.com\/index.php?rest_route=\/wp\/v2\/product"}],"about":[{"href":"https:\/\/www.libertocitybell.com\/index.php?rest_route=\/wp\/v2\/types\/product"}],"replies":[{"embeddable":true,"href":"https:\/\/www.libertocitybell.com\/index.php?rest_route=%2Fwp%2Fv2%2Fcomments&post=1251"}],"wp:featuredmedia":[{"embeddable":true,"href":"https:\/\/www.libertocitybell.com\/index.php?rest_route=\/wp\/v2\/media\/1250"}],"wp:attachment":[{"href":"https:\/\/www.libertocitybell.com\/index.php?rest_route=%2Fwp%2Fv2%2Fmedia&parent=1251"}],"wp:term":[{"taxonomy":"product_cat","embeddable":true,"href":"https:\/\/www.libertocitybell.com\/index.php?rest_route=%2Fwp%2Fv2%2Fproduct_cat&post=1251"},{"taxonomy":"product_tag","embeddable":true,"href":"https:\/\/www.libertocitybell.com\/index.php?rest_route=%2Fwp%2Fv2%2Fproduct_tag&post=1251"}],"curies":[{"name":"wp","href":"https:\/\/api.w.org\/{rel}","templated":true}]}}