{"id":1249,"date":"2021-06-08T19:16:30","date_gmt":"2021-06-08T22:16:30","guid":{"rendered":"https:\/\/www.libertocitybell.com\/?product=asi-hablaba-mi-madre-rachid-benzine"},"modified":"2023-02-09T16:16:28","modified_gmt":"2023-02-09T19:16:28","slug":"asi-hablaba-mi-madre-rachid-benzine","status":"publish","type":"product","link":"https:\/\/www.libertocitybell.com\/?product=asi-hablaba-mi-madre-rachid-benzine","title":{"rendered":"As\u00ed hablaba mi madre. Rachid Benzine"},"content":{"rendered":"<p><span style=\"font-family: Arial, Helvetica, sans-serif;font-size: 13px;font-style: normal;font-weight: normal;letter-spacing: normal;text-align: left;text-indent: 0px;text-transform: none;text-decoration: none;float: none\">Tendida en la cama, una madre escucha mientras su hijo le lee. Llevan muchos a\u00f1os celebrando esa ceremonia, el hijo lee siempre el mismo libro, una novela de Balzac. Ella es felicidades y desdichas. No tiene otra manera de disfrutarla: es analfabeta. El hijo es el menor de cinco hermanos, es escritor, es profesor en la universidad. Su padre muri\u00f3 cuando \u00e9l era chico. Ha triunfado, podr\u00eda afirmarse. Hijo de inmigrantes, se hizo un lugar en la sociedad. Tambi\u00e9n ha sufrido las humillaciones que imponen su condici\u00f3n, la exclusi\u00f3n, el racismo, la soledad. Durante a\u00f1os se avergonz\u00f3 de su madre, de los esfuerzos y el sacrificio que hizo para sacar adelante a la familia, de su falta de cultura. Lleg\u00f3 a despreciarla. Pero ahora llega el momento de la verdad: la madre est\u00e1 cerca de la muerte. Mientras repite el rito de la lectura, el hijo rememora la vida que han tenido juntos. Los sentimientos se alteran. Descubre de pronto que la sabidur\u00eda, la que cuenta, la de la vida, la tiene ella y no \u00e9l. Descubre el amor infinito que siempre ha sentido y que las ilusiones sobre su propia val\u00eda, su llamado \u00e9xito, le han impedido manifestar y compartir a cada momento. Descubre la culpa por estas faltas, el remordimiento al haber dejado pasar tanto tiempo antes de valorar a esa mujer como merec\u00eda, como lo que era. As\u00ed hablaba mi madre es una novela conmovedora desde la primera a la \u00faltima p\u00e1gina. Parece escrita con el coraz\u00f3n en la mano, con una mezcla exacta de dolor, lucidez y dulzura.<\/span><span style=\"font-family: Arial, Helvetica, sans-serif;font-size: 13px;font-style: normal;font-weight: normal;letter-spacing: normal;text-align: left;text-indent: 0px;text-transform: none;text-decoration: none;float: none\"><span class=\"Apple-converted-space\">&nbsp;<\/span><\/span><\/p>\n","protected":false},"excerpt":{"rendered":"<p>Tendida en la cama, una madre escucha mientras su hijo le lee. Llevan muchos a\u00f1os celebrando esa ceremonia, el hijo lee siempre el mismo libro, una novela de Balzac. Ella es felicidades y desdichas. No tiene otra manera de disfrutarla: es analfabeta. El hijo es el menor de cinco hermanos, es escritor, es profesor en&hellip;&nbsp;<a href=\"https:\/\/www.libertocitybell.com\/?product=asi-hablaba-mi-madre-rachid-benzine\" class=\"\" rel=\"bookmark\">Leer m\u00e1s &raquo;<span class=\"screen-reader-text\">As\u00ed hablaba mi madre. Rachid Benzine<\/span><\/a><\/p>\n","protected":false},"featured_media":1248,"comment_status":"open","ping_status":"closed","template":"","meta":{"_coblocks_attr":"","_coblocks_dimensions":"","_coblocks_responsive_height":"","_coblocks_accordion_ie_support":"","neve_meta_sidebar":"","neve_meta_container":"","neve_meta_enable_content_width":"","neve_meta_content_width":0,"neve_meta_title_alignment":"","neve_meta_author_avatar":"","neve_post_elements_order":"","neve_meta_disable_header":"","neve_meta_disable_footer":"","neve_meta_disable_title":"","spay_email":"","jetpack_publicize_message":"","jetpack_is_tweetstorm":false,"jetpack_publicize_feature_enabled":true},"product_cat":[20],"product_tag":[],"class_list":{"0":"post-1249","1":"product","2":"type-product","3":"status-publish","4":"has-post-thumbnail","6":"product_cat-narrativa-internacional","8":"first","9":"outofstock","10":"taxable","11":"shipping-taxable","12":"purchasable","13":"product-type-simple"},"jetpack_publicize_connections":[],"_links":{"self":[{"href":"https:\/\/www.libertocitybell.com\/index.php?rest_route=\/wp\/v2\/product\/1249","targetHints":{"allow":["GET"]}}],"collection":[{"href":"https:\/\/www.libertocitybell.com\/index.php?rest_route=\/wp\/v2\/product"}],"about":[{"href":"https:\/\/www.libertocitybell.com\/index.php?rest_route=\/wp\/v2\/types\/product"}],"replies":[{"embeddable":true,"href":"https:\/\/www.libertocitybell.com\/index.php?rest_route=%2Fwp%2Fv2%2Fcomments&post=1249"}],"wp:featuredmedia":[{"embeddable":true,"href":"https:\/\/www.libertocitybell.com\/index.php?rest_route=\/wp\/v2\/media\/1248"}],"wp:attachment":[{"href":"https:\/\/www.libertocitybell.com\/index.php?rest_route=%2Fwp%2Fv2%2Fmedia&parent=1249"}],"wp:term":[{"taxonomy":"product_cat","embeddable":true,"href":"https:\/\/www.libertocitybell.com\/index.php?rest_route=%2Fwp%2Fv2%2Fproduct_cat&post=1249"},{"taxonomy":"product_tag","embeddable":true,"href":"https:\/\/www.libertocitybell.com\/index.php?rest_route=%2Fwp%2Fv2%2Fproduct_tag&post=1249"}],"curies":[{"name":"wp","href":"https:\/\/api.w.org\/{rel}","templated":true}]}}