{"id":1247,"date":"2021-06-08T18:50:41","date_gmt":"2021-06-08T21:50:41","guid":{"rendered":"https:\/\/www.libertocitybell.com\/?product=el-triangulo-de-invierno-julia-deck"},"modified":"2023-02-09T20:07:28","modified_gmt":"2023-02-09T23:07:28","slug":"el-triangulo-de-invierno-julia-deck","status":"publish","type":"product","link":"https:\/\/www.libertocitybell.com\/?product=el-triangulo-de-invierno-julia-deck","title":{"rendered":"El tri\u00e1ngulo de invierno. Julia Deck"},"content":{"rendered":"<p style=\"margin: 15px 0px;font-family: Lato;font-size: 18px;font-style: normal;font-weight: normal;letter-spacing: normal;text-align: start;text-indent: 0px;text-transform: none;text-decoration: none\">Cansada de una vida rutinaria, desbordada por las deudas y sin mayor proyecci\u00f3n que un nuevo trabajo precario, la joven protagonista de esta historia decide \u2013en medio de una entrevista con su consejera laboral\u2013 cambiarse el nombre. De ahora en adelante se llamar\u00e1 B\u00e9r\u00e9nice Beaurivage, como la novelista interpretada por Arielle Dombasle en una pel\u00edcula de \u00c9ric Rohmer. Sumado a que su parecido con la actriz es sorprendente, ser novelista es un empleo mucho m\u00e1s atractivo que cualquiera de los que le propone la consejera laboral. \u00bfPor qu\u00e9 no habr\u00eda de cambiar entonces su identidad? Para iniciar su nueva vida se muda de Le Havre a Saint-Nazaire, donde conoce al Inspector: el flechazo es mutuo. Pero a medida que pasan los d\u00edas se hace m\u00e1s dif\u00edcil sostener la mentira, a lo que se suma la aparici\u00f3n de la bella periodista Blandine Lenoir, tambi\u00e9n interesada en el Inspector y quien r\u00e1pidamente sospecha de la joven protagonista. Julia Deck construye una novela hipn\u00f3tica, tan apasionante como triangular: tres son los amantes, tres los puertos que recorre la protagonista \u2013y que tambi\u00e9n debieron construirse una nueva identidad luego de la Segunda Guerra Mundial\u2013 y tres son las estrellas del Tri\u00e1ngulo de Invierno, una figura que a esta escritora, sin ninguna duda, le calza a la perfecci\u00f3n.<\/p>\n","protected":false},"excerpt":{"rendered":"<p>Cansada de una vida rutinaria, desbordada por las deudas y sin mayor proyecci\u00f3n que un nuevo trabajo precario, la joven protagonista de esta historia decide \u2013en medio de una entrevista con su consejera laboral\u2013 cambiarse el nombre. De ahora en adelante se llamar\u00e1 B\u00e9r\u00e9nice Beaurivage, como la novelista interpretada por Arielle Dombasle en una pel\u00edcula&hellip;&nbsp;<a href=\"https:\/\/www.libertocitybell.com\/?product=el-triangulo-de-invierno-julia-deck\" class=\"\" rel=\"bookmark\">Leer m\u00e1s &raquo;<span class=\"screen-reader-text\">El tri\u00e1ngulo de invierno. Julia Deck<\/span><\/a><\/p>\n","protected":false},"featured_media":1246,"comment_status":"open","ping_status":"closed","template":"","meta":{"_coblocks_attr":"","_coblocks_dimensions":"","_coblocks_responsive_height":"","_coblocks_accordion_ie_support":"","neve_meta_sidebar":"","neve_meta_container":"","neve_meta_enable_content_width":"","neve_meta_content_width":0,"neve_meta_title_alignment":"","neve_meta_author_avatar":"","neve_post_elements_order":"","neve_meta_disable_header":"","neve_meta_disable_footer":"","neve_meta_disable_title":"","spay_email":"","jetpack_publicize_message":"","jetpack_is_tweetstorm":false,"jetpack_publicize_feature_enabled":true},"product_cat":[20],"product_tag":[],"class_list":{"0":"post-1247","1":"product","2":"type-product","3":"status-publish","4":"has-post-thumbnail","6":"product_cat-narrativa-internacional","8":"first","9":"outofstock","10":"taxable","11":"shipping-taxable","12":"purchasable","13":"product-type-simple"},"jetpack_publicize_connections":[],"_links":{"self":[{"href":"https:\/\/www.libertocitybell.com\/index.php?rest_route=\/wp\/v2\/product\/1247","targetHints":{"allow":["GET"]}}],"collection":[{"href":"https:\/\/www.libertocitybell.com\/index.php?rest_route=\/wp\/v2\/product"}],"about":[{"href":"https:\/\/www.libertocitybell.com\/index.php?rest_route=\/wp\/v2\/types\/product"}],"replies":[{"embeddable":true,"href":"https:\/\/www.libertocitybell.com\/index.php?rest_route=%2Fwp%2Fv2%2Fcomments&post=1247"}],"wp:featuredmedia":[{"embeddable":true,"href":"https:\/\/www.libertocitybell.com\/index.php?rest_route=\/wp\/v2\/media\/1246"}],"wp:attachment":[{"href":"https:\/\/www.libertocitybell.com\/index.php?rest_route=%2Fwp%2Fv2%2Fmedia&parent=1247"}],"wp:term":[{"taxonomy":"product_cat","embeddable":true,"href":"https:\/\/www.libertocitybell.com\/index.php?rest_route=%2Fwp%2Fv2%2Fproduct_cat&post=1247"},{"taxonomy":"product_tag","embeddable":true,"href":"https:\/\/www.libertocitybell.com\/index.php?rest_route=%2Fwp%2Fv2%2Fproduct_tag&post=1247"}],"curies":[{"name":"wp","href":"https:\/\/api.w.org\/{rel}","templated":true}]}}