{"id":1244,"date":"2021-06-08T18:30:17","date_gmt":"2021-06-08T21:30:17","guid":{"rendered":"https:\/\/www.libertocitybell.com\/?product=todas-nuestras-maldiciones-se-cumplieron-tamara-tenenbaum"},"modified":"2023-02-09T20:46:52","modified_gmt":"2023-02-09T23:46:52","slug":"todas-nuestras-maldiciones-se-cumplieron-tamara-tenenbaum","status":"publish","type":"product","link":"https:\/\/www.libertocitybell.com\/?product=todas-nuestras-maldiciones-se-cumplieron-tamara-tenenbaum","title":{"rendered":"Todas nuestras maldiciones se cumplieron. Tamara Tenenbaum"},"content":{"rendered":"<p><span style=\"font-family: -webkit-standard;font-size: medium;font-style: normal;font-weight: normal;letter-spacing: normal;text-align: start;text-indent: 0px;text-transform: none;text-decoration: none;float: none\">Esta novela narra el tr\u00e1nsito a la madurez de una chica que creci\u00f3 en una comunidad jud\u00eda ortodoxa hasta que una ma\u00f1ana&nbsp;de invierno, en el barrio porte\u00f1o de Once, una bomba hizo estallar todas sus certezas. Desde el padre muerto en el atentado en adelante, los hombres en esta novela aparecen en segundo plano, como afantasmados. Las mujeres, en cambio, poseen la fuerza y la determinaci\u00f3n de quienes tienen que salir adelante solas, con las limitaciones impuestas a su g\u00e9nero por el medio en que se mueven. Pero la protagonista no est\u00e1 dispuesta a aceptar mandatos que, a medida que crece, se le vuelven cada vez m\u00e1s absurdos. Cree, como su madre, que la \u00fanica manera de asegurarse de que algo se haga bien es hacerlo ella misma y esa es su \u00fanica religi\u00f3n. Tamara Tenenbaum narra una historia personal que es tambi\u00e9n generacional, atravesada por una tensi\u00f3n latente que moldea todos los v\u00ednculos. Mediante un estilo seco, ir\u00f3nico, con ramalazos de humor negro, la autora describe el clima de su infancia y su adolescencia dentro de la ortodoxia, y su ruptura simb\u00f3lica y real con ese origen en busca de horizontes menos asfixiantes. Esa b\u00fasqueda traer\u00e1 la promesa de la libertad sexual y del amor, pero tambi\u00e9n el desconcierto, la inadecuaci\u00f3n a un mundo que ya no viene dise\u00f1ado de antemano.<\/span><\/p>\n","protected":false},"excerpt":{"rendered":"<p>Esta novela narra el tr\u00e1nsito a la madurez de una chica que creci\u00f3 en una comunidad jud\u00eda ortodoxa hasta que una ma\u00f1ana&nbsp;de invierno, en el barrio porte\u00f1o de Once, una bomba hizo estallar todas sus certezas. Desde el padre muerto en el atentado en adelante, los hombres en esta novela aparecen en segundo plano, como&hellip;&nbsp;<a href=\"https:\/\/www.libertocitybell.com\/?product=todas-nuestras-maldiciones-se-cumplieron-tamara-tenenbaum\" class=\"\" rel=\"bookmark\">Leer m\u00e1s &raquo;<span class=\"screen-reader-text\">Todas nuestras maldiciones se cumplieron. Tamara Tenenbaum<\/span><\/a><\/p>\n","protected":false},"featured_media":1245,"comment_status":"open","ping_status":"closed","template":"","meta":{"_coblocks_attr":"","_coblocks_dimensions":"","_coblocks_responsive_height":"","_coblocks_accordion_ie_support":"","neve_meta_sidebar":"","neve_meta_container":"","neve_meta_enable_content_width":"","neve_meta_content_width":0,"neve_meta_title_alignment":"","neve_meta_author_avatar":"","neve_post_elements_order":"","neve_meta_disable_header":"","neve_meta_disable_footer":"","neve_meta_disable_title":"","spay_email":"","jetpack_publicize_message":"","jetpack_is_tweetstorm":false,"jetpack_publicize_feature_enabled":true},"product_cat":[21],"product_tag":[],"class_list":{"0":"post-1244","1":"product","2":"type-product","3":"status-publish","4":"has-post-thumbnail","6":"product_cat-narrativa-argentina","8":"first","9":"outofstock","10":"taxable","11":"shipping-taxable","12":"purchasable","13":"product-type-simple"},"jetpack_publicize_connections":[],"_links":{"self":[{"href":"https:\/\/www.libertocitybell.com\/index.php?rest_route=\/wp\/v2\/product\/1244","targetHints":{"allow":["GET"]}}],"collection":[{"href":"https:\/\/www.libertocitybell.com\/index.php?rest_route=\/wp\/v2\/product"}],"about":[{"href":"https:\/\/www.libertocitybell.com\/index.php?rest_route=\/wp\/v2\/types\/product"}],"replies":[{"embeddable":true,"href":"https:\/\/www.libertocitybell.com\/index.php?rest_route=%2Fwp%2Fv2%2Fcomments&post=1244"}],"wp:featuredmedia":[{"embeddable":true,"href":"https:\/\/www.libertocitybell.com\/index.php?rest_route=\/wp\/v2\/media\/1245"}],"wp:attachment":[{"href":"https:\/\/www.libertocitybell.com\/index.php?rest_route=%2Fwp%2Fv2%2Fmedia&parent=1244"}],"wp:term":[{"taxonomy":"product_cat","embeddable":true,"href":"https:\/\/www.libertocitybell.com\/index.php?rest_route=%2Fwp%2Fv2%2Fproduct_cat&post=1244"},{"taxonomy":"product_tag","embeddable":true,"href":"https:\/\/www.libertocitybell.com\/index.php?rest_route=%2Fwp%2Fv2%2Fproduct_tag&post=1244"}],"curies":[{"name":"wp","href":"https:\/\/api.w.org\/{rel}","templated":true}]}}