{"id":1225,"date":"2021-05-30T18:39:08","date_gmt":"2021-05-30T21:39:08","guid":{"rendered":"https:\/\/www.libertocitybell.com\/?product=cronicas-completas-hebe-uhart"},"modified":"2023-02-09T16:20:50","modified_gmt":"2023-02-09T19:20:50","slug":"cronicas-completas-hebe-uhart","status":"publish","type":"product","link":"https:\/\/www.libertocitybell.com\/?product=cronicas-completas-hebe-uhart","title":{"rendered":"Cr\u00f3nicas completas Hebe Uhart"},"content":{"rendered":"<p class=\"cuerpoPr\">En sus cr\u00f3nicas, mucho m\u00e1s que el paisaje o la historia, lo que se registra es el habla. Estos viajes, en general cercanos, son una b\u00fasqueda de formas de decir. El trabajo de Hebe Uhart como recolectora de giros y de formas es feliz e importante, porque no es una coleccionista de curiosidades la que escucha, sino una escritora. Su fascinaci\u00f3n por el lenguaje no se limita al hablado: recorre las ciudades y los pueblos tomando nota de los nombres de los comercios, los anuncios y los grafitis, una rutina que se repite en casi todos los textos. Tambi\u00e9n se preocupa por las formas de la oralidad cercanas a la literatura, como los refranes. Como viajera y como cronista, Hebe Uhart tiene sus rutinas. Al hotel lo considera su refugio. El caf\u00e9 es el otro sitio infaltable, que busca con desesperaci\u00f3n. Si no lo encuentra f\u00e1cilmente se conforma con un parador de ruta, siempre que pueda encender un cigarrillo, hojear el diario, observar a los parroquianos y a los que pasan caminando, del otro lado del vidrio o cerca de su mesa. Es furtiva, adem\u00e1s: se queda poco tiempo, necesita absorber mucho, aprovechar al m\u00e1ximo. Sin embargo, no hay urgencia en sus cr\u00f3nicas. La relaci\u00f3n con el lugar que visita y su gente es leve: sabe que su presencia es una curiosidad, pero se cuida bien de no ser una intrusa.Siempre que puede visita una casa particular, una escuela, la biblioteca; habla con artistas e historiadores locales y busca libros que la ayuden a comprender el lugar. La lista de autores citados y mencionados ser\u00eda interminable; es, tambi\u00e9n, extrema- damente ecl\u00e9ctica. Su modelo como entrevistadora puede resumirse en una pregunta que hace en Conchillas, Uruguay: \u201cSe\u00f1ora, \u00bfd\u00f3nde puedo encontrar a un vecino de mucha edad, pero que est\u00e9 bien de la cabeza para que me cuente un poco la historia del lugar?\u201d. Hebe Uhart es voraz pero ofrece toda esta informaci\u00f3n con gran amabilidad, porque no quiere abrumar a los lectores sino compartir con ellos aquello que, de tan cercano, quiz\u00e1 nunca les haya llamado la atenci\u00f3n. En los \u00faltimos a\u00f1os de su vida, Hebe Uhart le\u00eda tanta ficci\u00f3n como no ficci\u00f3n pero, sol\u00eda decir, prefer\u00eda escribir cr\u00f3nica porque sent\u00eda que lo que estaba en el mundo era mucho m\u00e1s interesante que su experiencia o su imaginaci\u00f3n. Es un gesto pol\u00edtico: el de ir hacia afuera, al encuentro de los otros. La posici\u00f3n pol\u00edtica de estas cr\u00f3nicas es clara: el anclaje latinoamericano, el rescate de los relatos ignorados o despreciados \u2013la historia local, los saberes cotidianos, las formas de decir\u2013 y, principalmente, uno de sus sujetos predilectos: los pueblos originarios del continente. Las cr\u00f3nicas de `Animales\u00b4 son las \u00faltimas publicadas por Hebe Uhart en un libro.Adem\u00e1s, en esta edici\u00f3n de sus Cr\u00f3nicas completas se incluyen varias in\u00e9ditas.<\/p>\n<p class=\"cuerpoPr\">Mariana Enriquez<\/p>\n","protected":false},"excerpt":{"rendered":"<p>En sus cr\u00f3nicas, mucho m\u00e1s que el paisaje o la historia, lo que se registra es el habla. Estos viajes, en general cercanos, son una b\u00fasqueda de formas de decir. El trabajo de Hebe Uhart como recolectora de giros y de formas es feliz e importante, porque no es una coleccionista de curiosidades la que&hellip;&nbsp;<a href=\"https:\/\/www.libertocitybell.com\/?product=cronicas-completas-hebe-uhart\" class=\"\" rel=\"bookmark\">Leer m\u00e1s &raquo;<span class=\"screen-reader-text\">Cr\u00f3nicas completas Hebe Uhart<\/span><\/a><\/p>\n","protected":false},"featured_media":1224,"comment_status":"open","ping_status":"closed","template":"","meta":{"_coblocks_attr":"","_coblocks_dimensions":"","_coblocks_responsive_height":"","_coblocks_accordion_ie_support":"","neve_meta_sidebar":"","neve_meta_container":"","neve_meta_enable_content_width":"","neve_meta_content_width":0,"neve_meta_title_alignment":"","neve_meta_author_avatar":"","neve_post_elements_order":"","neve_meta_disable_header":"","neve_meta_disable_footer":"","neve_meta_disable_title":"","spay_email":"","jetpack_publicize_message":"","jetpack_is_tweetstorm":false,"jetpack_publicize_feature_enabled":true},"product_cat":[21],"product_tag":[],"class_list":{"0":"post-1225","1":"product","2":"type-product","3":"status-publish","4":"has-post-thumbnail","6":"product_cat-narrativa-argentina","8":"first","9":"outofstock","10":"taxable","11":"shipping-taxable","12":"purchasable","13":"product-type-simple"},"jetpack_publicize_connections":[],"_links":{"self":[{"href":"https:\/\/www.libertocitybell.com\/index.php?rest_route=\/wp\/v2\/product\/1225","targetHints":{"allow":["GET"]}}],"collection":[{"href":"https:\/\/www.libertocitybell.com\/index.php?rest_route=\/wp\/v2\/product"}],"about":[{"href":"https:\/\/www.libertocitybell.com\/index.php?rest_route=\/wp\/v2\/types\/product"}],"replies":[{"embeddable":true,"href":"https:\/\/www.libertocitybell.com\/index.php?rest_route=%2Fwp%2Fv2%2Fcomments&post=1225"}],"wp:featuredmedia":[{"embeddable":true,"href":"https:\/\/www.libertocitybell.com\/index.php?rest_route=\/wp\/v2\/media\/1224"}],"wp:attachment":[{"href":"https:\/\/www.libertocitybell.com\/index.php?rest_route=%2Fwp%2Fv2%2Fmedia&parent=1225"}],"wp:term":[{"taxonomy":"product_cat","embeddable":true,"href":"https:\/\/www.libertocitybell.com\/index.php?rest_route=%2Fwp%2Fv2%2Fproduct_cat&post=1225"},{"taxonomy":"product_tag","embeddable":true,"href":"https:\/\/www.libertocitybell.com\/index.php?rest_route=%2Fwp%2Fv2%2Fproduct_tag&post=1225"}],"curies":[{"name":"wp","href":"https:\/\/api.w.org\/{rel}","templated":true}]}}