{"id":1210,"date":"2021-05-06T18:43:48","date_gmt":"2021-05-06T21:43:48","guid":{"rendered":"https:\/\/www.libertocitybell.com\/?post_type=product&#038;p=1210"},"modified":"2023-02-09T20:32:28","modified_gmt":"2023-02-09T23:32:28","slug":"los-consejos-de-mi-abuelo-facho-hernan-casciari","status":"publish","type":"product","link":"https:\/\/www.libertocitybell.com\/?product=los-consejos-de-mi-abuelo-facho-hernan-casciari","title":{"rendered":"Los Consejos De Mi Abuelo Facho &#8211; Hern\u00e1n Casciari"},"content":{"rendered":"<p>Al final de una adolescencia tard\u00eda, el autor vivi\u00f3 un tiempo en la casona de su temible abuelo Marcos y all\u00ed escribi\u00f3 relatos que salen a la luz por primera vez. Para Casciari empezaban doce meses alucinantes tras los que acabar\u00eda convertido, ya sin retorno, en un escritor. Para su abuelo, en cambio, comenzaba el \u00faltimo a\u00f1o de su vida.<\/p>\n<p>Dice Casciari: \u00abMi abuelo materno me ayud\u00f3 a ser un escritor, pero su intenci\u00f3n no fue esa, sino convertirme en un t\u00edtere. Ahora que muri\u00f3 soy capaz de escribir sobre \u00e9l con menos tacto, y puedo recordar (ya sin rencor) el a\u00f1o surrealista que viv\u00ed en su casa de San Isidro, cuando \u00e9l me encerraba en la cocina con candado para que no saliera al patio a fumar, o revisaba mis cuentos y me tachaba con l\u00e1piz rojo las ideas que le parec\u00edan inmorales\u00bb.<\/p>\n<p>Los consejos de mi abuelo facho es el octavo libro de la Colecci\u00f3n Casciari, y el sexto volumen de cuentos escrito con los borradores a la vista del lector.<\/p>\n","protected":false},"excerpt":{"rendered":"<p>Al final de una adolescencia tard\u00eda, el autor vivi\u00f3 un tiempo en la casona de su temible abuelo Marcos y all\u00ed escribi\u00f3 relatos que salen a la luz por primera vez. Para Casciari empezaban doce meses alucinantes tras los que acabar\u00eda convertido, ya sin retorno, en un escritor. Para su abuelo, en cambio, comenzaba el&hellip;&nbsp;<a href=\"https:\/\/www.libertocitybell.com\/?product=los-consejos-de-mi-abuelo-facho-hernan-casciari\" class=\"\" rel=\"bookmark\">Leer m\u00e1s &raquo;<span class=\"screen-reader-text\">Los Consejos De Mi Abuelo Facho &#8211; Hern\u00e1n Casciari<\/span><\/a><\/p>\n","protected":false},"featured_media":1211,"comment_status":"open","ping_status":"closed","template":"","meta":{"_coblocks_attr":"","_coblocks_dimensions":"","_coblocks_responsive_height":"","_coblocks_accordion_ie_support":"","neve_meta_sidebar":"","neve_meta_container":"","neve_meta_enable_content_width":"off","neve_meta_content_width":0,"neve_meta_title_alignment":"","neve_meta_author_avatar":"","neve_post_elements_order":"","neve_meta_disable_header":"","neve_meta_disable_footer":"","neve_meta_disable_title":"","spay_email":"","jetpack_publicize_message":"","jetpack_is_tweetstorm":false,"jetpack_publicize_feature_enabled":true},"product_cat":[21],"product_tag":[],"class_list":{"0":"post-1210","1":"product","2":"type-product","3":"status-publish","4":"has-post-thumbnail","6":"product_cat-narrativa-argentina","8":"first","9":"outofstock","10":"taxable","11":"shipping-taxable","12":"purchasable","13":"product-type-simple"},"jetpack_publicize_connections":[],"_links":{"self":[{"href":"https:\/\/www.libertocitybell.com\/index.php?rest_route=\/wp\/v2\/product\/1210","targetHints":{"allow":["GET"]}}],"collection":[{"href":"https:\/\/www.libertocitybell.com\/index.php?rest_route=\/wp\/v2\/product"}],"about":[{"href":"https:\/\/www.libertocitybell.com\/index.php?rest_route=\/wp\/v2\/types\/product"}],"replies":[{"embeddable":true,"href":"https:\/\/www.libertocitybell.com\/index.php?rest_route=%2Fwp%2Fv2%2Fcomments&post=1210"}],"wp:featuredmedia":[{"embeddable":true,"href":"https:\/\/www.libertocitybell.com\/index.php?rest_route=\/wp\/v2\/media\/1211"}],"wp:attachment":[{"href":"https:\/\/www.libertocitybell.com\/index.php?rest_route=%2Fwp%2Fv2%2Fmedia&parent=1210"}],"wp:term":[{"taxonomy":"product_cat","embeddable":true,"href":"https:\/\/www.libertocitybell.com\/index.php?rest_route=%2Fwp%2Fv2%2Fproduct_cat&post=1210"},{"taxonomy":"product_tag","embeddable":true,"href":"https:\/\/www.libertocitybell.com\/index.php?rest_route=%2Fwp%2Fv2%2Fproduct_tag&post=1210"}],"curies":[{"name":"wp","href":"https:\/\/api.w.org\/{rel}","templated":true}]}}