{"id":1208,"date":"2021-05-06T18:41:09","date_gmt":"2021-05-06T21:41:09","guid":{"rendered":"https:\/\/www.libertocitybell.com\/?post_type=product&#038;p=1208"},"modified":"2023-01-06T16:13:47","modified_gmt":"2023-01-06T19:13:47","slug":"messi-es-un-perro-y-otros-cuentos-hernan-casciari","status":"publish","type":"product","link":"https:\/\/www.libertocitybell.com\/?product=messi-es-un-perro-y-otros-cuentos-hernan-casciari","title":{"rendered":"Messi Es Un Perro Y Otros Cuentos &#8211; Hern\u00e1n Casciari"},"content":{"rendered":"<p>\u00abCada vez que subo las escaleras del Camp Nou y de pronto veo el fulgor del pasto iluminado, en ese momento que siempre nos recuerda a la infancia, digo lo mismo para mis adentros: hay que tener mucha suerte para que te guste mucho un deporte y te toque ser contempor\u00e1neo de su mejor versi\u00f3n. Tengo nostalgia del presente cada vez que juega Messi. Soy hincha fan\u00e1tico de este lugar en el mundo y de este tiempo hist\u00f3rico\u00bb.<\/p>\n<p>Los dieciocho relatos que componen este libro fueron escritos entre los mundiales de Sud\u00e1frica 2010 y Brasil 2014. No todos tienen que ver con el f\u00fatbol, pero los atraviesa una sensaci\u00f3n alarmante: la felicidad es tan ef\u00edmera y vergonzosa como el festejo del delantero que grita el gol sin saber que, a sus espaldas, el juez de l\u00ednea ha levantado el bander\u00edn.<\/p>\n<p>\u00abMessi es un perro y otros cuentos\u00bb es el cuarto libro de relatos de Hern\u00e1n Casciari, escrito con los borradores a la vista del lector.<\/p>\n","protected":false},"excerpt":{"rendered":"<p>\u00abCada vez que subo las escaleras del Camp Nou y de pronto veo el fulgor del pasto iluminado, en ese momento que siempre nos recuerda a la infancia, digo lo mismo para mis adentros: hay que tener mucha suerte para que te guste mucho un deporte y te toque ser contempor\u00e1neo de su mejor versi\u00f3n.&hellip;&nbsp;<a href=\"https:\/\/www.libertocitybell.com\/?product=messi-es-un-perro-y-otros-cuentos-hernan-casciari\" class=\"\" rel=\"bookmark\">Leer m\u00e1s &raquo;<span class=\"screen-reader-text\">Messi Es Un Perro Y Otros Cuentos &#8211; Hern\u00e1n Casciari<\/span><\/a><\/p>\n","protected":false},"featured_media":1209,"comment_status":"open","ping_status":"closed","template":"","meta":{"_coblocks_attr":"","_coblocks_dimensions":"","_coblocks_responsive_height":"","_coblocks_accordion_ie_support":"","neve_meta_sidebar":"","neve_meta_container":"","neve_meta_enable_content_width":"off","neve_meta_content_width":0,"neve_meta_title_alignment":"","neve_meta_author_avatar":"","neve_post_elements_order":"","neve_meta_disable_header":"","neve_meta_disable_footer":"","neve_meta_disable_title":"","spay_email":"","jetpack_publicize_message":"","jetpack_is_tweetstorm":false,"jetpack_publicize_feature_enabled":true},"product_cat":[21],"product_tag":[],"class_list":{"0":"post-1208","1":"product","2":"type-product","3":"status-publish","4":"has-post-thumbnail","6":"product_cat-narrativa-argentina","8":"first","9":"outofstock","10":"taxable","11":"shipping-taxable","12":"purchasable","13":"product-type-simple"},"jetpack_publicize_connections":[],"_links":{"self":[{"href":"https:\/\/www.libertocitybell.com\/index.php?rest_route=\/wp\/v2\/product\/1208","targetHints":{"allow":["GET"]}}],"collection":[{"href":"https:\/\/www.libertocitybell.com\/index.php?rest_route=\/wp\/v2\/product"}],"about":[{"href":"https:\/\/www.libertocitybell.com\/index.php?rest_route=\/wp\/v2\/types\/product"}],"replies":[{"embeddable":true,"href":"https:\/\/www.libertocitybell.com\/index.php?rest_route=%2Fwp%2Fv2%2Fcomments&post=1208"}],"wp:featuredmedia":[{"embeddable":true,"href":"https:\/\/www.libertocitybell.com\/index.php?rest_route=\/wp\/v2\/media\/1209"}],"wp:attachment":[{"href":"https:\/\/www.libertocitybell.com\/index.php?rest_route=%2Fwp%2Fv2%2Fmedia&parent=1208"}],"wp:term":[{"taxonomy":"product_cat","embeddable":true,"href":"https:\/\/www.libertocitybell.com\/index.php?rest_route=%2Fwp%2Fv2%2Fproduct_cat&post=1208"},{"taxonomy":"product_tag","embeddable":true,"href":"https:\/\/www.libertocitybell.com\/index.php?rest_route=%2Fwp%2Fv2%2Fproduct_tag&post=1208"}],"curies":[{"name":"wp","href":"https:\/\/api.w.org\/{rel}","templated":true}]}}