{"id":1202,"date":"2021-05-06T18:35:42","date_gmt":"2021-05-06T21:35:42","guid":{"rendered":"https:\/\/www.libertocitybell.com\/?post_type=product&#038;p=1202"},"modified":"2023-02-09T20:07:00","modified_gmt":"2023-02-09T23:07:00","slug":"el-pibe-que-arruinaba-las-fotos-hernan-casciari","status":"publish","type":"product","link":"https:\/\/www.libertocitybell.com\/?product=el-pibe-que-arruinaba-las-fotos-hernan-casciari","title":{"rendered":"El Pibe Que Arruinaba Las Fotos &#8211; Hern\u00e1n Casciari"},"content":{"rendered":"<p>Desde su m\u00e1s rolliza infancia, el gordito Casciari arruinaba las fotos. Todas las fotos. Con el tiempo las cosas cambiaron. Se hab\u00eda convertido en un adolescente que arruinaba, sin querer, los momentos importantes de su vida: amores juveniles, estudios, vidas ajenas y la salud de sus mayores. El clima de Mercedes, el agobio de la situaci\u00f3n familiar y la necesidad de escapar, lo impulsaron a la b\u00fasqueda de s\u00ed mismo por el camino de la escritura, el \u00fanico sitio donde todav\u00eda es posible inventarse un pasado mejor.<\/p>\n<p>\u00abA los tres a\u00f1os empec\u00e9 a desarrollar esta patolog\u00eda extra\u00f1a, perversa, fruto de alg\u00fan complejo o trauma no resuelto. No s\u00e9 bien por qu\u00e9 lo hac\u00eda, pero no era capaz de evitarlo\u00bb.<\/p>\n","protected":false},"excerpt":{"rendered":"<p>Desde su m\u00e1s rolliza infancia, el gordito Casciari arruinaba las fotos. Todas las fotos. Con el tiempo las cosas cambiaron. Se hab\u00eda convertido en un adolescente que arruinaba, sin querer, los momentos importantes de su vida: amores juveniles, estudios, vidas ajenas y la salud de sus mayores. El clima de Mercedes, el agobio de la&hellip;&nbsp;<a href=\"https:\/\/www.libertocitybell.com\/?product=el-pibe-que-arruinaba-las-fotos-hernan-casciari\" class=\"\" rel=\"bookmark\">Leer m\u00e1s &raquo;<span class=\"screen-reader-text\">El Pibe Que Arruinaba Las Fotos &#8211; Hern\u00e1n Casciari<\/span><\/a><\/p>\n","protected":false},"featured_media":1203,"comment_status":"open","ping_status":"closed","template":"","meta":{"_coblocks_attr":"","_coblocks_dimensions":"","_coblocks_responsive_height":"","_coblocks_accordion_ie_support":"","neve_meta_sidebar":"","neve_meta_container":"","neve_meta_enable_content_width":"off","neve_meta_content_width":0,"neve_meta_title_alignment":"","neve_meta_author_avatar":"","neve_post_elements_order":"","neve_meta_disable_header":"","neve_meta_disable_footer":"","neve_meta_disable_title":"","spay_email":"","jetpack_publicize_message":"","jetpack_is_tweetstorm":false,"jetpack_publicize_feature_enabled":true},"product_cat":[21],"product_tag":[],"class_list":{"0":"post-1202","1":"product","2":"type-product","3":"status-publish","4":"has-post-thumbnail","6":"product_cat-narrativa-argentina","8":"first","9":"outofstock","10":"taxable","11":"shipping-taxable","12":"purchasable","13":"product-type-simple"},"jetpack_publicize_connections":[],"_links":{"self":[{"href":"https:\/\/www.libertocitybell.com\/index.php?rest_route=\/wp\/v2\/product\/1202","targetHints":{"allow":["GET"]}}],"collection":[{"href":"https:\/\/www.libertocitybell.com\/index.php?rest_route=\/wp\/v2\/product"}],"about":[{"href":"https:\/\/www.libertocitybell.com\/index.php?rest_route=\/wp\/v2\/types\/product"}],"replies":[{"embeddable":true,"href":"https:\/\/www.libertocitybell.com\/index.php?rest_route=%2Fwp%2Fv2%2Fcomments&post=1202"}],"wp:featuredmedia":[{"embeddable":true,"href":"https:\/\/www.libertocitybell.com\/index.php?rest_route=\/wp\/v2\/media\/1203"}],"wp:attachment":[{"href":"https:\/\/www.libertocitybell.com\/index.php?rest_route=%2Fwp%2Fv2%2Fmedia&parent=1202"}],"wp:term":[{"taxonomy":"product_cat","embeddable":true,"href":"https:\/\/www.libertocitybell.com\/index.php?rest_route=%2Fwp%2Fv2%2Fproduct_cat&post=1202"},{"taxonomy":"product_tag","embeddable":true,"href":"https:\/\/www.libertocitybell.com\/index.php?rest_route=%2Fwp%2Fv2%2Fproduct_tag&post=1202"}],"curies":[{"name":"wp","href":"https:\/\/api.w.org\/{rel}","templated":true}]}}