{"id":1200,"date":"2021-05-06T18:33:39","date_gmt":"2021-05-06T21:33:39","guid":{"rendered":"https:\/\/www.libertocitybell.com\/?post_type=product&#038;p=1200"},"modified":"2022-11-28T15:38:11","modified_gmt":"2022-11-28T18:38:11","slug":"charlas-con-mi-hemisferio-derecho-hernan-casciari","status":"publish","type":"product","link":"https:\/\/www.libertocitybell.com\/?product=charlas-con-mi-hemisferio-derecho-hernan-casciari","title":{"rendered":"Charlas con mi hemisferio derecho &#8211; Hern\u00e1n Casciari"},"content":{"rendered":"<p>\u00abConoc\u00ed a mi hemisferio derecho de pura casualidad, una tarde desesperada del a\u00f1o noventa y nueve. Mi vida entonces era un caos. Llevaba m\u00e1s de seis meses sin redactar un p\u00e1rrafo decente y estaba hecho un trapo; ya no sab\u00eda qu\u00e9 hacer con mi tristeza. Fue el bloqueo literario m\u00e1s duradero de mi vida\u00bb.<\/p>\n<p>El autor lo hab\u00eda intentado todo: empezar un cuento por el final, empezar una novela por el medio, dictarle estructuras narrativas a una grabadora, escribir drogado, escribir sobrio&#8230; No funcionaba nada. Hasta que descubri\u00f3 que el hemisferio derecho de su cerebro estaba en silencio. Y comenz\u00f3, muy de a poco, a conversar con \u00e9l.<\/p>\n<p>Charlas con mi hemisferio derecho es el tercer libro de relatos de Hern\u00e1n Casciari, escrito con los borradores a la vista del lector.<\/p>\n","protected":false},"excerpt":{"rendered":"<p>\u00abConoc\u00ed a mi hemisferio derecho de pura casualidad, una tarde desesperada del a\u00f1o noventa y nueve. Mi vida entonces era un caos. Llevaba m\u00e1s de seis meses sin redactar un p\u00e1rrafo decente y estaba hecho un trapo; ya no sab\u00eda qu\u00e9 hacer con mi tristeza. Fue el bloqueo literario m\u00e1s duradero de mi vida\u00bb. El&hellip;&nbsp;<a href=\"https:\/\/www.libertocitybell.com\/?product=charlas-con-mi-hemisferio-derecho-hernan-casciari\" class=\"\" rel=\"bookmark\">Leer m\u00e1s &raquo;<span class=\"screen-reader-text\">Charlas con mi hemisferio derecho &#8211; Hern\u00e1n Casciari<\/span><\/a><\/p>\n","protected":false},"featured_media":1201,"comment_status":"open","ping_status":"closed","template":"","meta":{"_coblocks_attr":"","_coblocks_dimensions":"","_coblocks_responsive_height":"","_coblocks_accordion_ie_support":"","neve_meta_sidebar":"","neve_meta_container":"","neve_meta_enable_content_width":"off","neve_meta_content_width":0,"neve_meta_title_alignment":"","neve_meta_author_avatar":"","neve_post_elements_order":"","neve_meta_disable_header":"","neve_meta_disable_footer":"","neve_meta_disable_title":"","spay_email":"","jetpack_publicize_message":"","jetpack_is_tweetstorm":false,"jetpack_publicize_feature_enabled":true},"product_cat":[21],"product_tag":[],"class_list":{"0":"post-1200","1":"product","2":"type-product","3":"status-publish","4":"has-post-thumbnail","6":"product_cat-narrativa-argentina","8":"first","9":"outofstock","10":"taxable","11":"shipping-taxable","12":"purchasable","13":"product-type-simple"},"jetpack_publicize_connections":[],"_links":{"self":[{"href":"https:\/\/www.libertocitybell.com\/index.php?rest_route=\/wp\/v2\/product\/1200","targetHints":{"allow":["GET"]}}],"collection":[{"href":"https:\/\/www.libertocitybell.com\/index.php?rest_route=\/wp\/v2\/product"}],"about":[{"href":"https:\/\/www.libertocitybell.com\/index.php?rest_route=\/wp\/v2\/types\/product"}],"replies":[{"embeddable":true,"href":"https:\/\/www.libertocitybell.com\/index.php?rest_route=%2Fwp%2Fv2%2Fcomments&post=1200"}],"wp:featuredmedia":[{"embeddable":true,"href":"https:\/\/www.libertocitybell.com\/index.php?rest_route=\/wp\/v2\/media\/1201"}],"wp:attachment":[{"href":"https:\/\/www.libertocitybell.com\/index.php?rest_route=%2Fwp%2Fv2%2Fmedia&parent=1200"}],"wp:term":[{"taxonomy":"product_cat","embeddable":true,"href":"https:\/\/www.libertocitybell.com\/index.php?rest_route=%2Fwp%2Fv2%2Fproduct_cat&post=1200"},{"taxonomy":"product_tag","embeddable":true,"href":"https:\/\/www.libertocitybell.com\/index.php?rest_route=%2Fwp%2Fv2%2Fproduct_tag&post=1200"}],"curies":[{"name":"wp","href":"https:\/\/api.w.org\/{rel}","templated":true}]}}