{"id":1197,"date":"2021-05-06T18:31:32","date_gmt":"2021-05-06T21:31:32","guid":{"rendered":"https:\/\/www.libertocitybell.com\/?post_type=product&#038;p=1197"},"modified":"2023-02-09T16:31:31","modified_gmt":"2023-02-09T19:31:31","slug":"el-mejor-infarto-de-mi-vida-hernan-casciari","status":"publish","type":"product","link":"https:\/\/www.libertocitybell.com\/?product=el-mejor-infarto-de-mi-vida-hernan-casciari","title":{"rendered":"El Mejor Infarto De Mi Vida &#8211; Hern\u00e1n Casciari"},"content":{"rendered":"<p>\u00abChe, es un infarto, dije, y Julieta sali\u00f3 corriendo a buscar ayuda. Entonces, justo ah\u00ed, en ese momento del domingo, me qued\u00e9 solo con la mano en el pecho. Y eso lo cambi\u00f3 todo, fue una especie de frontera. De repente me convert\u00ed en mi padre en su sill\u00f3n, despu\u00e9s del tenis. En mi abuelo en su noche final de la cl\u00ednica. En un mendigo que eterniza su apnea abajo de un puente. Fui todos los hombres muertos que no tuvieron gente al lado\u00bb.<\/p>\n<p>Los treinta y seis relatos que componen este libro fueron escritos antes, durante y despu\u00e9s de un infarto agudo de miocardio que el autor sufri\u00f3 en Montevideo a finales de 2015. Por esta raz\u00f3n los textos son irregulares y no guardan m\u00e1s relaci\u00f3n entre ellos que haber sido redactados al borde de la muerte.<\/p>\n<p>El mejor infarto de mi vida es el quinto libro de cuentos de Hern\u00e1n Casciari, escrito con los borradores a la vista del lector.<\/p>\n","protected":false},"excerpt":{"rendered":"<p>\u00abChe, es un infarto, dije, y Julieta sali\u00f3 corriendo a buscar ayuda. Entonces, justo ah\u00ed, en ese momento del domingo, me qued\u00e9 solo con la mano en el pecho. Y eso lo cambi\u00f3 todo, fue una especie de frontera. De repente me convert\u00ed en mi padre en su sill\u00f3n, despu\u00e9s del tenis. En mi abuelo&hellip;&nbsp;<a href=\"https:\/\/www.libertocitybell.com\/?product=el-mejor-infarto-de-mi-vida-hernan-casciari\" class=\"\" rel=\"bookmark\">Leer m\u00e1s &raquo;<span class=\"screen-reader-text\">El Mejor Infarto De Mi Vida &#8211; Hern\u00e1n Casciari<\/span><\/a><\/p>\n","protected":false},"featured_media":1198,"comment_status":"open","ping_status":"closed","template":"","meta":{"_coblocks_attr":"","_coblocks_dimensions":"","_coblocks_responsive_height":"","_coblocks_accordion_ie_support":"","neve_meta_sidebar":"","neve_meta_container":"","neve_meta_enable_content_width":"off","neve_meta_content_width":0,"neve_meta_title_alignment":"","neve_meta_author_avatar":"","neve_post_elements_order":"","neve_meta_disable_header":"","neve_meta_disable_footer":"","neve_meta_disable_title":"","spay_email":"","jetpack_publicize_message":"","jetpack_is_tweetstorm":false,"jetpack_publicize_feature_enabled":true},"product_cat":[21],"product_tag":[],"class_list":{"0":"post-1197","1":"product","2":"type-product","3":"status-publish","4":"has-post-thumbnail","6":"product_cat-narrativa-argentina","8":"first","9":"outofstock","10":"taxable","11":"shipping-taxable","12":"purchasable","13":"product-type-simple"},"jetpack_publicize_connections":[],"_links":{"self":[{"href":"https:\/\/www.libertocitybell.com\/index.php?rest_route=\/wp\/v2\/product\/1197","targetHints":{"allow":["GET"]}}],"collection":[{"href":"https:\/\/www.libertocitybell.com\/index.php?rest_route=\/wp\/v2\/product"}],"about":[{"href":"https:\/\/www.libertocitybell.com\/index.php?rest_route=\/wp\/v2\/types\/product"}],"replies":[{"embeddable":true,"href":"https:\/\/www.libertocitybell.com\/index.php?rest_route=%2Fwp%2Fv2%2Fcomments&post=1197"}],"wp:featuredmedia":[{"embeddable":true,"href":"https:\/\/www.libertocitybell.com\/index.php?rest_route=\/wp\/v2\/media\/1198"}],"wp:attachment":[{"href":"https:\/\/www.libertocitybell.com\/index.php?rest_route=%2Fwp%2Fv2%2Fmedia&parent=1197"}],"wp:term":[{"taxonomy":"product_cat","embeddable":true,"href":"https:\/\/www.libertocitybell.com\/index.php?rest_route=%2Fwp%2Fv2%2Fproduct_cat&post=1197"},{"taxonomy":"product_tag","embeddable":true,"href":"https:\/\/www.libertocitybell.com\/index.php?rest_route=%2Fwp%2Fv2%2Fproduct_tag&post=1197"}],"curies":[{"name":"wp","href":"https:\/\/api.w.org\/{rel}","templated":true}]}}