{"id":1195,"date":"2021-05-06T18:28:40","date_gmt":"2021-05-06T21:28:40","guid":{"rendered":"https:\/\/www.libertocitybell.com\/?post_type=product&#038;p=1195"},"modified":"2023-02-09T20:08:44","modified_gmt":"2023-02-09T23:08:44","slug":"espana-deci-alpiste-hernan-casciari","status":"publish","type":"product","link":"https:\/\/www.libertocitybell.com\/?product=espana-deci-alpiste-hernan-casciari","title":{"rendered":"Espa\u00f1a, dec\u00ed alpiste &#8211; Hern\u00e1n Casciari"},"content":{"rendered":"<p>Despu\u00e9s de la crisis de 2001, una nueva camada de rioplatenses desembarc\u00f3 en Espa\u00f1a. Fueron muchos, estaban muertos de hambre, eran profesionales de clase media y ten\u00edan un af\u00e1n secreto: corromper la cultura ib\u00e9rica hasta conquistarla.<\/p>\n<p>Entre sus objetivos se destacaban: contaminar la gastronom\u00eda peninsular, seducir a la mujer espa\u00f1ola, imponer sobremesas filos\u00f3ficas, masificar el consumo de dulce de leche, obligar a los hinchas de f\u00fatbol a entonar cantitos con argumento, educar al carnicero en el corte paralelo al nervio y, sobre todo, invadir las guarder\u00edas espa\u00f1olas de chicos con apellidos terminados con la letra \u00abi\u00bb.<\/p>\n<p>Este libro pas\u00f3 en secreto de mano en mano como un Cor\u00e1n sudaca que cada emigrado memoriz\u00f3 en el exilio. Espa\u00f1a, dec\u00ed alpiste es una lectura obligada tanto para quienes quieran conocer las aventuras de nuestros compatriotas en el exterior como para los que tienen pensado emigrar.<\/p>\n<p>\u00abEspa\u00f1a, dec\u00ed alpiste\u00bb es el segundo libro de relatos de Hern\u00e1n Casciari, escrito con los borradores a la vista del lector.<\/p>\n","protected":false},"excerpt":{"rendered":"<p>Despu\u00e9s de la crisis de 2001, una nueva camada de rioplatenses desembarc\u00f3 en Espa\u00f1a. Fueron muchos, estaban muertos de hambre, eran profesionales de clase media y ten\u00edan un af\u00e1n secreto: corromper la cultura ib\u00e9rica hasta conquistarla. Entre sus objetivos se destacaban: contaminar la gastronom\u00eda peninsular, seducir a la mujer espa\u00f1ola, imponer sobremesas filos\u00f3ficas, masificar el&hellip;&nbsp;<a href=\"https:\/\/www.libertocitybell.com\/?product=espana-deci-alpiste-hernan-casciari\" class=\"\" rel=\"bookmark\">Leer m\u00e1s &raquo;<span class=\"screen-reader-text\">Espa\u00f1a, dec\u00ed alpiste &#8211; Hern\u00e1n Casciari<\/span><\/a><\/p>\n","protected":false},"featured_media":1196,"comment_status":"open","ping_status":"closed","template":"","meta":{"_coblocks_attr":"","_coblocks_dimensions":"","_coblocks_responsive_height":"","_coblocks_accordion_ie_support":"","neve_meta_sidebar":"","neve_meta_container":"","neve_meta_enable_content_width":"off","neve_meta_content_width":0,"neve_meta_title_alignment":"","neve_meta_author_avatar":"","neve_post_elements_order":"","neve_meta_disable_header":"","neve_meta_disable_footer":"","neve_meta_disable_title":"","spay_email":"","jetpack_publicize_message":"","jetpack_is_tweetstorm":false,"jetpack_publicize_feature_enabled":true},"product_cat":[21],"product_tag":[],"class_list":{"0":"post-1195","1":"product","2":"type-product","3":"status-publish","4":"has-post-thumbnail","6":"product_cat-narrativa-argentina","8":"first","9":"outofstock","10":"taxable","11":"shipping-taxable","12":"purchasable","13":"product-type-simple"},"jetpack_publicize_connections":[],"_links":{"self":[{"href":"https:\/\/www.libertocitybell.com\/index.php?rest_route=\/wp\/v2\/product\/1195","targetHints":{"allow":["GET"]}}],"collection":[{"href":"https:\/\/www.libertocitybell.com\/index.php?rest_route=\/wp\/v2\/product"}],"about":[{"href":"https:\/\/www.libertocitybell.com\/index.php?rest_route=\/wp\/v2\/types\/product"}],"replies":[{"embeddable":true,"href":"https:\/\/www.libertocitybell.com\/index.php?rest_route=%2Fwp%2Fv2%2Fcomments&post=1195"}],"wp:featuredmedia":[{"embeddable":true,"href":"https:\/\/www.libertocitybell.com\/index.php?rest_route=\/wp\/v2\/media\/1196"}],"wp:attachment":[{"href":"https:\/\/www.libertocitybell.com\/index.php?rest_route=%2Fwp%2Fv2%2Fmedia&parent=1195"}],"wp:term":[{"taxonomy":"product_cat","embeddable":true,"href":"https:\/\/www.libertocitybell.com\/index.php?rest_route=%2Fwp%2Fv2%2Fproduct_cat&post=1195"},{"taxonomy":"product_tag","embeddable":true,"href":"https:\/\/www.libertocitybell.com\/index.php?rest_route=%2Fwp%2Fv2%2Fproduct_tag&post=1195"}],"curies":[{"name":"wp","href":"https:\/\/api.w.org\/{rel}","templated":true}]}}