{"id":1189,"date":"2021-04-24T13:29:22","date_gmt":"2021-04-24T16:29:22","guid":{"rendered":"https:\/\/www.libertocitybell.com\/?post_type=product&#038;p=1189"},"modified":"2023-02-09T20:34:41","modified_gmt":"2023-02-09T23:34:41","slug":"manifiesto-contrasexual-paul-b-preciado","status":"publish","type":"product","link":"https:\/\/www.libertocitybell.com\/?product=manifiesto-contrasexual-paul-b-preciado","title":{"rendered":"Manifiesto contrasexual &#8211; Paul B. Preciado"},"content":{"rendered":"<p><em>Edici\u00f3n del 20.\u00ba aniversario con una nueva introducci\u00f3n del autor<\/em><\/p>\n<p>\u00abEn el principio era el dildo. El dildo antecede al pene. Es el origen del pene.\u00bb La sexualidad es una tecnolog\u00eda hecha de \u00abm\u00e1quinas, productos, instrumentos, aparatos, trucos, pr\u00f3tesis, redes, aplicaciones, programas, conexiones, flujos de energ\u00eda y de informaci\u00f3n, interrupciones e interruptores, llaves, leyes de circulaci\u00f3n, fronteras, constre\u00f1imientos, dise\u00f1os, l\u00f3gicas, equipos, formatos, accidentes, detritos, mecanismos, usos, desv\u00edos&#8230;\u00bb. Es hora de entrar en la caja negra del sistema y de inventar una nueva gram\u00e1tica.<\/p>\n<p>Un encuentro salvaje entre el feminismo y la dildotect\u00f3nica, entre la filosof\u00eda posestructural y el c\u00f3mic manga, entre la acci\u00f3n pol\u00edtica y la ciencia ficci\u00f3n. Filos\u00f3ficamente preciso e hilarante, el\u00a0<em>Manifiesto contrasexual<\/em>\u00a0se ha convertido en un cl\u00e1sico del pensamiento para el siglo XXI. Un libro imprescindible para entender los debates contempor\u00e1neos en torno a las pol\u00edticas feministas, queer y transg\u00e9nero, que presentamos acompa\u00f1ado de una nueva introducci\u00f3n a cargo del autor.<\/p>\n","protected":false},"excerpt":{"rendered":"<p>Edici\u00f3n del 20.\u00ba aniversario con una nueva introducci\u00f3n del autor \u00abEn el principio era el dildo. El dildo antecede al pene. Es el origen del pene.\u00bb La sexualidad es una tecnolog\u00eda hecha de \u00abm\u00e1quinas, productos, instrumentos, aparatos, trucos, pr\u00f3tesis, redes, aplicaciones, programas, conexiones, flujos de energ\u00eda y de informaci\u00f3n, interrupciones e interruptores, llaves, leyes de&hellip;&nbsp;<a href=\"https:\/\/www.libertocitybell.com\/?product=manifiesto-contrasexual-paul-b-preciado\" class=\"\" rel=\"bookmark\">Leer m\u00e1s &raquo;<span class=\"screen-reader-text\">Manifiesto contrasexual &#8211; Paul B. Preciado<\/span><\/a><\/p>\n","protected":false},"featured_media":1190,"comment_status":"open","ping_status":"closed","template":"","meta":{"_coblocks_attr":"","_coblocks_dimensions":"","_coblocks_responsive_height":"","_coblocks_accordion_ie_support":"","neve_meta_sidebar":"","neve_meta_container":"","neve_meta_enable_content_width":"off","neve_meta_content_width":0,"neve_meta_title_alignment":"","neve_meta_author_avatar":"","neve_post_elements_order":"","neve_meta_disable_header":"","neve_meta_disable_footer":"","neve_meta_disable_title":"","spay_email":"","jetpack_publicize_message":"","jetpack_is_tweetstorm":false,"jetpack_publicize_feature_enabled":true},"product_cat":[20],"product_tag":[],"class_list":{"0":"post-1189","1":"product","2":"type-product","3":"status-publish","4":"has-post-thumbnail","6":"product_cat-narrativa-internacional","8":"first","9":"outofstock","10":"taxable","11":"shipping-taxable","12":"purchasable","13":"product-type-simple"},"jetpack_publicize_connections":[],"_links":{"self":[{"href":"https:\/\/www.libertocitybell.com\/index.php?rest_route=\/wp\/v2\/product\/1189","targetHints":{"allow":["GET"]}}],"collection":[{"href":"https:\/\/www.libertocitybell.com\/index.php?rest_route=\/wp\/v2\/product"}],"about":[{"href":"https:\/\/www.libertocitybell.com\/index.php?rest_route=\/wp\/v2\/types\/product"}],"replies":[{"embeddable":true,"href":"https:\/\/www.libertocitybell.com\/index.php?rest_route=%2Fwp%2Fv2%2Fcomments&post=1189"}],"wp:featuredmedia":[{"embeddable":true,"href":"https:\/\/www.libertocitybell.com\/index.php?rest_route=\/wp\/v2\/media\/1190"}],"wp:attachment":[{"href":"https:\/\/www.libertocitybell.com\/index.php?rest_route=%2Fwp%2Fv2%2Fmedia&parent=1189"}],"wp:term":[{"taxonomy":"product_cat","embeddable":true,"href":"https:\/\/www.libertocitybell.com\/index.php?rest_route=%2Fwp%2Fv2%2Fproduct_cat&post=1189"},{"taxonomy":"product_tag","embeddable":true,"href":"https:\/\/www.libertocitybell.com\/index.php?rest_route=%2Fwp%2Fv2%2Fproduct_tag&post=1189"}],"curies":[{"name":"wp","href":"https:\/\/api.w.org\/{rel}","templated":true}]}}