{"id":1187,"date":"2021-04-24T13:22:35","date_gmt":"2021-04-24T16:22:35","guid":{"rendered":"https:\/\/www.libertocitybell.com\/?post_type=product&#038;p=1187"},"modified":"2023-02-09T20:08:52","modified_gmt":"2023-02-09T23:08:52","slug":"facsimil-alejandro-zambra","status":"publish","type":"product","link":"https:\/\/www.libertocitybell.com\/?product=facsimil-alejandro-zambra","title":{"rendered":"Facs\u00edmil &#8211; Alejandro Zambra"},"content":{"rendered":"<p><strong>Un libro contra la ilusi\u00f3n de una respuesta \u00fanica, contra el facilismo que elimina matices y neutraliza el pensamiento.<\/strong><\/p>\n<p>Este libro osado, amargo y divertido est\u00e1 basado en un modelo antip\u00e1tico, tal vez el m\u00e1s antip\u00e1tico de todos: un examen de selecci\u00f3n m\u00faltiple para acceder a la educaci\u00f3n universitaria, concretamente el que miles de j\u00f3venes, a lo largo de d\u00e9cadas, tuvieron que afrontar para postular a las universidades chilenas.<\/p>\n<p>\u00abA ustedes no los educaron, los entrenaron\u00bb, sentencia un personaje de este libro feroz, hecho de relatos, fragmentos l\u00edricos y ejercicios de lenguaje, pero tambi\u00e9n de textos que reconocemos sombr\u00edamente como demasiado cercanos (folleter\u00eda, publicidad, panfletos).\u00a0<em>Facs\u00edmil\u00a0<\/em>aborda el fracaso de un sistema educativo que ha perpetuado las desigualdades y precarizado la experiencia. Es un libro contra la ilusi\u00f3n de una respuesta \u00fanica, contra el facilismo que elimina matices y neutraliza el pensamiento.<\/p>\n<p>Publicado por primera vez en 2014,\u00a0<em>Facs\u00edmil\u00a0<\/em>acumul\u00f3 elogios, ediciones y traducciones a una velocidad inesperada, demostrando que su particular\u00edsima mezcla de mordacidad y ternura resuena en diversas escalas, y convirti\u00e9ndose en uno de los t\u00edtulos fundamentales de Alejandro Zambra.<\/p>\n<p>\u00abDivertido, melanc\u00f3lico, sorprendente&#8230; Puede que cambie lo que piensas sobre la ficci\u00f3n\u00bb\u00a0<em>(The Guardian).<\/em><\/p>\n","protected":false},"excerpt":{"rendered":"<p>Un libro contra la ilusi\u00f3n de una respuesta \u00fanica, contra el facilismo que elimina matices y neutraliza el pensamiento. Este libro osado, amargo y divertido est\u00e1 basado en un modelo antip\u00e1tico, tal vez el m\u00e1s antip\u00e1tico de todos: un examen de selecci\u00f3n m\u00faltiple para acceder a la educaci\u00f3n universitaria, concretamente el que miles de j\u00f3venes,&hellip;&nbsp;<a href=\"https:\/\/www.libertocitybell.com\/?product=facsimil-alejandro-zambra\" class=\"\" rel=\"bookmark\">Leer m\u00e1s &raquo;<span class=\"screen-reader-text\">Facs\u00edmil &#8211; Alejandro Zambra<\/span><\/a><\/p>\n","protected":false},"featured_media":1188,"comment_status":"open","ping_status":"closed","template":"","meta":{"_coblocks_attr":"","_coblocks_dimensions":"","_coblocks_responsive_height":"","_coblocks_accordion_ie_support":"","neve_meta_sidebar":"","neve_meta_container":"","neve_meta_enable_content_width":"off","neve_meta_content_width":0,"neve_meta_title_alignment":"","neve_meta_author_avatar":"","neve_post_elements_order":"","neve_meta_disable_header":"","neve_meta_disable_footer":"","neve_meta_disable_title":"","spay_email":"","jetpack_publicize_message":"","jetpack_is_tweetstorm":false,"jetpack_publicize_feature_enabled":true},"product_cat":[22],"product_tag":[],"class_list":{"0":"post-1187","1":"product","2":"type-product","3":"status-publish","4":"has-post-thumbnail","6":"product_cat-narrativa-latinoamericana","8":"first","9":"outofstock","10":"taxable","11":"shipping-taxable","12":"purchasable","13":"product-type-simple"},"jetpack_publicize_connections":[],"_links":{"self":[{"href":"https:\/\/www.libertocitybell.com\/index.php?rest_route=\/wp\/v2\/product\/1187","targetHints":{"allow":["GET"]}}],"collection":[{"href":"https:\/\/www.libertocitybell.com\/index.php?rest_route=\/wp\/v2\/product"}],"about":[{"href":"https:\/\/www.libertocitybell.com\/index.php?rest_route=\/wp\/v2\/types\/product"}],"replies":[{"embeddable":true,"href":"https:\/\/www.libertocitybell.com\/index.php?rest_route=%2Fwp%2Fv2%2Fcomments&post=1187"}],"wp:featuredmedia":[{"embeddable":true,"href":"https:\/\/www.libertocitybell.com\/index.php?rest_route=\/wp\/v2\/media\/1188"}],"wp:attachment":[{"href":"https:\/\/www.libertocitybell.com\/index.php?rest_route=%2Fwp%2Fv2%2Fmedia&parent=1187"}],"wp:term":[{"taxonomy":"product_cat","embeddable":true,"href":"https:\/\/www.libertocitybell.com\/index.php?rest_route=%2Fwp%2Fv2%2Fproduct_cat&post=1187"},{"taxonomy":"product_tag","embeddable":true,"href":"https:\/\/www.libertocitybell.com\/index.php?rest_route=%2Fwp%2Fv2%2Fproduct_tag&post=1187"}],"curies":[{"name":"wp","href":"https:\/\/api.w.org\/{rel}","templated":true}]}}