{"id":1175,"date":"2021-04-10T14:15:02","date_gmt":"2021-04-10T17:15:02","guid":{"rendered":"https:\/\/www.libertocitybell.com\/?post_type=product&#038;p=1175"},"modified":"2023-02-09T16:21:31","modified_gmt":"2023-02-09T19:21:31","slug":"cuaderno-cosido-mediano-punteado-agustina-basile-abstracciones","status":"publish","type":"product","link":"https:\/\/www.libertocitybell.com\/?product=cuaderno-cosido-mediano-punteado-agustina-basile-abstracciones","title":{"rendered":"Cuaderno Cosido Mediano Punteado &#8211; Agustina Basile Abstracciones"},"content":{"rendered":"<p>Un tama\u00f1o generoso y al mismo tiempo liviano, para llevar con vos a todos lados.<\/p>\n<p><strong>Detalles:<br \/>\n<\/strong>incluye regla y cierre el\u00e1stico<\/p>\n<p><a href=\"https:\/\/www.monoblock.tv\/es\/inicio\/3365-cuaderno-cosido-mediano-agustina-basile-abstracciones-punteado-7798340555580.html#features\" data-toggle=\"tab\">CARACTER\u00cdSTICAS<\/a><\/p>\n<p>Tama\u00f1o:\u00a015 x 21 cm<br \/>\nInterior:\u00a080 Hojas Micropuntilladas<br \/>\nEncuadernaci\u00f3n:\u00a0Cosido. Tapa Blanda Laminada<br \/>\nPapel:\u00a0ahuesado de 80 grs<br \/>\nColecci\u00f3n:\u00a0Monoblock<\/p>\n","protected":false},"excerpt":{"rendered":"<p>Un tama\u00f1o generoso y al mismo tiempo liviano, para llevar con vos a todos lados. Detalles: incluye regla y cierre el\u00e1stico CARACTER\u00cdSTICAS Tama\u00f1o:\u00a015 x 21 cm Interior:\u00a080 Hojas Micropuntilladas Encuadernaci\u00f3n:\u00a0Cosido. Tapa Blanda Laminada Papel:\u00a0ahuesado de 80 grs Colecci\u00f3n:\u00a0Monoblock<\/p>\n","protected":false},"featured_media":1179,"comment_status":"open","ping_status":"closed","template":"","meta":{"_coblocks_attr":"","_coblocks_dimensions":"","_coblocks_responsive_height":"","_coblocks_accordion_ie_support":"","neve_meta_sidebar":"","neve_meta_container":"","neve_meta_enable_content_width":"off","neve_meta_content_width":0,"neve_meta_title_alignment":"","neve_meta_author_avatar":"","neve_post_elements_order":"","neve_meta_disable_header":"","neve_meta_disable_footer":"","neve_meta_disable_title":"","spay_email":"","jetpack_publicize_message":"","jetpack_is_tweetstorm":false,"jetpack_publicize_feature_enabled":true},"product_cat":[41,35],"product_tag":[],"class_list":{"0":"post-1175","1":"product","2":"type-product","3":"status-publish","4":"has-post-thumbnail","6":"product_cat-cuadernos","7":"product_cat-monoblock","9":"first","10":"outofstock","11":"taxable","12":"shipping-taxable","13":"purchasable","14":"product-type-simple"},"jetpack_publicize_connections":[],"_links":{"self":[{"href":"https:\/\/www.libertocitybell.com\/index.php?rest_route=\/wp\/v2\/product\/1175","targetHints":{"allow":["GET"]}}],"collection":[{"href":"https:\/\/www.libertocitybell.com\/index.php?rest_route=\/wp\/v2\/product"}],"about":[{"href":"https:\/\/www.libertocitybell.com\/index.php?rest_route=\/wp\/v2\/types\/product"}],"replies":[{"embeddable":true,"href":"https:\/\/www.libertocitybell.com\/index.php?rest_route=%2Fwp%2Fv2%2Fcomments&post=1175"}],"wp:featuredmedia":[{"embeddable":true,"href":"https:\/\/www.libertocitybell.com\/index.php?rest_route=\/wp\/v2\/media\/1179"}],"wp:attachment":[{"href":"https:\/\/www.libertocitybell.com\/index.php?rest_route=%2Fwp%2Fv2%2Fmedia&parent=1175"}],"wp:term":[{"taxonomy":"product_cat","embeddable":true,"href":"https:\/\/www.libertocitybell.com\/index.php?rest_route=%2Fwp%2Fv2%2Fproduct_cat&post=1175"},{"taxonomy":"product_tag","embeddable":true,"href":"https:\/\/www.libertocitybell.com\/index.php?rest_route=%2Fwp%2Fv2%2Fproduct_tag&post=1175"}],"curies":[{"name":"wp","href":"https:\/\/api.w.org\/{rel}","templated":true}]}}