{"id":1147,"date":"2021-03-17T11:22:10","date_gmt":"2021-03-17T14:22:10","guid":{"rendered":"http:\/\/www.libertocitybell.com\/?post_type=product&#038;p=1147"},"modified":"2023-02-09T20:34:31","modified_gmt":"2023-02-09T23:34:31","slug":"magritte-editorial-taschen","status":"publish","type":"product","link":"https:\/\/www.libertocitybell.com\/?product=magritte-editorial-taschen","title":{"rendered":"Magritte &#8211; Editorial Taschen"},"content":{"rendered":"<p>Con sus hombres con bomb\u00edn flotando en el cielo o la pintura de una pipa sobre la leyenda \u00abEsto no es una pipa\u00bb, Ren\u00e9 Magritte (1898-1967) cre\u00f3 una caja de resonancia de objetos e im\u00e1genes, nombres y cosas, realidad y representaci\u00f3n.<\/p>\n<p>Como otras obras surrealistas, las pinturas de Magritte combinan una t\u00e9cnica mim\u00e9tica precisa con configuraciones alienantes inusitadas que desaf\u00edan las leyes de la escala, la l\u00f3gica y la ciencia. Un peine del tama\u00f1o de un armario, rocas que flotan en el cielo, nubes que atraviesan una puerta abierta: el resultado es un mundo directo pero desorientador, a menudo ingenioso y desconcertante, el cual nos impulsa invariablemente a intentar ver m\u00e1s all\u00e1 de lo visible y discernir \u00ablo que se oculta tras lo que vemos\u00bb.<\/p>\n<p>Este libro introductorio explora el amplio repertorio de humor visual, paradoja y sorpresa de Magritte, que a\u00fan hoy nos impulsa a examinar repetidas veces no solo la pintura, sino nuestra condici\u00f3n de individuos y el mundo que nos rodea.<\/p>\n","protected":false},"excerpt":{"rendered":"<p>Con sus hombres con bomb\u00edn flotando en el cielo o la pintura de una pipa sobre la leyenda \u00abEsto no es una pipa\u00bb, Ren\u00e9 Magritte (1898-1967) cre\u00f3 una caja de resonancia de objetos e im\u00e1genes, nombres y cosas, realidad y representaci\u00f3n. Como otras obras surrealistas, las pinturas de Magritte combinan una t\u00e9cnica mim\u00e9tica precisa con&hellip;&nbsp;<a href=\"https:\/\/www.libertocitybell.com\/?product=magritte-editorial-taschen\" class=\"\" rel=\"bookmark\">Leer m\u00e1s &raquo;<span class=\"screen-reader-text\">Magritte &#8211; Editorial Taschen<\/span><\/a><\/p>\n","protected":false},"featured_media":1148,"comment_status":"open","ping_status":"closed","template":"","meta":{"_coblocks_attr":"","_coblocks_dimensions":"","_coblocks_responsive_height":"","_coblocks_accordion_ie_support":"","neve_meta_sidebar":"","neve_meta_container":"","neve_meta_enable_content_width":"off","neve_meta_content_width":0,"neve_meta_title_alignment":"","neve_meta_author_avatar":"","neve_post_elements_order":"","neve_meta_disable_header":"","neve_meta_disable_footer":"","neve_meta_disable_title":"","spay_email":"","jetpack_publicize_message":"","jetpack_is_tweetstorm":false,"jetpack_publicize_feature_enabled":true},"product_cat":[19],"product_tag":[],"class_list":{"0":"post-1147","1":"product","2":"type-product","3":"status-publish","4":"has-post-thumbnail","6":"product_cat-arte","8":"first","9":"outofstock","10":"taxable","11":"shipping-taxable","12":"purchasable","13":"product-type-simple"},"jetpack_publicize_connections":[],"_links":{"self":[{"href":"https:\/\/www.libertocitybell.com\/index.php?rest_route=\/wp\/v2\/product\/1147","targetHints":{"allow":["GET"]}}],"collection":[{"href":"https:\/\/www.libertocitybell.com\/index.php?rest_route=\/wp\/v2\/product"}],"about":[{"href":"https:\/\/www.libertocitybell.com\/index.php?rest_route=\/wp\/v2\/types\/product"}],"replies":[{"embeddable":true,"href":"https:\/\/www.libertocitybell.com\/index.php?rest_route=%2Fwp%2Fv2%2Fcomments&post=1147"}],"wp:featuredmedia":[{"embeddable":true,"href":"https:\/\/www.libertocitybell.com\/index.php?rest_route=\/wp\/v2\/media\/1148"}],"wp:attachment":[{"href":"https:\/\/www.libertocitybell.com\/index.php?rest_route=%2Fwp%2Fv2%2Fmedia&parent=1147"}],"wp:term":[{"taxonomy":"product_cat","embeddable":true,"href":"https:\/\/www.libertocitybell.com\/index.php?rest_route=%2Fwp%2Fv2%2Fproduct_cat&post=1147"},{"taxonomy":"product_tag","embeddable":true,"href":"https:\/\/www.libertocitybell.com\/index.php?rest_route=%2Fwp%2Fv2%2Fproduct_tag&post=1147"}],"curies":[{"name":"wp","href":"https:\/\/api.w.org\/{rel}","templated":true}]}}