{"id":1136,"date":"2021-03-16T14:16:51","date_gmt":"2021-03-16T17:16:51","guid":{"rendered":"http:\/\/www.libertocitybell.com\/?post_type=product&#038;p=1136"},"modified":"2023-02-09T20:11:03","modified_gmt":"2023-02-09T23:11:03","slug":"jackson-pollock-editorial-taschen","status":"publish","type":"product","link":"https:\/\/www.libertocitybell.com\/?product=jackson-pollock-editorial-taschen","title":{"rendered":"Jackson Pollock &#8211; Editorial Taschen"},"content":{"rendered":"<p>H\u00e9roe rebelde del expresionismo abstracto, Jackson Pollock ilumin\u00f3 a lo largo de su vida el panorama art\u00edstico de Estados Unidos cual pirot\u00e9cnico, dejando un legado en el que destacan sus en\u00e9rgicas y explosivas pinturas con salpicaduras efectuadas con la t\u00e9cnica del\u00a0<em>dripping.<\/em>\u00a0Esta introducci\u00f3n esencial explora su trabajo y su fama para, a trav\u00e9s de ambos, comprender el valor de sus obras maestras en el arte moderno y su condici\u00f3n de icono cultural.<\/p>\n<div class=\"text_bookdetails_facts small py-2\">Tapa dura, 21 x 26 cm, 0,57 kg, 96 p\u00e1ginas<\/div>\n","protected":false},"excerpt":{"rendered":"<p>H\u00e9roe rebelde del expresionismo abstracto, Jackson Pollock ilumin\u00f3 a lo largo de su vida el panorama art\u00edstico de Estados Unidos cual pirot\u00e9cnico, dejando un legado en el que destacan sus en\u00e9rgicas y explosivas pinturas con salpicaduras efectuadas con la t\u00e9cnica del\u00a0dripping.\u00a0Esta introducci\u00f3n esencial explora su trabajo y su fama para, a trav\u00e9s de ambos, comprender&hellip;&nbsp;<a href=\"https:\/\/www.libertocitybell.com\/?product=jackson-pollock-editorial-taschen\" class=\"\" rel=\"bookmark\">Leer m\u00e1s &raquo;<span class=\"screen-reader-text\">Jackson Pollock &#8211; Editorial Taschen<\/span><\/a><\/p>\n","protected":false},"featured_media":1138,"comment_status":"open","ping_status":"closed","template":"","meta":{"_coblocks_attr":"","_coblocks_dimensions":"","_coblocks_responsive_height":"","_coblocks_accordion_ie_support":"","neve_meta_sidebar":"","neve_meta_container":"","neve_meta_enable_content_width":"off","neve_meta_content_width":0,"neve_meta_title_alignment":"","neve_meta_author_avatar":"","neve_post_elements_order":"","neve_meta_disable_header":"","neve_meta_disable_footer":"","neve_meta_disable_title":"","spay_email":"","jetpack_publicize_message":"","jetpack_is_tweetstorm":false,"jetpack_publicize_feature_enabled":true},"product_cat":[19],"product_tag":[],"class_list":{"0":"post-1136","1":"product","2":"type-product","3":"status-publish","4":"has-post-thumbnail","6":"product_cat-arte","8":"first","9":"outofstock","10":"taxable","11":"shipping-taxable","12":"purchasable","13":"product-type-simple"},"jetpack_publicize_connections":[],"_links":{"self":[{"href":"https:\/\/www.libertocitybell.com\/index.php?rest_route=\/wp\/v2\/product\/1136","targetHints":{"allow":["GET"]}}],"collection":[{"href":"https:\/\/www.libertocitybell.com\/index.php?rest_route=\/wp\/v2\/product"}],"about":[{"href":"https:\/\/www.libertocitybell.com\/index.php?rest_route=\/wp\/v2\/types\/product"}],"replies":[{"embeddable":true,"href":"https:\/\/www.libertocitybell.com\/index.php?rest_route=%2Fwp%2Fv2%2Fcomments&post=1136"}],"wp:featuredmedia":[{"embeddable":true,"href":"https:\/\/www.libertocitybell.com\/index.php?rest_route=\/wp\/v2\/media\/1138"}],"wp:attachment":[{"href":"https:\/\/www.libertocitybell.com\/index.php?rest_route=%2Fwp%2Fv2%2Fmedia&parent=1136"}],"wp:term":[{"taxonomy":"product_cat","embeddable":true,"href":"https:\/\/www.libertocitybell.com\/index.php?rest_route=%2Fwp%2Fv2%2Fproduct_cat&post=1136"},{"taxonomy":"product_tag","embeddable":true,"href":"https:\/\/www.libertocitybell.com\/index.php?rest_route=%2Fwp%2Fv2%2Fproduct_tag&post=1136"}],"curies":[{"name":"wp","href":"https:\/\/api.w.org\/{rel}","templated":true}]}}