{"id":1107,"date":"2021-03-03T11:17:55","date_gmt":"2021-03-03T14:17:55","guid":{"rendered":"http:\/\/www.libertocitybell.com\/?post_type=product&#038;p=1107"},"modified":"2023-02-09T20:07:37","modified_gmt":"2023-02-09T23:07:37","slug":"el-ultimo-guardian-del-antiguo-cairo-michael-david-lukas","status":"publish","type":"product","link":"https:\/\/www.libertocitybell.com\/?product=el-ultimo-guardian-del-antiguo-cairo-michael-david-lukas","title":{"rendered":"El \u00faltimo guardi\u00e1n del Antiguo Cairo &#8211; Michael David Lukas"},"content":{"rendered":"<p>Ganadora del Premio Sophie Brody, que otorga la American Library Association\u00b4s y del National Jewish Book Award in Fiction, y nominado como uno de los diez mejores libros del a\u00f1o por la BBC,\u00a0<em>El \u00faltimo guardi\u00e1n del Antiguo Cairo\u00a0<\/em>es una novela sublime que narra una milenaria historia ambientada en el Antiguo Cairo.<\/p>\n<p>Comienza cuando Joseph, un estudiante de literatura en Berkeley, hijo de una madre jud\u00eda, recibe la noticia de la muerte de su padre musulm\u00e1n. Viv\u00eda en Egipto y ten\u00eda poco trato con \u00e9l. A los pocos d\u00edas le llega un misterioso paquete que ofrece la clave de un oficio legendario: generaci\u00f3n tras generaci\u00f3n, siglo tras siglo, los hombres de la familia paterna de Joseph han servido como vigilantes de la famosa Sinagoga Ibn Ezra en el Antiguo Cairo, construida en el lugar donde el peque\u00f1o Mois\u00e9s fue sacado del Nilo.<\/p>\n<p>\u00bfQu\u00e9 esconde esa historia que ignoraba por completo? Las fascinantes vidas de sus ancestros; los misterios de una ciudad donde coexistieron cristianos, jud\u00edos y musulmanes; unos textos sagrados, manuscritos incunables, que est\u00e1n a punto de perderse y que dos inolvidables gemelas inglesas quieren rescatar a fines del siglo XIX. Joseph se adentra en un mundo maravilloso, al tiempo que se revela una faceta desconocida de su identidad, de su padre y de un precioso legado que ahora llega hasta \u00e9l. No volver\u00e1 a ser el mismo.<\/p>\n<p>En un juego de espejos e intrigas perfectamente tramado, con una prosa di\u00e1fana y l\u00edrica y un consumado dominio del arte narrativo, Michael David Lukas escribi\u00f3 una novela donde conviven los amores prohibidos, los enigmas del pasado, la dif\u00edcil relaci\u00f3n entre distintas generaciones y los desencuentros entre Oriente y Occidente, todo en el ambiente m\u00e1gico y seductor del Antiguo Cairo.<\/p>\n","protected":false},"excerpt":{"rendered":"<p>Ganadora del Premio Sophie Brody, que otorga la American Library Association\u00b4s y del National Jewish Book Award in Fiction, y nominado como uno de los diez mejores libros del a\u00f1o por la BBC,\u00a0El \u00faltimo guardi\u00e1n del Antiguo Cairo\u00a0es una novela sublime que narra una milenaria historia ambientada en el Antiguo Cairo. Comienza cuando Joseph, un&hellip;&nbsp;<a href=\"https:\/\/www.libertocitybell.com\/?product=el-ultimo-guardian-del-antiguo-cairo-michael-david-lukas\" class=\"\" rel=\"bookmark\">Leer m\u00e1s &raquo;<span class=\"screen-reader-text\">El \u00faltimo guardi\u00e1n del Antiguo Cairo &#8211; Michael David Lukas<\/span><\/a><\/p>\n","protected":false},"featured_media":1108,"comment_status":"open","ping_status":"closed","template":"","meta":{"_coblocks_attr":"","_coblocks_dimensions":"","_coblocks_responsive_height":"","_coblocks_accordion_ie_support":"","neve_meta_sidebar":"","neve_meta_container":"","neve_meta_enable_content_width":"off","neve_meta_content_width":0,"neve_meta_title_alignment":"","neve_meta_author_avatar":"","neve_post_elements_order":"","neve_meta_disable_header":"","neve_meta_disable_footer":"","neve_meta_disable_title":"","spay_email":"","jetpack_publicize_message":"","jetpack_is_tweetstorm":false,"jetpack_publicize_feature_enabled":true},"product_cat":[20],"product_tag":[],"class_list":{"0":"post-1107","1":"product","2":"type-product","3":"status-publish","4":"has-post-thumbnail","6":"product_cat-narrativa-internacional","8":"first","9":"outofstock","10":"taxable","11":"shipping-taxable","12":"purchasable","13":"product-type-simple"},"jetpack_publicize_connections":[],"_links":{"self":[{"href":"https:\/\/www.libertocitybell.com\/index.php?rest_route=\/wp\/v2\/product\/1107","targetHints":{"allow":["GET"]}}],"collection":[{"href":"https:\/\/www.libertocitybell.com\/index.php?rest_route=\/wp\/v2\/product"}],"about":[{"href":"https:\/\/www.libertocitybell.com\/index.php?rest_route=\/wp\/v2\/types\/product"}],"replies":[{"embeddable":true,"href":"https:\/\/www.libertocitybell.com\/index.php?rest_route=%2Fwp%2Fv2%2Fcomments&post=1107"}],"wp:featuredmedia":[{"embeddable":true,"href":"https:\/\/www.libertocitybell.com\/index.php?rest_route=\/wp\/v2\/media\/1108"}],"wp:attachment":[{"href":"https:\/\/www.libertocitybell.com\/index.php?rest_route=%2Fwp%2Fv2%2Fmedia&parent=1107"}],"wp:term":[{"taxonomy":"product_cat","embeddable":true,"href":"https:\/\/www.libertocitybell.com\/index.php?rest_route=%2Fwp%2Fv2%2Fproduct_cat&post=1107"},{"taxonomy":"product_tag","embeddable":true,"href":"https:\/\/www.libertocitybell.com\/index.php?rest_route=%2Fwp%2Fv2%2Fproduct_tag&post=1107"}],"curies":[{"name":"wp","href":"https:\/\/api.w.org\/{rel}","templated":true}]}}