{"id":1100,"date":"2021-03-03T10:55:26","date_gmt":"2021-03-03T13:55:26","guid":{"rendered":"http:\/\/www.libertocitybell.com\/?post_type=product&#038;p=1100"},"modified":"2023-02-09T20:36:09","modified_gmt":"2023-02-09T23:36:09","slug":"musicos-apasionados-hugo-caligaris","status":"publish","type":"product","link":"https:\/\/www.libertocitybell.com\/?product=musicos-apasionados-hugo-caligaris","title":{"rendered":"M\u00fasicos apasionados &#8211; Hugo Caligaris"},"content":{"rendered":"<p>El misterio de la creaci\u00f3n de la m\u00fasica y la admiraci\u00f3n que produce se extiende de manera natural a los compositores. Esos talentos casi incompresibles, por la hondura que alcanzan, por la sensibilidad que demuestran y nos despiertan, parecen pertenecer a una esfera distinta de la humanidad. Como si estuvieran al margen del curso corriente de la existencia, como si les pasaran cosas abismalmente distintas de las que vive el resto de los mortales. Y sucede que no es as\u00ed. Tuvieron vidas humanas, quiz\u00e1s, y este es el punto, demasiado humanas. Sobre todo en los sentimientos.<\/p>\n<p>Con una prosa deliciosa, con erudici\u00f3n amable, y sobre todo con empat\u00eda, en M\u00fasicos apasionados, Hugo Caligaris narra las historias de amor de catorce inolvidables compositores: Vivaldi, Berlioz, Mozart, Schumann, Brahms, Bach, Tchaikovsky, Mendelssohn, Wagner, Mahler, Debussy, Chopin, Alban Berg y Beethoven. Como en un carrusel de arte y emociones, descubrimos grandes desamores, obras compuestas por una mujer o para olvidarla, escenas de lujuria, tristeza y celos, abandonos y reencuentros memorables. En medio de ese torrente de emociones, que marc\u00f3 a diario la vida de estos m\u00fasicos, surge una m\u00fasica inmortal, que todav\u00eda nos conmueve. No es ocioso descubrir que muchas veces una sinfon\u00eda, un lied o una sonata surgieron gracias a la figura de una mujer o un hombre, a sus palabras o a su deseo.<\/p>\n","protected":false},"excerpt":{"rendered":"<p>El misterio de la creaci\u00f3n de la m\u00fasica y la admiraci\u00f3n que produce se extiende de manera natural a los compositores. Esos talentos casi incompresibles, por la hondura que alcanzan, por la sensibilidad que demuestran y nos despiertan, parecen pertenecer a una esfera distinta de la humanidad. Como si estuvieran al margen del curso corriente&hellip;&nbsp;<a href=\"https:\/\/www.libertocitybell.com\/?product=musicos-apasionados-hugo-caligaris\" class=\"\" rel=\"bookmark\">Leer m\u00e1s &raquo;<span class=\"screen-reader-text\">M\u00fasicos apasionados &#8211; Hugo Caligaris<\/span><\/a><\/p>\n","protected":false},"featured_media":1101,"comment_status":"open","ping_status":"closed","template":"","meta":{"_coblocks_attr":"","_coblocks_dimensions":"","_coblocks_responsive_height":"","_coblocks_accordion_ie_support":"","neve_meta_sidebar":"","neve_meta_container":"","neve_meta_enable_content_width":"off","neve_meta_content_width":0,"neve_meta_title_alignment":"","neve_meta_author_avatar":"","neve_post_elements_order":"","neve_meta_disable_header":"","neve_meta_disable_footer":"","neve_meta_disable_title":"","spay_email":"","jetpack_publicize_message":"","jetpack_is_tweetstorm":false,"jetpack_publicize_feature_enabled":true},"product_cat":[19,21],"product_tag":[],"class_list":{"0":"post-1100","1":"product","2":"type-product","3":"status-publish","4":"has-post-thumbnail","6":"product_cat-arte","7":"product_cat-narrativa-argentina","9":"first","10":"outofstock","11":"taxable","12":"shipping-taxable","13":"purchasable","14":"product-type-simple"},"jetpack_publicize_connections":[],"_links":{"self":[{"href":"https:\/\/www.libertocitybell.com\/index.php?rest_route=\/wp\/v2\/product\/1100","targetHints":{"allow":["GET"]}}],"collection":[{"href":"https:\/\/www.libertocitybell.com\/index.php?rest_route=\/wp\/v2\/product"}],"about":[{"href":"https:\/\/www.libertocitybell.com\/index.php?rest_route=\/wp\/v2\/types\/product"}],"replies":[{"embeddable":true,"href":"https:\/\/www.libertocitybell.com\/index.php?rest_route=%2Fwp%2Fv2%2Fcomments&post=1100"}],"wp:featuredmedia":[{"embeddable":true,"href":"https:\/\/www.libertocitybell.com\/index.php?rest_route=\/wp\/v2\/media\/1101"}],"wp:attachment":[{"href":"https:\/\/www.libertocitybell.com\/index.php?rest_route=%2Fwp%2Fv2%2Fmedia&parent=1100"}],"wp:term":[{"taxonomy":"product_cat","embeddable":true,"href":"https:\/\/www.libertocitybell.com\/index.php?rest_route=%2Fwp%2Fv2%2Fproduct_cat&post=1100"},{"taxonomy":"product_tag","embeddable":true,"href":"https:\/\/www.libertocitybell.com\/index.php?rest_route=%2Fwp%2Fv2%2Fproduct_tag&post=1100"}],"curies":[{"name":"wp","href":"https:\/\/api.w.org\/{rel}","templated":true}]}}