{"id":1097,"date":"2021-03-03T10:46:22","date_gmt":"2021-03-03T13:46:22","guid":{"rendered":"http:\/\/www.libertocitybell.com\/?post_type=product&#038;p=1097"},"modified":"2023-02-09T20:32:46","modified_gmt":"2023-02-09T23:32:46","slug":"los-enamorados-alfred-hayes","status":"publish","type":"product","link":"https:\/\/www.libertocitybell.com\/?product=los-enamorados-alfred-hayes","title":{"rendered":"Los enamorados &#8211; Alfred Hayes"},"content":{"rendered":"<div class=\"short\" data-v-75bc26d1=\"\">\n<div class=\"resume-body\" data-v-8f658ab8=\"\" data-v-75bc26d1=\"\">Alfred Hayes escribi\u00f3 por \u00fanica vez una obra maestra. Las f\u00f3rmulas del amor -las que suponen un para\u00edso de \u00e9xtasis y felicidad, las que reclaman un vac\u00edo rec\u00edproco de identidad y posesi\u00f3n- pueden incluirse en los pliegues del relato, que consiente todas las situaciones y circunstancias capaces de sustentarlas. Afinada y entonada por una voz que no permite dudar acerca de lo que cuenta, esta novela in\u00e9dita hasta ahora en espa\u00f1ol despert\u00f3 la admiraci\u00f3n del p\u00fablico y de lectores tan exigentes como Elizabeth Bowen, Stevie Smith y Antonia White. Este tribunal femenino respalda la turbulenta veracidad o por lo menos la verosimilitud tortuosa de una confesi\u00f3n: la del espl\u00e9ndido aislamiento de un hombre perdido en el laberinto de su amor.<\/div>\n<\/div>\n","protected":false},"excerpt":{"rendered":"<p>Alfred Hayes escribi\u00f3 por \u00fanica vez una obra maestra. Las f\u00f3rmulas del amor -las que suponen un para\u00edso de \u00e9xtasis y felicidad, las que reclaman un vac\u00edo rec\u00edproco de identidad y posesi\u00f3n- pueden incluirse en los pliegues del relato, que consiente todas las situaciones y circunstancias capaces de sustentarlas. Afinada y entonada por una voz&hellip;&nbsp;<a href=\"https:\/\/www.libertocitybell.com\/?product=los-enamorados-alfred-hayes\" class=\"\" rel=\"bookmark\">Leer m\u00e1s &raquo;<span class=\"screen-reader-text\">Los enamorados &#8211; Alfred Hayes<\/span><\/a><\/p>\n","protected":false},"featured_media":1098,"comment_status":"open","ping_status":"closed","template":"","meta":{"_coblocks_attr":"","_coblocks_dimensions":"","_coblocks_responsive_height":"","_coblocks_accordion_ie_support":"","neve_meta_sidebar":"","neve_meta_container":"","neve_meta_enable_content_width":"off","neve_meta_content_width":0,"neve_meta_title_alignment":"","neve_meta_author_avatar":"","neve_post_elements_order":"","neve_meta_disable_header":"","neve_meta_disable_footer":"","neve_meta_disable_title":"","spay_email":"","jetpack_publicize_message":"","jetpack_is_tweetstorm":false,"jetpack_publicize_feature_enabled":true},"product_cat":[20],"product_tag":[],"class_list":{"0":"post-1097","1":"product","2":"type-product","3":"status-publish","4":"has-post-thumbnail","6":"product_cat-narrativa-internacional","8":"first","9":"outofstock","10":"taxable","11":"shipping-taxable","12":"purchasable","13":"product-type-simple"},"jetpack_publicize_connections":[],"_links":{"self":[{"href":"https:\/\/www.libertocitybell.com\/index.php?rest_route=\/wp\/v2\/product\/1097","targetHints":{"allow":["GET"]}}],"collection":[{"href":"https:\/\/www.libertocitybell.com\/index.php?rest_route=\/wp\/v2\/product"}],"about":[{"href":"https:\/\/www.libertocitybell.com\/index.php?rest_route=\/wp\/v2\/types\/product"}],"replies":[{"embeddable":true,"href":"https:\/\/www.libertocitybell.com\/index.php?rest_route=%2Fwp%2Fv2%2Fcomments&post=1097"}],"wp:featuredmedia":[{"embeddable":true,"href":"https:\/\/www.libertocitybell.com\/index.php?rest_route=\/wp\/v2\/media\/1098"}],"wp:attachment":[{"href":"https:\/\/www.libertocitybell.com\/index.php?rest_route=%2Fwp%2Fv2%2Fmedia&parent=1097"}],"wp:term":[{"taxonomy":"product_cat","embeddable":true,"href":"https:\/\/www.libertocitybell.com\/index.php?rest_route=%2Fwp%2Fv2%2Fproduct_cat&post=1097"},{"taxonomy":"product_tag","embeddable":true,"href":"https:\/\/www.libertocitybell.com\/index.php?rest_route=%2Fwp%2Fv2%2Fproduct_tag&post=1097"}],"curies":[{"name":"wp","href":"https:\/\/api.w.org\/{rel}","templated":true}]}}