{"id":106,"date":"2020-10-02T20:16:11","date_gmt":"2020-10-02T23:16:11","guid":{"rendered":"http:\/\/libertocitybell-com.preview-domain.com\/?post_type=product&#038;p=106"},"modified":"2021-07-19T09:53:43","modified_gmt":"2021-07-19T12:53:43","slug":"bajo-este-sol-tremendo-carlos-busqued","status":"publish","type":"product","link":"https:\/\/www.libertocitybell.com\/?product=bajo-este-sol-tremendo-carlos-busqued","title":{"rendered":"Bajo este sol tremendo &#8211; Carlos Busqued"},"content":{"rendered":"<div id=\"synopsis-window\">\n<div id=\"synopsistext\" class=\"sa\" dir=\"ltr\">Cetarti est\u00e1 hundido en la nada. Sin trabajo ni prop\u00f3sito, pasa sus d\u00edas encerrado viendo la televisi\u00f3n y fumando porros hasta que un desconocido le informa de que su madre y su hermano han sido asesinados a escopetazos. Viaja a Lapachito, el derruido pueblo donde viv\u00eda su madre, para hacerse cargo de los cad\u00e1veres. All\u00ed, conoce a Duarte, antiguo militar, albacea y amigo del asesino de su madre, y a Danielito. El derrotero de Cetarti incluir\u00e1 las chapuzas ilegales para cobrar un seguro y la nebulosa complicidad en los oscuros negocios de Duarte. Es una novela poderosa, sin reflexiones psicol\u00f3gicas ni demasiados datos concretos del porqu\u00e9 de la anestesia emocional de sus protagonistas, que recuerda el territorio de algunas pel\u00edculas de los hermanos Coen. Est\u00e1 construida desde el relato de las acciones de estos outsiders casi absolutos, sin gui\u00f1os generacionales ni discursos \u00e9ticos o pol\u00edticos sobre la tortura, el crimen, la culpa, el vac\u00edo existencial o la his-toria reciente del pa\u00eds. Y, sin embargo, estos temas asoman en la trama, golpeando la narraci\u00f3n como chocan los insectos contra el parabrisas de los coches que conducen Cetarti, Duarte y Danielito en sus viajes a la nada.<\/div>\n<\/div>\n","protected":false},"excerpt":{"rendered":"<p>Cetarti est\u00e1 hundido en la nada. Sin trabajo ni prop\u00f3sito, pasa sus d\u00edas encerrado viendo la televisi\u00f3n y fumando porros hasta que un desconocido le informa de que su madre y su hermano han sido asesinados a escopetazos. Viaja a Lapachito, el derruido pueblo donde viv\u00eda su madre, para hacerse cargo de los cad\u00e1veres. All\u00ed,&hellip;&nbsp;<a href=\"https:\/\/www.libertocitybell.com\/?product=bajo-este-sol-tremendo-carlos-busqued\" class=\"\" rel=\"bookmark\">Leer m\u00e1s &raquo;<span class=\"screen-reader-text\">Bajo este sol tremendo &#8211; Carlos Busqued<\/span><\/a><\/p>\n","protected":false},"featured_media":107,"comment_status":"open","ping_status":"closed","template":"","meta":{"_coblocks_attr":"","_coblocks_dimensions":"","_coblocks_responsive_height":"","_coblocks_accordion_ie_support":"","neve_meta_sidebar":"","neve_meta_container":"","neve_meta_enable_content_width":"off","neve_meta_content_width":0,"neve_meta_title_alignment":"","neve_meta_author_avatar":"","neve_post_elements_order":"","neve_meta_disable_header":"","neve_meta_disable_footer":"","neve_meta_disable_title":"","spay_email":"","jetpack_publicize_message":"","jetpack_is_tweetstorm":false,"jetpack_publicize_feature_enabled":true},"product_cat":[21],"product_tag":[],"class_list":{"0":"post-106","1":"product","2":"type-product","3":"status-publish","4":"has-post-thumbnail","6":"product_cat-narrativa-argentina","8":"first","9":"outofstock","10":"taxable","11":"shipping-taxable","12":"purchasable","13":"product-type-simple"},"jetpack_publicize_connections":[],"_links":{"self":[{"href":"https:\/\/www.libertocitybell.com\/index.php?rest_route=\/wp\/v2\/product\/106","targetHints":{"allow":["GET"]}}],"collection":[{"href":"https:\/\/www.libertocitybell.com\/index.php?rest_route=\/wp\/v2\/product"}],"about":[{"href":"https:\/\/www.libertocitybell.com\/index.php?rest_route=\/wp\/v2\/types\/product"}],"replies":[{"embeddable":true,"href":"https:\/\/www.libertocitybell.com\/index.php?rest_route=%2Fwp%2Fv2%2Fcomments&post=106"}],"wp:featuredmedia":[{"embeddable":true,"href":"https:\/\/www.libertocitybell.com\/index.php?rest_route=\/wp\/v2\/media\/107"}],"wp:attachment":[{"href":"https:\/\/www.libertocitybell.com\/index.php?rest_route=%2Fwp%2Fv2%2Fmedia&parent=106"}],"wp:term":[{"taxonomy":"product_cat","embeddable":true,"href":"https:\/\/www.libertocitybell.com\/index.php?rest_route=%2Fwp%2Fv2%2Fproduct_cat&post=106"},{"taxonomy":"product_tag","embeddable":true,"href":"https:\/\/www.libertocitybell.com\/index.php?rest_route=%2Fwp%2Fv2%2Fproduct_tag&post=106"}],"curies":[{"name":"wp","href":"https:\/\/api.w.org\/{rel}","templated":true}]}}