{"id":126,"date":"2020-10-05T15:02:27","date_gmt":"2020-10-05T18:02:27","guid":{"rendered":"http:\/\/www.libertocitybell.com\/?page_id=126"},"modified":"2023-07-24T19:35:10","modified_gmt":"2023-07-24T22:35:10","slug":"inicio","status":"publish","type":"page","link":"https:\/\/www.libertocitybell.com\/?page_id=126","title":{"rendered":"INICIO"},"content":{"rendered":"\n<p class=\"has-text-align-center has-neve-link-color-color has-text-color\" style=\"font-size:38px\"><strong>CAT\u00c1LOGO<\/strong><\/p>\n\n\n\n<hr class=\"wp-block-separator has-css-opacity\"\/>\n\n\n\n<p class=\"has-text-align-center has-neve-link-hover-color-color has-text-color has-large-font-size\">NUESTROS RECOMENDADOS<\/p>\n\n\n\n<p class=\"has-text-align-center has-neve-link-color-color has-text-color has-medium-font-size\">Novela, cr\u00f3nica, fotograf\u00eda, autores imprescindibles y mucho m\u00e1s&#8230;<\/p>\n\n\n\n<div class=\"wp-block-columns is-layout-flex wp-container-core-columns-is-layout-9d6595d7 wp-block-columns-is-layout-flex\">\n<div class=\"wp-block-column is-layout-flow wp-block-column-is-layout-flow\" style=\"flex-basis:100%\"><\/div>\n<\/div>\n\n\n<div data-block-name=\"woocommerce\/handpicked-products\" data-columns=\"5\" data-edit-mode=\"false\" data-content-visibility=\"{&quot;title&quot;:true,&quot;price&quot;:false,&quot;rating&quot;:false,&quot;button&quot;:true}\" data-orderby=\"menu_order\" data-products=\"[795,785,771,701,590,367,267,71,63,632]\" data-align-buttons=\"true\" class=\"wc-block-grid wp-block-handpicked-products wc-block-handpicked-products has-5-columns has-multiple-rows has-aligned-buttons\"><ul class=\"wc-block-grid__products\"><li class=\"wc-block-grid__product\">\n\t\t\t\t<a href=\"https:\/\/www.libertocitybell.com\/?product=el-nervio-optico-maria-gainza\" class=\"wc-block-grid__product-link\">\n\t\t\t\t\t<div class=\"wc-block-grid__product-image\"><img loading=\"lazy\" decoding=\"async\" width=\"250\" height=\"375\" src=\"https:\/\/www.libertocitybell.com\/wp-content\/uploads\/2020\/10\/gainza-nervio-optico-324x486.png\" class=\"attachment-woocommerce_thumbnail size-woocommerce_thumbnail\" alt=\"El nervio \u00f3ptico - Mar\u00eda Gainza\" \/><\/div>\n\t\t\t\t\t<div class=\"wc-block-grid__product-title\">El nervio \u00f3ptico &#8211; Mar\u00eda Gainza<\/div>\n\t\t\t\t<\/a>\n\t\t\t\t\n\t\t\t\t\n\t\t\t\t\n\t\t\t\t<div class=\"wp-block-button wc-block-grid__product-add-to-cart\"><a href=\"https:\/\/www.libertocitybell.com\/?product=el-nervio-optico-maria-gainza\" aria-label=\"Read more about &ldquo;El nervio \u00f3ptico - Mar\u00eda Gainza&rdquo;\" data-quantity=\"1\" data-product_id=\"63\" data-product_sku=\"\" rel=\"nofollow\" class=\"wp-block-button__link add_to_cart_button\">Read more<\/a><\/div>\n\t\t\t<\/li><li class=\"wc-block-grid__product\">\n\t\t\t\t<a href=\"https:\/\/www.libertocitybell.com\/?product=la-conjura-de-los-necios-john-kennedy-toole\" class=\"wc-block-grid__product-link\">\n\t\t\t\t\t<div class=\"wc-block-grid__product-image\"><img loading=\"lazy\" decoding=\"async\" width=\"250\" height=\"375\" src=\"https:\/\/www.libertocitybell.com\/wp-content\/uploads\/2022\/04\/img_4120-324x486.jpeg\" class=\"attachment-woocommerce_thumbnail size-woocommerce_thumbnail\" alt=\"La conjura de los necios - John Kennedy Toole\" \/><\/div>\n\t\t\t\t\t<div class=\"wc-block-grid__product-title\">La conjura de los necios &#8211; John Kennedy Toole<\/div>\n\t\t\t\t<\/a>\n\t\t\t\t\n\t\t\t\t\n\t\t\t\t\n\t\t\t\t<div class=\"wp-block-button wc-block-grid__product-add-to-cart\"><a href=\"https:\/\/www.libertocitybell.com\/?product=la-conjura-de-los-necios-john-kennedy-toole\" aria-label=\"Read more about &ldquo;La conjura de los necios - John Kennedy Toole&rdquo;\" data-quantity=\"1\" data-product_id=\"71\" data-product_sku=\"\" rel=\"nofollow\" class=\"wp-block-button__link add_to_cart_button\">Read more<\/a><\/div>\n\t\t\t<\/li><li class=\"wc-block-grid__product\">\n\t\t\t\t<a href=\"https:\/\/www.libertocitybell.com\/?product=london-retrato-de-una-ciudad-reuel-golden\" class=\"wc-block-grid__product-link\">\n\t\t\t\t\t<div class=\"wc-block-grid__product-image\"><img loading=\"lazy\" decoding=\"async\" width=\"235\" height=\"250\" src=\"https:\/\/www.libertocitybell.com\/wp-content\/uploads\/2020\/10\/WhatsApp-Image-2020-10-09-at-10.-e1602516316301-235x250.jpg\" class=\"attachment-woocommerce_thumbnail size-woocommerce_thumbnail\" alt=\"london taschen\" \/><\/div>\n\t\t\t\t\t<div class=\"wc-block-grid__product-title\">London. Retrato De Una Ciudad &#8211; Reuel Golden<\/div>\n\t\t\t\t<\/a>\n\t\t\t\t\n\t\t\t\t\n\t\t\t\t\n\t\t\t\t<div class=\"wp-block-button wc-block-grid__product-add-to-cart\"><a href=\"https:\/\/www.libertocitybell.com\/?product=london-retrato-de-una-ciudad-reuel-golden\" aria-label=\"Read more about &ldquo;London. Retrato De Una Ciudad - Reuel Golden&rdquo;\" data-quantity=\"1\" data-product_id=\"367\" data-product_sku=\"\" rel=\"nofollow\" class=\"wp-block-button__link add_to_cart_button\">Read more<\/a><\/div>\n\t\t\t<\/li><li class=\"wc-block-grid__product\">\n\t\t\t\t<a href=\"https:\/\/www.libertocitybell.com\/?product=nuestra-parte-de-noche-mariana-enriquez\" class=\"wc-block-grid__product-link\">\n\t\t\t\t\t<div class=\"wc-block-grid__product-image\"><img loading=\"lazy\" decoding=\"async\" width=\"250\" height=\"375\" src=\"https:\/\/www.libertocitybell.com\/wp-content\/uploads\/2020\/11\/WhatsApp-Image-2020-11-09-at-10.48.00-1-e1604934268626-324x486.jpeg\" class=\"attachment-woocommerce_thumbnail size-woocommerce_thumbnail\" alt=\"nuestra parte de noche enriquez\" \/><\/div>\n\t\t\t\t\t<div class=\"wc-block-grid__product-title\">Nuestra parte de noche &#8211; Mariana Enriquez<\/div>\n\t\t\t\t<\/a>\n\t\t\t\t\n\t\t\t\t\n\t\t\t\t\n\t\t\t\t<div class=\"wp-block-button wc-block-grid__product-add-to-cart\"><a href=\"https:\/\/www.libertocitybell.com\/?product=nuestra-parte-de-noche-mariana-enriquez\" aria-label=\"Read more about &ldquo;Nuestra parte de noche - Mariana Enriquez&rdquo;\" data-quantity=\"1\" data-product_id=\"590\" data-product_sku=\"\" rel=\"nofollow\" class=\"wp-block-button__link add_to_cart_button\">Read more<\/a><\/div>\n\t\t\t<\/li><\/ul><\/div>\n\n\n<hr class=\"wp-block-separator has-css-opacity\"\/>\n\n\n\n<p class=\"has-text-align-center has-neve-link-color-color has-text-color has-large-font-size\">NUESTRAS CATEGOR\u00cdAS PRINCIPALES<\/p>\n\n\n\n<div class=\"wp-block-columns is-layout-flex wp-container-core-columns-is-layout-9d6595d7 wp-block-columns-is-layout-flex\">\n<div class=\"wp-block-column is-layout-flow wp-block-column-is-layout-flow\"><div data-block-name=\"woocommerce\/featured-category\" data-dim-ratio=\"70\" data-edit-mode=\"false\" data-focal-point=\"{&quot;x&quot;:&quot;0.58&quot;,&quot;y&quot;:&quot;0.28&quot;}\" data-media-id=\"940\" data-media-src=\"http:\/\/www.libertocitybell.com\/wp-content\/uploads\/2021\/02\/Enriquez_1595629223_1596228695.jpg\" data-category-id=\"21\" class=\"wc-block-featured-category alignnone has-background-dim has-background-dim-70 wp-block-woocommerce-featured-category\" style=\"background-image:url(https:\/\/www.libertocitybell.com\/wp-content\/uploads\/2021\/02\/Enriquez_1595629223_1596228695-1024x576.jpg);min-height:500px;background-position: 58% 28%;\"><div class=\"wc-block-featured-category__wrapper\"><h2 class=\"wc-block-featured-category__title\">Narrativa argentina<\/h2><div class=\"wc-block-featured-category__description\"><\/div><div class=\"wc-block-featured-category__link\">\n\n<div class=\"wp-block-buttons is-content-justification-center is-layout-flex wp-container-core-buttons-is-layout-16018d1d wp-block-buttons-is-layout-flex\">\n<div class=\"wp-block-button\"><a class=\"wp-block-button__link wp-element-button\" href=\"https:\/\/www.libertocitybell.com\/?product_cat=narrativa-argentina\">Ver<\/a><\/div>\n<\/div>\n\n<\/div><\/div><\/div><\/div>\n\n\n\n<div class=\"wp-block-column is-layout-flow wp-block-column-is-layout-flow\"><div data-block-name=\"woocommerce\/featured-category\" data-dim-ratio=\"60\" data-edit-mode=\"false\" data-focal-point=\"{&quot;x&quot;:&quot;0.40&quot;,&quot;y&quot;:&quot;0.48&quot;}\" data-media-id=\"941\" data-media-src=\"http:\/\/www.libertocitybell.com\/wp-content\/uploads\/2021\/02\/frida-kahlo-en-linea.jpg\" data-category-id=\"19\" class=\"wc-block-featured-category alignnone has-background-dim has-background-dim-60 wp-block-woocommerce-featured-category\" style=\"background-image:url(https:\/\/www.libertocitybell.com\/wp-content\/uploads\/2021\/02\/frida-kahlo-en-linea.jpg);min-height:500px;background-position: 40% 48%;\"><div class=\"wc-block-featured-category__wrapper\"><h2 class=\"wc-block-featured-category__title\">Arte<\/h2><div class=\"wc-block-featured-category__description\"><\/div><div class=\"wc-block-featured-category__link\">\n\n<div class=\"wp-block-buttons is-content-justification-center is-layout-flex wp-container-core-buttons-is-layout-16018d1d wp-block-buttons-is-layout-flex\">\n<div class=\"wp-block-button\"><a class=\"wp-block-button__link wp-element-button\" href=\"https:\/\/www.libertocitybell.com\/?product_cat=arte\">Ver<\/a><\/div>\n<\/div>\n\n<\/div><\/div><\/div><\/div>\n\n\n\n<div class=\"wp-block-column is-layout-flow wp-block-column-is-layout-flow\"><div data-block-name=\"woocommerce\/featured-category\" data-dim-ratio=\"70\" data-edit-mode=\"false\" data-focal-point=\"{&quot;x&quot;:&quot;0.65&quot;,&quot;y&quot;:&quot;0.12&quot;}\" data-media-id=\"942\" data-media-src=\"http:\/\/www.libertocitybell.com\/wp-content\/uploads\/2021\/02\/nothomb-psept.jpg\" data-category-id=\"20\" class=\"wc-block-featured-category alignnone has-background-dim has-background-dim-70 wp-block-woocommerce-featured-category\" style=\"background-image:url(https:\/\/www.libertocitybell.com\/wp-content\/uploads\/2021\/02\/nothomb-psept-683x1024.jpg);min-height:500px;background-position: 65% 12%;\"><div class=\"wc-block-featured-category__wrapper\"><h2 class=\"wc-block-featured-category__title\">Narrativa internacional<\/h2><div class=\"wc-block-featured-category__description\"><\/div><div class=\"wc-block-featured-category__link\">\n\n<div class=\"wp-block-buttons is-content-justification-center is-layout-flex wp-container-core-buttons-is-layout-16018d1d wp-block-buttons-is-layout-flex\">\n<div class=\"wp-block-button\"><a class=\"wp-block-button__link wp-element-button\" href=\"https:\/\/www.libertocitybell.com\/?product_cat=narrativa-internacional\">Ver<\/a><\/div>\n<\/div>\n\n<\/div><\/div><\/div><\/div>\n<\/div>\n\n\n\n<div class=\"wp-block-columns is-layout-flex wp-container-core-columns-is-layout-9d6595d7 wp-block-columns-is-layout-flex\">\n<div class=\"wp-block-column is-layout-flow wp-block-column-is-layout-flow\"><div data-block-name=\"woocommerce\/featured-category\" data-edit-mode=\"false\" data-focal-point=\"{&quot;x&quot;:&quot;0.77&quot;,&quot;y&quot;:&quot;0.25&quot;}\" data-media-id=\"939\" data-media-src=\"http:\/\/www.libertocitybell.com\/wp-content\/uploads\/2021\/02\/arrien2.jpg\" data-category-id=\"26\" class=\"wc-block-featured-category alignnone has-background-dim wp-block-woocommerce-featured-category\" style=\"background-image:url(https:\/\/www.libertocitybell.com\/wp-content\/uploads\/2021\/02\/arrien2-1024x576.jpg);min-height:500px;background-position: 77% 25%;\"><div class=\"wc-block-featured-category__wrapper\"><h2 class=\"wc-block-featured-category__title\">Esoterismo<\/h2><div class=\"wc-block-featured-category__description\"><\/div><div class=\"wc-block-featured-category__link\">\n\n<div class=\"wp-block-buttons is-content-justification-center is-layout-flex wp-container-core-buttons-is-layout-16018d1d wp-block-buttons-is-layout-flex\">\n<div class=\"wp-block-button\"><a class=\"wp-block-button__link wp-element-button\" href=\"https:\/\/www.libertocitybell.com\/?product_cat=esoterismo\">Ver<\/a><\/div>\n<\/div>\n\n<\/div><\/div><\/div><\/div>\n\n\n\n<div class=\"wp-block-column is-layout-flow wp-block-column-is-layout-flow\"><div data-block-name=\"woocommerce\/featured-category\" data-edit-mode=\"false\" data-focal-point=\"{&quot;x&quot;:&quot;0.57&quot;,&quot;y&quot;:&quot;0.12&quot;}\" data-media-id=\"938\" data-media-src=\"http:\/\/www.libertocitybell.com\/wp-content\/uploads\/2021\/02\/Villoro-1.jpg\" data-category-id=\"22\" class=\"wc-block-featured-category alignnone has-background-dim wp-block-woocommerce-featured-category\" style=\"background-image:url(https:\/\/www.libertocitybell.com\/wp-content\/uploads\/2021\/02\/Villoro-1-e1614106887560.jpg);min-height:500px;background-position: 57% 12%;\"><div class=\"wc-block-featured-category__wrapper\"><h2 class=\"wc-block-featured-category__title\">Narrativa latinoamericana<\/h2><div class=\"wc-block-featured-category__description\"><\/div><div class=\"wc-block-featured-category__link\">\n\n<div class=\"wp-block-buttons is-content-justification-center is-layout-flex wp-container-core-buttons-is-layout-16018d1d wp-block-buttons-is-layout-flex\">\n<div class=\"wp-block-button\"><a class=\"wp-block-button__link wp-element-button\" href=\"https:\/\/www.libertocitybell.com\/?product_cat=narrativa-latinoamericana\">Ver<\/a><\/div>\n<\/div>\n\n<\/div><\/div><\/div><\/div>\n\n\n\n<div class=\"wp-block-column is-layout-flow wp-block-column-is-layout-flow\"><div data-block-name=\"woocommerce\/featured-category\" data-edit-mode=\"false\" data-media-id=\"937\" data-media-src=\"http:\/\/www.libertocitybell.com\/wp-content\/uploads\/2021\/02\/151201Ricardo_Siri_Liniers_NicoPerez_IK_6103.jpg\" data-category-id=\"35\" class=\"wc-block-featured-category alignnone has-background-dim wp-block-woocommerce-featured-category\" style=\"background-image:url(https:\/\/www.libertocitybell.com\/wp-content\/uploads\/2021\/02\/151201Ricardo_Siri_Liniers_NicoPerez_IK_6103-683x1024.jpg);min-height:500px;\"><div class=\"wc-block-featured-category__wrapper\"><h2 class=\"wc-block-featured-category__title\">Monoblock<\/h2><div class=\"wc-block-featured-category__description\"><\/div><div class=\"wc-block-featured-category__link\">\n\n<div class=\"wp-block-buttons is-content-justification-center is-layout-flex wp-container-core-buttons-is-layout-16018d1d wp-block-buttons-is-layout-flex\">\n<div class=\"wp-block-button\"><a class=\"wp-block-button__link wp-element-button\" href=\"https:\/\/www.libertocitybell.com\/?product_cat=monoblock\">Ver<\/a><\/div>\n<\/div>\n\n<\/div><\/div><\/div><\/div>\n<\/div>\n\n\n\n<div class=\"wp-block-cover\"><span aria-hidden=\"true\" class=\"wp-block-cover__background has-nv-light-bg-background-color has-background-dim-100 has-background-dim\"><\/span><div class=\"wp-block-cover__inner-container is-layout-flow wp-block-cover-is-layout-flow\">\n<p class=\"has-text-align-center has-neve-link-color-color has-text-color has-large-font-size\">DESCUBR\u00cd NUESTRA BIBLIOTECA<\/p>\n\n\n\n<p class=\"has-text-align-center has-nv-dark-bg-color has-text-color has-medium-font-size\">En este campo pod\u00e9s buscar alg\u00fan libro por su nombre o autor. Y en el link de abajo pod\u00e9s acceder a la <br>lista completa de nuestros productos. Que lo disfrutes \ud83d\ude42<\/p>\n\n\n<div data-block-name=\"woocommerce\/product-search\" data-has-label=\"false\" data-form-id=\"wc-block-product-search-2\" class=\"wc-block-product-search wp-block-woocommerce-product-search\"><form role=\"search\" method=\"get\" action=\"https:\/\/www.libertocitybell.com\/\"><label for=\"wc-block-search__input-1\" class=\"wc-block-product-search__label screen-reader-text\">Search<\/label>\n\t\t\t<div class=\"wc-block-product-search__fields\">\n\t\t\t\t<input type=\"search\" id=\"wc-block-search__input-1\" class=\"wc-block-product-search__field\" placeholder=\"Search products\u2026\" name=\"s\" \/><button type=\"submit\" class=\"wc-block-product-search__button\" aria-label=\"Search\">\n\t\t\t\t<svg aria-hidden=\"true\" role=\"img\" focusable=\"false\" class=\"dashicon dashicons-arrow-right-alt2\" xmlns=\"http:\/\/www.w3.org\/2000\/svg\" width=\"20\" height=\"20\" viewBox=\"0 0 20 20\">\n\t\t\t\t\t<path d=\"M6 15l5-5-5-5 1-2 7 7-7 7z\" \/>\n\t\t\t\t<\/svg>\n\t\t\t<\/button>\n\t\t\t\t<input type=\"hidden\" name=\"post_type\" value=\"product\" \/>\n\t\t\t<\/div>\n\t\t<\/form><\/div>\n\n\n<p class=\"has-text-align-center has-neve-link-color-color has-nv-light-bg-background-color has-text-color has-background has-custom-transform\" style=\"font-size:28px;text-transform:uppercase\"><strong><a href=\"https:\/\/www.libertocitybell.com\/?page_id=35\" data-type=\"page\" data-id=\"35\">Acced\u00e9 a nuestro cat\u00e1logo completo<\/a><\/strong><\/p>\n<\/div><\/div>\n\n\n\n<div style=\"height:21px\" aria-hidden=\"true\" class=\"wp-block-spacer\"><\/div>\n\n\n\n<hr class=\"wp-block-separator has-css-opacity\"\/>\n\n\n\n<p class=\"has-text-align-center has-neve-link-hover-color-color has-text-color has-large-font-size\">NO TE POD\u00c9S PERDER<\/p>\n\n\n<div data-block-name=\"woocommerce\/handpicked-products\" data-columns=\"5\" data-edit-mode=\"false\" data-content-visibility=\"{&quot;title&quot;:true,&quot;price&quot;:false,&quot;rating&quot;:true,&quot;button&quot;:false}\" data-orderby=\"price_desc\" data-products=\"[269,195,241,267,179,185,395,246,188,65]\" data-align-buttons=\"true\" class=\"wc-block-grid wp-block-handpicked-products wc-block-handpicked-products has-5-columns has-multiple-rows has-aligned-buttons\"><ul class=\"wc-block-grid__products\"><li class=\"wc-block-grid__product\">\n\t\t\t\t<a href=\"https:\/\/www.libertocitybell.com\/?product=bruja-moderna-dalia-walker\" class=\"wc-block-grid__product-link\">\n\t\t\t\t\t<div class=\"wc-block-grid__product-image\"><img loading=\"lazy\" decoding=\"async\" width=\"250\" height=\"375\" src=\"https:\/\/www.libertocitybell.com\/wp-content\/uploads\/2020\/10\/bruja-moderna-324x486.jpg\" class=\"attachment-woocommerce_thumbnail size-woocommerce_thumbnail\" alt=\"Bruja moderna - Dalia Walker\" \/><\/div>\n\t\t\t\t\t<div class=\"wc-block-grid__product-title\">Bruja moderna &#8211; Dalia Walker<\/div>\n\t\t\t\t<\/a>\n\t\t\t\t\n\t\t\t\t\n\t\t\t\t\n\t\t\t\t\n\t\t\t<\/li><li class=\"wc-block-grid__product\">\n\t\t\t\t<a href=\"https:\/\/www.libertocitybell.com\/?product=vuelta-al-sol-may-groppo\" class=\"wc-block-grid__product-link\">\n\t\t\t\t\t<div class=\"wc-block-grid__product-image\"><img loading=\"lazy\" decoding=\"async\" width=\"250\" height=\"375\" src=\"https:\/\/www.libertocitybell.com\/wp-content\/uploads\/2020\/10\/bitacora-vuelta-al-sol-e1602034550108-250x375.png\" class=\"attachment-woocommerce_thumbnail size-woocommerce_thumbnail\" alt=\"Vuelta al sol - May Groppo\" \/><\/div>\n\t\t\t\t\t<div class=\"wc-block-grid__product-title\">Vuelta al sol &#8211; May Groppo<\/div>\n\t\t\t\t<\/a>\n\t\t\t\t\n\t\t\t\t\n\t\t\t\t\n\t\t\t\t\n\t\t\t<\/li><li class=\"wc-block-grid__product\">\n\t\t\t\t<a href=\"https:\/\/www.libertocitybell.com\/?product=m-c-escher-estampas-y-dibujos-editorial-taschen\" class=\"wc-block-grid__product-link\">\n\t\t\t\t\t<div class=\"wc-block-grid__product-image\"><img loading=\"lazy\" decoding=\"async\" width=\"250\" height=\"375\" src=\"https:\/\/www.libertocitybell.com\/wp-content\/uploads\/2020\/10\/WhatsApp-Image-2020-10-06-at-19.04.57-1-324x486.jpeg\" class=\"attachment-woocommerce_thumbnail size-woocommerce_thumbnail\" alt=\"Tapa Escher Taschen\" \/><\/div>\n\t\t\t\t\t<div class=\"wc-block-grid__product-title\">M.C. Escher. Estampas y dibujos &#8211; Editorial Taschen<\/div>\n\t\t\t\t<\/a>\n\t\t\t\t\n\t\t\t\t\n\t\t\t\t\n\t\t\t\t\n\t\t\t<\/li><li class=\"wc-block-grid__product\">\n\t\t\t\t<a href=\"https:\/\/www.libertocitybell.com\/?product=teoria-de-la-gravedad-leila-guerriero\" class=\"wc-block-grid__product-link\">\n\t\t\t\t\t<div class=\"wc-block-grid__product-image\"><img loading=\"lazy\" decoding=\"async\" width=\"229\" height=\"250\" src=\"https:\/\/www.libertocitybell.com\/wp-content\/uploads\/2020\/10\/teoria-gravedad-229x250.jpg\" class=\"attachment-woocommerce_thumbnail size-woocommerce_thumbnail\" alt=\"tapa libro guerriero teoria gravedad\" \/><\/div>\n\t\t\t\t\t<div class=\"wc-block-grid__product-title\">Teor\u00eda de la gravedad &#8211; Leila Guerriero<\/div>\n\t\t\t\t<\/a>\n\t\t\t\t\n\t\t\t\t\n\t\t\t\t\n\t\t\t\t\n\t\t\t<\/li><li class=\"wc-block-grid__product\">\n\t\t\t\t<a href=\"https:\/\/www.libertocitybell.com\/?product=feministas-para-colorear\" class=\"wc-block-grid__product-link\">\n\t\t\t\t\t<div class=\"wc-block-grid__product-image\"><img loading=\"lazy\" decoding=\"async\" width=\"250\" height=\"375\" src=\"https:\/\/www.libertocitybell.com\/wp-content\/uploads\/2020\/10\/feministas-para-colorear-e1602034878516-324x486.png\" class=\"attachment-woocommerce_thumbnail size-woocommerce_thumbnail\" alt=\"Feministas para colorear\" \/><\/div>\n\t\t\t\t\t<div class=\"wc-block-grid__product-title\">Feministas para colorear<\/div>\n\t\t\t\t<\/a>\n\t\t\t\t\n\t\t\t\t\n\t\t\t\t\n\t\t\t\t\n\t\t\t<\/li><\/ul><\/div>\n\n\n<hr class=\"wp-block-separator has-text-color has-neve-link-color-color has-css-opacity has-neve-link-color-background-color has-background\"\/>\n\n\n\n<div class=\"wp-block-cover\"><span aria-hidden=\"true\" class=\"wp-block-cover__background has-nv-light-bg-background-color has-background-dim-100 has-background-dim\"><\/span><div class=\"wp-block-cover__inner-container is-layout-flow wp-block-cover-is-layout-flow\">\n<p class=\"has-text-align-center has-neve-link-color-color has-text-color has-large-font-size\">ENTERATE DE TODO<\/p>\n\n\n\n<p class=\"has-text-align-left has-neve-link-color-color has-text-color has-medium-font-size\">Para estar al tanto de nuestras novedades, talleres online y compartir el esp\u00edritu Liberto, seguinos en las redes<\/p>\n\n\n\n<ul class=\"wp-block-social-links is-style-logos-only is-layout-flex wp-block-social-links-is-layout-flex\"><li class=\"wp-social-link wp-social-link-facebook  wp-block-social-link\"><a href=\"https:\/\/facebook.com\/libertocitybell\" class=\"wp-block-social-link-anchor\"><svg width=\"24\" height=\"24\" viewBox=\"0 0 24 24\" version=\"1.1\" xmlns=\"http:\/\/www.w3.org\/2000\/svg\" aria-hidden=\"true\" focusable=\"false\"><path d=\"M12 2C6.5 2 2 6.5 2 12c0 5 3.7 9.1 8.4 9.9v-7H7.9V12h2.5V9.8c0-2.5 1.5-3.9 3.8-3.9 1.1 0 2.2.2 2.2.2v2.5h-1.3c-1.2 0-1.6.8-1.6 1.6V12h2.8l-.4 2.9h-2.3v7C18.3 21.1 22 17 22 12c0-5.5-4.5-10-10-10z\"><\/path><\/svg><span class=\"wp-block-social-link-label screen-reader-text\">Facebook<\/span><\/a><\/li>\n\n\n\n<li class=\"wp-social-link wp-social-link-instagram  wp-block-social-link\"><a href=\"https:\/\/instagram.com\/libertocitybell\" class=\"wp-block-social-link-anchor\"><svg width=\"24\" height=\"24\" viewBox=\"0 0 24 24\" version=\"1.1\" xmlns=\"http:\/\/www.w3.org\/2000\/svg\" aria-hidden=\"true\" focusable=\"false\"><path d=\"M12,4.622c2.403,0,2.688,0.009,3.637,0.052c0.877,0.04,1.354,0.187,1.671,0.31c0.42,0.163,0.72,0.358,1.035,0.673 c0.315,0.315,0.51,0.615,0.673,1.035c0.123,0.317,0.27,0.794,0.31,1.671c0.043,0.949,0.052,1.234,0.052,3.637 s-0.009,2.688-0.052,3.637c-0.04,0.877-0.187,1.354-0.31,1.671c-0.163,0.42-0.358,0.72-0.673,1.035 c-0.315,0.315-0.615,0.51-1.035,0.673c-0.317,0.123-0.794,0.27-1.671,0.31c-0.949,0.043-1.233,0.052-3.637,0.052 s-2.688-0.009-3.637-0.052c-0.877-0.04-1.354-0.187-1.671-0.31c-0.42-0.163-0.72-0.358-1.035-0.673 c-0.315-0.315-0.51-0.615-0.673-1.035c-0.123-0.317-0.27-0.794-0.31-1.671C4.631,14.688,4.622,14.403,4.622,12 s0.009-2.688,0.052-3.637c0.04-0.877,0.187-1.354,0.31-1.671c0.163-0.42,0.358-0.72,0.673-1.035 c0.315-0.315,0.615-0.51,1.035-0.673c0.317-0.123,0.794-0.27,1.671-0.31C9.312,4.631,9.597,4.622,12,4.622 M12,3 C9.556,3,9.249,3.01,8.289,3.054C7.331,3.098,6.677,3.25,6.105,3.472C5.513,3.702,5.011,4.01,4.511,4.511 c-0.5,0.5-0.808,1.002-1.038,1.594C3.25,6.677,3.098,7.331,3.054,8.289C3.01,9.249,3,9.556,3,12c0,2.444,0.01,2.751,0.054,3.711 c0.044,0.958,0.196,1.612,0.418,2.185c0.23,0.592,0.538,1.094,1.038,1.594c0.5,0.5,1.002,0.808,1.594,1.038 c0.572,0.222,1.227,0.375,2.185,0.418C9.249,20.99,9.556,21,12,21s2.751-0.01,3.711-0.054c0.958-0.044,1.612-0.196,2.185-0.418 c0.592-0.23,1.094-0.538,1.594-1.038c0.5-0.5,0.808-1.002,1.038-1.594c0.222-0.572,0.375-1.227,0.418-2.185 C20.99,14.751,21,14.444,21,12s-0.01-2.751-0.054-3.711c-0.044-0.958-0.196-1.612-0.418-2.185c-0.23-0.592-0.538-1.094-1.038-1.594 c-0.5-0.5-1.002-0.808-1.594-1.038c-0.572-0.222-1.227-0.375-2.185-0.418C14.751,3.01,14.444,3,12,3L12,3z M12,7.378 c-2.552,0-4.622,2.069-4.622,4.622S9.448,16.622,12,16.622s4.622-2.069,4.622-4.622S14.552,7.378,12,7.378z M12,15 c-1.657,0-3-1.343-3-3s1.343-3,3-3s3,1.343,3,3S13.657,15,12,15z M16.804,6.116c-0.596,0-1.08,0.484-1.08,1.08 s0.484,1.08,1.08,1.08c0.596,0,1.08-0.484,1.08-1.08S17.401,6.116,16.804,6.116z\"><\/path><\/svg><span class=\"wp-block-social-link-label screen-reader-text\">Instagram<\/span><\/a><\/li>\n\n\n\n<\/ul>\n\n\n\n<p class=\"has-neve-link-color-color has-text-color has-medium-font-size\">Estas son nuestras \u00faltimas publicaciones:<\/p>\n\n\n<\/div><\/div>\n\n\n\n<div class=\"wp-block-columns is-layout-flex wp-container-core-columns-is-layout-9d6595d7 wp-block-columns-is-layout-flex\">\n<div class=\"wp-block-column is-layout-flow wp-block-column-is-layout-flow\" style=\"flex-basis:100%\"><\/div>\n\n\n\n<div class=\"wp-block-column is-layout-flow wp-block-column-is-layout-flow\" style=\"flex-basis:33.33%\"><\/div>\n<\/div>\n\n\n\n<p><\/p>\n","protected":false},"excerpt":{"rendered":"<p>CAT\u00c1LOGO NUESTROS RECOMENDADOS Novela, cr\u00f3nica, fotograf\u00eda, autores imprescindibles y mucho m\u00e1s&#8230; NUESTRAS CATEGOR\u00cdAS PRINCIPALES NO TE POD\u00c9S PERDER<\/p>\n","protected":false},"author":1,"featured_media":0,"parent":0,"menu_order":0,"comment_status":"closed","ping_status":"closed","template":"","meta":{"_coblocks_attr":"","_coblocks_dimensions":"","_coblocks_responsive_height":"","_coblocks_accordion_ie_support":"","neve_meta_sidebar":"full-width","neve_meta_container":"","neve_meta_enable_content_width":"on","neve_meta_content_width":100,"neve_meta_title_alignment":"","neve_meta_author_avatar":"","neve_post_elements_order":"","neve_meta_disable_header":"off","neve_meta_disable_footer":"off","neve_meta_disable_title":"on","spay_email":"","footnotes":""},"class_list":["post-126","page","type-page","status-publish","hentry"],"_links":{"self":[{"href":"https:\/\/www.libertocitybell.com\/index.php?rest_route=\/wp\/v2\/pages\/126","targetHints":{"allow":["GET"]}}],"collection":[{"href":"https:\/\/www.libertocitybell.com\/index.php?rest_route=\/wp\/v2\/pages"}],"about":[{"href":"https:\/\/www.libertocitybell.com\/index.php?rest_route=\/wp\/v2\/types\/page"}],"author":[{"embeddable":true,"href":"https:\/\/www.libertocitybell.com\/index.php?rest_route=\/wp\/v2\/users\/1"}],"replies":[{"embeddable":true,"href":"https:\/\/www.libertocitybell.com\/index.php?rest_route=%2Fwp%2Fv2%2Fcomments&post=126"}],"version-history":[{"count":61,"href":"https:\/\/www.libertocitybell.com\/index.php?rest_route=\/wp\/v2\/pages\/126\/revisions"}],"predecessor-version":[{"id":2131,"href":"https:\/\/www.libertocitybell.com\/index.php?rest_route=\/wp\/v2\/pages\/126\/revisions\/2131"}],"wp:attachment":[{"href":"https:\/\/www.libertocitybell.com\/index.php?rest_route=%2Fwp%2Fv2%2Fmedia&parent=126"}],"curies":[{"name":"wp","href":"https:\/\/api.w.org\/{rel}","templated":true}]}}